{"id":8692,"date":"2024-03-24T19:37:33","date_gmt":"2024-03-24T19:37:33","guid":{"rendered":"https:\/\/thetenerifechannel.com\/excursions\/non%20class\u00e9\/experience-de-peche-4-heures\/"},"modified":"2026-03-09T13:57:58","modified_gmt":"2026-03-09T13:57:58","slug":"experience-de-peche-4-heures","status":"publish","type":"product","link":"https:\/\/thetenerifechannel.com\/fr\/excursions\/experience-de-peche-4-heures\/","title":{"rendered":"Exp\u00e9rience de p\u00eache &#8211; 4 heures"},"content":{"rendered":"<p>Participez \u00e0 une aventure de charter partag\u00e9e, enti\u00e8rement \u00e9quip\u00e9e pour un grand voyage de p\u00eache. Vous aurez la possibilit\u00e9 d&#8217;attraper des barracudas, des vivaneaux et d&#8217;autres esp\u00e8ces \u00e0 l&#8217;aide de cannes \u00e0 p\u00eache l\u00e9g\u00e8res et d&#8217;app\u00e2ts. En outre, vous p\u00eacherez \u00e0 la tra\u00eene le marlin, le mahi mahi, le thon, le wahoo et bien d&#8217;autres choses encore le long de la c\u00f4te de T\u00e9n\u00e9riffe.  <\/p>\n<p>L&#8217;\u00e9quipe vous fournira une introduction d\u00e9taill\u00e9e, couvrant toutes les techniques de p\u00eache et les connaissances dont vous aurez besoin pour devenir un p\u00eacheur chevronn\u00e9. Ils vous guideront tout au long de l&#8217;excursion, vous n&#8217;aurez donc pas \u00e0 vous soucier de votre niveau d&#8217;exp\u00e9rience. <\/p>\n<p>Les charters partent \u00e0 09h00 et \u00e0 14h00, offrant ainsi deux occasions par jour de d\u00e9couvrir les joies et les sensations de la p\u00eache. L&#8217;objectif principal est de vous aider \u00e0 comprendre la magie et la passion de la p\u00eache, mais il y a aussi des merveilles et toute une exp\u00e9rience de vie qui vous attendent sur la c\u00f4te sud et ouest de T\u00e9n\u00e9riffe. <\/p>\n<p>Pour couronner votre aventure, vous pouvez ramener jusqu&#8217;\u00e0 5 kg de votre prise \u00e0 la maison, ce qui est parfait pour un barbecue de c\u00e9l\u00e9bration !<br \/>\n*Des toilettes et des chaises longues sont \u00e0 la disposition des spectateurs.<\/p>\n<p><strong>Inclus :<\/strong><\/p>\n<ul>\n<li>Tout le mat\u00e9riel de p\u00eache<\/li>\n<li>Permis de p\u00eache<\/li>\n<li>Boissons (eau, bi\u00e8re et rafra\u00eechissements).<\/li>\n<\/ul>\n<p><strong>Non inclus :<\/strong><\/p>\n<ul>\n<li>Transport<\/li>\n<li>Nourriture*un seul spectateur par p\u00eacheur<\/li>\n<\/ul>\n","protected":false},"excerpt":{"rendered":"<p>Devenez p\u00eacheur et explorez les riches zones de p\u00eache le long du littoral de T\u00e9n\u00e9riffe lors d&#8217;une sortie de p\u00eache de 4 heures avec le meilleur \u00e9quipement et un \u00e9quipage exp\u00e9riment\u00e9.<\/p>\n","protected":false},"featured_media":7593,"template":"","meta":{"_acf_changed":false,"_joinchat":[]},"product_brand":[],"product_cat":[204,169],"product_tag":[],"class_list":{"0":"post-8692","1":"product","2":"type-product","3":"status-publish","4":"has-post-thumbnail","6":"product_cat-peche-a-tenerife","7":"product_cat-sports-nautiques-tenerife","8":"pa_depart-from-sud-de-lile","10":"first","11":"instock","12":"virtual","13":"sold-individually","14":"purchasable","15":"product-type-booking"},"acf":[],"_links":{"self":[{"href":"https:\/\/thetenerifechannel.com\/fr\/wp-json\/wp\/v2\/product\/8692","targetHints":{"allow":["GET"]}}],"collection":[{"href":"https:\/\/thetenerifechannel.com\/fr\/wp-json\/wp\/v2\/product"}],"about":[{"href":"https:\/\/thetenerifechannel.com\/fr\/wp-json\/wp\/v2\/types\/product"}],"wp:featuredmedia":[{"embeddable":true,"href":"https:\/\/thetenerifechannel.com\/fr\/wp-json\/wp\/v2\/media\/7593"}],"wp:attachment":[{"href":"https:\/\/thetenerifechannel.com\/fr\/wp-json\/wp\/v2\/media?parent=8692"}],"wp:term":[{"taxonomy":"product_brand","embeddable":true,"href":"https:\/\/thetenerifechannel.com\/fr\/wp-json\/wp\/v2\/product_brand?post=8692"},{"taxonomy":"product_cat","embeddable":true,"href":"https:\/\/thetenerifechannel.com\/fr\/wp-json\/wp\/v2\/product_cat?post=8692"},{"taxonomy":"product_tag","embeddable":true,"href":"https:\/\/thetenerifechannel.com\/fr\/wp-json\/wp\/v2\/product_tag?post=8692"}],"curies":[{"name":"wp","href":"https:\/\/api.w.org\/{rel}","templated":true}]}}