{"id":9158,"date":"2024-06-17T14:24:16","date_gmt":"2024-06-17T14:24:16","guid":{"rendered":"https:\/\/thetenerifechannel.com\/excursions\/non%20class\u00e9\/flipper-uno\/"},"modified":"2026-03-09T13:57:47","modified_gmt":"2026-03-09T13:57:47","slug":"flipper-uno","status":"publish","type":"product","link":"https:\/\/thetenerifechannel.com\/fr\/excursions\/flipper-uno\/","title":{"rendered":"Flipper Uno &#8211; 3 heures"},"content":{"rendered":"<p>D\u00e9part du port de Los Gigantes pour partir \u00e0 la recherche de dauphins ou de baleines, en s&#8217;assurant d&#8217;en apercevoir au moins un, si les conditions m\u00e9t\u00e9orologiques et maritimes le permettent.<\/p>\n<p>Apr\u00e8s avoir observ\u00e9 ces magnifiques animaux dans leur habitat naturel, nous naviguons pr\u00e8s des majestueuses falaises de Masca et de Los Gigantes, parmi les plus hautes du monde, s&#8217;\u00e9levant \u00e0 pr\u00e8s de 600 m\u00e8tres. Nous jetons ensuite l&#8217;ancre dans une baie o\u00f9 vous pouvez plonger pour nager, soit par une \u00e9chelle, soit, plus excitant, par une tyrolienne.<br \/>\nApr\u00e8s cela, nous servons un d\u00e9jeuner et tout au long de l&#8217;excursion, des boissons telles que du vin rouge, de la bi\u00e8re, des boissons non alcoolis\u00e9es et de l&#8217;eau sont disponibles gratuitement.<br \/>\nUn guide multilingue vous donnera des informations tout au long du voyage.<br \/>\nNotre voyage en voilier se termine \u00e0 l&#8217;embarcad\u00e8re de Los Gigantes. N&#8217;oubliez pas d&#8217;apporter votre appareil photo, votre maillot de bain et votre bonne humeur.  <\/p>\n<p><strong>INCLUS :<\/strong><\/p>\n<ul>\n<li>Guide sp\u00e9cialis\u00e9<\/li>\n<li>D\u00e9jeuner et boissons<\/li>\n<li>Arr\u00eat de natation<\/li>\n<\/ul>\n<p><strong>NON COMPRIS :<\/strong><\/p>\n<ul>\n<li>Transport<\/li>\n<\/ul>\n","protected":false},"excerpt":{"rendered":"<p><span>Partez de Los Gigantes pour aller observer les baleines ou les dauphins \u00e0 bord de ce bateau pirate unique en son genre !<br \/>\nProfitez d&#8217;une baignade dans la baie et d&#8217;un d\u00e9jeuner pour admirer les magnifiques falaises de Los Gigantes.<\/span><\/p>\n","protected":false},"featured_media":9142,"template":"","meta":{"_acf_changed":false,"_joinchat":[]},"product_brand":[],"product_cat":[145],"product_tag":[],"class_list":{"0":"post-9158","1":"product","2":"type-product","3":"status-publish","4":"has-post-thumbnail","6":"product_cat-observation-des-baleines-a-tenerife","7":"pa_depart-from-sud-de-lile","9":"first","10":"instock","11":"virtual","12":"sold-individually","13":"purchasable","14":"product-type-booking"},"acf":[],"_links":{"self":[{"href":"https:\/\/thetenerifechannel.com\/fr\/wp-json\/wp\/v2\/product\/9158","targetHints":{"allow":["GET"]}}],"collection":[{"href":"https:\/\/thetenerifechannel.com\/fr\/wp-json\/wp\/v2\/product"}],"about":[{"href":"https:\/\/thetenerifechannel.com\/fr\/wp-json\/wp\/v2\/types\/product"}],"wp:featuredmedia":[{"embeddable":true,"href":"https:\/\/thetenerifechannel.com\/fr\/wp-json\/wp\/v2\/media\/9142"}],"wp:attachment":[{"href":"https:\/\/thetenerifechannel.com\/fr\/wp-json\/wp\/v2\/media?parent=9158"}],"wp:term":[{"taxonomy":"product_brand","embeddable":true,"href":"https:\/\/thetenerifechannel.com\/fr\/wp-json\/wp\/v2\/product_brand?post=9158"},{"taxonomy":"product_cat","embeddable":true,"href":"https:\/\/thetenerifechannel.com\/fr\/wp-json\/wp\/v2\/product_cat?post=9158"},{"taxonomy":"product_tag","embeddable":true,"href":"https:\/\/thetenerifechannel.com\/fr\/wp-json\/wp\/v2\/product_tag?post=9158"}],"curies":[{"name":"wp","href":"https:\/\/api.w.org\/{rel}","templated":true}]}}