{"id":92022,"date":"2025-08-20T06:43:11","date_gmt":"2025-08-20T06:43:11","guid":{"rendered":"https:\/\/thetenerifechannel.com\/excursions\/kayak-et-plongee-en-apnee-2\/"},"modified":"2025-08-20T06:43:11","modified_gmt":"2025-08-20T06:43:11","slug":"kayak-et-plongee-en-apnee-2","status":"publish","type":"product","link":"https:\/\/thetenerifechannel.com\/fr\/excursions\/kayak-et-plongee-en-apnee-2\/","title":{"rendered":"Kayak et plong\u00e9e en apn\u00e9e"},"content":{"rendered":"<p data-start=\"146\" data-end=\"412\"><span>Profitez d&#8217;une aventure en kayak de 2,5 heures, en partant directement du sable apr\u00e8s un rapide briefing sur la s\u00e9curit\u00e9. Nous pagayerons le long de la c\u00f4te en direction de la ferme aquacole au large, un point n\u00e9vralgique o\u00f9 l&#8217;on peut souvent observer des tortues, des bancs de poissons et des oiseaux de mer. Avant de faire demi-tour, nous nous glisserons dans la grotte marine d&#8217;El Palmar pour admirer de plus pr\u00e8s cet endroit saisissant. \u00c0 mi-chemin, nous jetterons l&#8217;ancre pour une s\u00e9ance d\u00e9tendue de plong\u00e9e en apn\u00e9e dans l&#8217;eau claire &#8211; masque et tuba inclus &#8211; avec l&#8217;option de     <\/span>ajouter un scooter des mers<span>  pour vous permettre de glisser sans effort et d&#8217;explorer plus en moins de temps. C&#8217;est une route pittoresque qui offre de nombreux moments de photo. <\/span><\/p>\n<p>*Comprend le masque et le tuba, les tubes, les pagaies et les gilets de sauvetage. Le magasin dispose d&#8217;un vestiaire, de casiers de rangement et d&#8217;une salle de bain.<br \/>\n*Exigences : pas de probl\u00e8mes cardiaques, pas de grossesse, pas de crises d&#8217;\u00e9pilepsie ou de narcolepsie. Vous devez savoir nager et ne pas peser plus de 110 kg pour la plong\u00e9e en apn\u00e9e. Deux personnes ne peuvent pas peser plus de 180 kg par kayak double.<br \/>\n*Des scooters sont disponibles moyennant un suppl\u00e9ment.<\/p>\n","protected":false},"excerpt":{"rendered":"<p><span>Profitez d&#8217;une belle aventure en kayak, explorez la grotte marine d&#8217;El Palmar et arr\u00eatez-vous pour faire de la plong\u00e9e avec masque et tuba.<\/span><\/p>\n","protected":false},"featured_media":74983,"template":"","meta":{"_acf_changed":false,"_joinchat":[]},"product_brand":[],"product_cat":[274,169],"product_tag":[],"class_list":{"0":"post-92022","1":"product","2":"type-product","3":"status-publish","4":"has-post-thumbnail","6":"product_cat-aventure-dans-la-nature","7":"product_cat-sports-nautiques-tenerife","9":"first","10":"instock","11":"virtual","12":"sold-individually","13":"purchasable","14":"product-type-booking"},"acf":[],"_links":{"self":[{"href":"https:\/\/thetenerifechannel.com\/fr\/wp-json\/wp\/v2\/product\/92022","targetHints":{"allow":["GET"]}}],"collection":[{"href":"https:\/\/thetenerifechannel.com\/fr\/wp-json\/wp\/v2\/product"}],"about":[{"href":"https:\/\/thetenerifechannel.com\/fr\/wp-json\/wp\/v2\/types\/product"}],"wp:featuredmedia":[{"embeddable":true,"href":"https:\/\/thetenerifechannel.com\/fr\/wp-json\/wp\/v2\/media\/74983"}],"wp:attachment":[{"href":"https:\/\/thetenerifechannel.com\/fr\/wp-json\/wp\/v2\/media?parent=92022"}],"wp:term":[{"taxonomy":"product_brand","embeddable":true,"href":"https:\/\/thetenerifechannel.com\/fr\/wp-json\/wp\/v2\/product_brand?post=92022"},{"taxonomy":"product_cat","embeddable":true,"href":"https:\/\/thetenerifechannel.com\/fr\/wp-json\/wp\/v2\/product_cat?post=92022"},{"taxonomy":"product_tag","embeddable":true,"href":"https:\/\/thetenerifechannel.com\/fr\/wp-json\/wp\/v2\/product_tag?post=92022"}],"curies":[{"name":"wp","href":"https:\/\/api.w.org\/{rel}","templated":true}]}}