{"id":9491,"date":"2024-07-03T08:58:47","date_gmt":"2024-07-03T08:58:47","guid":{"rendered":"https:\/\/thetenerifechannel.com\/?post_type=product&#038;p=9491"},"modified":"2026-03-09T13:57:40","modified_gmt":"2026-03-09T13:57:40","slug":"siam-night","status":"publish","type":"product","link":"https:\/\/thetenerifechannel.com\/fr\/excursions\/siam-night\/","title":{"rendered":"Siam Night"},"content":{"rendered":"<section class=\"l-section wpb_row height_huge\"><div class=\"l-section-h i-cf\"><div class=\"g-cols vc_row via_grid cols_1 laptops-cols_inherit tablets-cols_inherit mobiles-cols_1 valign_top type_default stacking_default\"><div class=\"wpb_column vc_column_container\"><div class=\"vc_column-inner\"><div class=\"wpb_text_column\"><div class=\"wpb_wrapper\"><p data-start=\"116\" data-end=\"375\">Vivez des sensations fortes \u00e0 Siam Park, un parc aquatique tropical unique en son genre. Profitez de la musique d&#8217;un DJ, des lumi\u00e8res vibrantes, des lasers dans la brume, des effets de feu et des ombres ludiques. Glissez sur des toboggans aquatiques tortueux, flottez le long de la rivi\u00e8re paresseuse et d\u00e9tendez-vous sur la plage de sable.  <\/p>\n<p data-start=\"116\" data-end=\"375\">En juillet et en ao\u00fbt, Siam Night transforme le parc en un monde magique d&#8217;excitation et d&#8217;amusement, avec la piscine \u00e0 vagues qui s&#8217;\u00e9crase et la rivi\u00e8re paresseuse qui r\u00e9v\u00e8le ses secrets.<\/p>\n<p>Ouvert de 20 heures \u00e0 00 heures<\/p>\n<p>Ne manquez pas cette exp\u00e9rience inoubliable !<\/p>\n<p><strong>Inclus :<\/strong><\/p>\n<ul>\n<li>Billet d&#8217;entr\u00e9e QR.<\/li>\n<li>Bus gratuit avec prise en charge \u00e0 Los Cristianos, Las Americas et Costa Adeje.<\/li>\n<\/ul>\n<p>*Du mardi au samedi en juillet et ao\u00fbt, de 20h00 \u00e0 12h00.<br \/>\n*Les moins de 16 ans doivent \u00eatre accompagn\u00e9s d&#8217;un adulte.<\/p>\n<\/div><\/div><\/div><\/div><\/div><\/div><\/section>\n","protected":false},"excerpt":{"rendered":"<p><span>D\u00e9couvrez la magie du parc Siam \u00e0 la nuit tomb\u00e9e avec Siam Night. Le parc aquatique le mieux class\u00e9 au monde se transforme en paradis nocturne. Profitez de la musique des DJ, des lumi\u00e8res \u00e9blouissantes, des spectacles laser et des attractions aquatiques \u00e0 sensations fortes sous les \u00e9toiles.  <\/span><\/p>\n","protected":false},"featured_media":9541,"template":"","meta":{"_acf_changed":false,"_joinchat":[]},"product_brand":[],"product_cat":[159,160],"product_tag":[],"class_list":{"0":"post-9491","1":"product","2":"type-product","3":"status-publish","4":"has-post-thumbnail","6":"product_cat-parcs-a-theme-tenerife","7":"product_cat-siam-park-tenerife-fr","8":"pa_depart-from-nord-de-lile","9":"pa_depart-from-sud-de-lile","11":"first","12":"instock","13":"virtual","14":"sold-individually","15":"purchasable","16":"product-type-booking"},"acf":[],"_links":{"self":[{"href":"https:\/\/thetenerifechannel.com\/fr\/wp-json\/wp\/v2\/product\/9491","targetHints":{"allow":["GET"]}}],"collection":[{"href":"https:\/\/thetenerifechannel.com\/fr\/wp-json\/wp\/v2\/product"}],"about":[{"href":"https:\/\/thetenerifechannel.com\/fr\/wp-json\/wp\/v2\/types\/product"}],"wp:featuredmedia":[{"embeddable":true,"href":"https:\/\/thetenerifechannel.com\/fr\/wp-json\/wp\/v2\/media\/9541"}],"wp:attachment":[{"href":"https:\/\/thetenerifechannel.com\/fr\/wp-json\/wp\/v2\/media?parent=9491"}],"wp:term":[{"taxonomy":"product_brand","embeddable":true,"href":"https:\/\/thetenerifechannel.com\/fr\/wp-json\/wp\/v2\/product_brand?post=9491"},{"taxonomy":"product_cat","embeddable":true,"href":"https:\/\/thetenerifechannel.com\/fr\/wp-json\/wp\/v2\/product_cat?post=9491"},{"taxonomy":"product_tag","embeddable":true,"href":"https:\/\/thetenerifechannel.com\/fr\/wp-json\/wp\/v2\/product_tag?post=9491"}],"curies":[{"name":"wp","href":"https:\/\/api.w.org\/{rel}","templated":true}]}}