{"id":95201,"date":"2025-12-19T11:01:52","date_gmt":"2025-12-19T11:01:52","guid":{"rendered":"https:\/\/thetenerifechannel.com\/?post_type=product&#038;p=95201"},"modified":"2026-04-01T08:50:49","modified_gmt":"2026-04-01T08:50:49","slug":"jetcar-copy","status":"publish","type":"product","link":"https:\/\/thetenerifechannel.com\/fr\/excursions\/jetcar-copy\/","title":{"rendered":"Fiat 500 Offshore"},"content":{"rendered":"<p data-start=\"145\" data-end=\"300\"><strong>D\u00e9couvrez l&#8217;ultime aventure aquatique \u00e0 Tenerife !<\/strong><br data-start=\"199\" data-end=\"202\">Montez \u00e0 bord et choisissez entre 40 minutes, 1 heure ou 2 heures de pur plaisir en mer.<\/p>\n<p data-start=\"302\" data-end=\"616\">Ce bateau \u00e0 moteur exceptionnel peut accueillir jusqu&#8217;\u00e0 4 passagers et vous prenez la barre, devenant ainsi le capitaine de votre propre Fiat 500 sur l&#8217;eau. D\u00e8s que vous monterez \u00e0 bord, vous appr\u00e9cierez la libert\u00e9 de naviguer seul et vous ressentirez l&#8217;adr\u00e9naline en glissant sur les vagues dans ce bateau vraiment unique. <\/p>\n<p data-start=\"618\" data-end=\"778\">Avec seulement 50 bateaux Fiat 500 de ce type dans le monde, et 3 situ\u00e9s ici m\u00eame \u00e0 Tenerife, il s&#8217;agit d&#8217;une opportunit\u00e9 rare et exclusive \u00e0 ne pas manquer !<\/p>\n<p data-start=\"780\" data-end=\"845\">R\u00e9servez votre exp\u00e9rience d\u00e8s aujourd&#8217;hui et profitez d&#8217;une libert\u00e9 totale en mer.<\/p>\n<ul>\n<li>Conducteur : 18 ans minimum (permis de conduire non requis)<\/li>\n<li>Point de rencontre : Puerto Colon, Costa Adeje<\/li>\n<\/ul>\n","protected":false},"excerpt":{"rendered":"<p>Ressentez l&#8217;excitation de la haute mer avec la Fiat 500 Offshore ! Prenez le volant de votre Fiat 500 et surfez sur les vagues en toute libert\u00e9 sur l&#8217;eau. <\/p>\n","protected":false},"featured_media":97148,"template":"","meta":{"_acf_changed":false,"_joinchat":[]},"product_brand":[],"product_cat":[169],"product_tag":[],"class_list":{"0":"post-95201","1":"product","2":"type-product","3":"status-publish","4":"has-post-thumbnail","6":"product_cat-sports-nautiques-tenerife","8":"first","9":"instock","10":"virtual","11":"sold-individually","12":"purchasable","13":"product-type-booking"},"acf":[],"_links":{"self":[{"href":"https:\/\/thetenerifechannel.com\/fr\/wp-json\/wp\/v2\/product\/95201","targetHints":{"allow":["GET"]}}],"collection":[{"href":"https:\/\/thetenerifechannel.com\/fr\/wp-json\/wp\/v2\/product"}],"about":[{"href":"https:\/\/thetenerifechannel.com\/fr\/wp-json\/wp\/v2\/types\/product"}],"wp:featuredmedia":[{"embeddable":true,"href":"https:\/\/thetenerifechannel.com\/fr\/wp-json\/wp\/v2\/media\/97148"}],"wp:attachment":[{"href":"https:\/\/thetenerifechannel.com\/fr\/wp-json\/wp\/v2\/media?parent=95201"}],"wp:term":[{"taxonomy":"product_brand","embeddable":true,"href":"https:\/\/thetenerifechannel.com\/fr\/wp-json\/wp\/v2\/product_brand?post=95201"},{"taxonomy":"product_cat","embeddable":true,"href":"https:\/\/thetenerifechannel.com\/fr\/wp-json\/wp\/v2\/product_cat?post=95201"},{"taxonomy":"product_tag","embeddable":true,"href":"https:\/\/thetenerifechannel.com\/fr\/wp-json\/wp\/v2\/product_tag?post=95201"}],"curies":[{"name":"wp","href":"https:\/\/api.w.org\/{rel}","templated":true}]}}