{"id":95735,"date":"2025-12-24T10:41:23","date_gmt":"2025-12-24T10:41:23","guid":{"rendered":"https:\/\/thetenerifechannel.com\/?post_type=product&#038;p=95735"},"modified":"2026-03-19T12:01:17","modified_gmt":"2026-03-19T12:01:17","slug":"parapente-en-tandem-vol-a-la-base-du-teide-copy","status":"publish","type":"product","link":"https:\/\/thetenerifechannel.com\/fr\/excursions\/parapente-en-tandem-vol-a-la-base-du-teide-copy\/","title":{"rendered":"Tour en h\u00e9licopt\u00e8re"},"content":{"rendered":"<div class=\"flex-shrink-0 flex flex-col relative items-end\">\n<div class=\"pt-0.5\">\n<div class=\"page\" title=\"Page 1\">\n<div class=\"section\">\n<div class=\"layoutArea\">\n<div class=\"column\">\n<p>Osez emprunter l&#8217;une des routes panoramiques et vivez une aventure inoubliable en h\u00e9licopt\u00e8re ! Si vous avez toujours r\u00eav\u00e9 de voler et de d\u00e9couvrir de nouvelles exp\u00e9riences depuis le ciel, c&#8217;est votre chance.<br \/>\nExplorez les paysages \u00e9poustouflants de T\u00e9n\u00e9riffe et choisissez parmi une vari\u00e9t\u00e9 d&#8217;itin\u00e9raires, chacun offrant des vues uniques et des moments inoubliables. Vivez une aventure unique en h\u00e9licopt\u00e8re au-dessus de T\u00e9n\u00e9riffe !  <\/p>\n<p><span class=\"x19la9d6 x1fc57z9 x6ikm8r x10wlt62 x19co3pv x11tp94h xfibh0p xiy17q3 x1xsqp64 x1lkfr7t xexx8yu xyri2b x18d9i69 x1c1uobl\"><span class=\"xrtxmta x1bhl96m\">\ud83d\udccd<\/span><\/span>Point de rencontre dans la r\u00e9gion d&#8217;Adeje.<\/p>\n<p>&nbsp;<\/p>\n<p><strong>5 ITIN\u00c9RAIRES DIFF\u00c9RENTS :<\/strong><\/p>\n<p><strong>C\u00f4te sud (20km &#8211; 7 min) :<\/strong> 1. La Caleta \/ 2. Plage de Las Am\u00e9ricas \/ 3. Plage de Los Cristianos \/ 4. Retour par la c\u00f4te   <\/p>\n<p><strong>Plages et ravins (30 km &#8211; 10 min) : <\/strong>1. La Caleta \/ 2. plage de Las Am\u00e9ricas \/ 3. plage de Los Cristianos \/ 4. parcs aquatiques \/ 5. Roque del Conde \/ 6. Barranco del Infierno \/ 7. Taucho \/ 8. El Puertito       <\/p>\n<p><strong>Falaises des G\u00e9ants (50km &#8211; 18 min) : <\/strong>1. Golf Costa Adeje \/ 2. La Caleta \/ 3. Plage de San Juan \/ 4. Alcal\u00e1 \/ 5. Puerto de Santiago \/ 6. Tamaimo \/ 7. Santiago del Teide \/ 8. Vue sur le mont Teide \/ 9. retour par la c\u00f4te        <\/p>\n<p><strong>\u00cele basse (85 km &#8211; 25 min) : <\/strong>1. Golf Costa Adeje \/ 2. La Caleta \/ 3. Plage de San Juan \/ 4. Alcal\u00e1 \/5. Puerto de Santiago \/ 6. Santiago del Teide \/ 7. Teno \/ 8. Buenavista del Norte \/ 9. Garachico \/ 10. Retour par Corona Forestal \/ 11. Tamaimo \/ 12. Tejina           <\/p>\n<p><strong>Gran Teide Luxury (120km &#8211; 40 min) : <\/strong>1. Golf Costa Adeje \/ 2. La Caleta \/ 3. Plage de San Juan \/ 4. Alcal\u00e1 \/5. Puerto de Santiago \/ 6. Santiago del Teide \/ 7. Buenavista del Norte \/ 8. Garachico \/ 9. La Orotava \/ 10. G\u00fc\u00edmar \/ 11. Retour par Corona Forestal \/ 12. Vilaflor           <\/p>\n<p>&nbsp;<\/p>\n<\/div>\n<p><strong>Non inclus :<\/strong><\/p>\n<\/div>\n<ul style=\"list-style-type: disc;\">\n<li>Transport<\/li>\n<li>Photos et vid\u00e9os<\/li>\n<\/ul>\n<\/div>\n<\/div>\n<\/div>\n<\/div>\n","protected":false},"excerpt":{"rendered":"<p>D\u00e9couvrez le ciel \u00e0 T\u00e9n\u00e9rife !<br data-start=\"36\" data-end=\"39\">Profitez des vols panoramiques en h\u00e9licopt\u00e8re et d\u00e9couvrez les paysages \u00e9poustouflants de l&#8217;\u00eele depuis le ciel.<\/p>\n","protected":false},"featured_media":97054,"template":"","meta":{"_acf_changed":false,"_joinchat":[]},"product_brand":[],"product_cat":[274,152,179],"product_tag":[],"class_list":{"0":"post-95735","1":"product","2":"type-product","3":"status-publish","4":"has-post-thumbnail","6":"product_cat-aventure-dans-la-nature","7":"product_cat-circuits-ile-bus-tenerife","8":"product_cat-sans-categorie","9":"pa_depart-from-sud-de-lile","11":"first","12":"instock","13":"virtual","14":"sold-individually","15":"purchasable","16":"product-type-booking"},"acf":[],"_links":{"self":[{"href":"https:\/\/thetenerifechannel.com\/fr\/wp-json\/wp\/v2\/product\/95735","targetHints":{"allow":["GET"]}}],"collection":[{"href":"https:\/\/thetenerifechannel.com\/fr\/wp-json\/wp\/v2\/product"}],"about":[{"href":"https:\/\/thetenerifechannel.com\/fr\/wp-json\/wp\/v2\/types\/product"}],"wp:featuredmedia":[{"embeddable":true,"href":"https:\/\/thetenerifechannel.com\/fr\/wp-json\/wp\/v2\/media\/97054"}],"wp:attachment":[{"href":"https:\/\/thetenerifechannel.com\/fr\/wp-json\/wp\/v2\/media?parent=95735"}],"wp:term":[{"taxonomy":"product_brand","embeddable":true,"href":"https:\/\/thetenerifechannel.com\/fr\/wp-json\/wp\/v2\/product_brand?post=95735"},{"taxonomy":"product_cat","embeddable":true,"href":"https:\/\/thetenerifechannel.com\/fr\/wp-json\/wp\/v2\/product_cat?post=95735"},{"taxonomy":"product_tag","embeddable":true,"href":"https:\/\/thetenerifechannel.com\/fr\/wp-json\/wp\/v2\/product_tag?post=95735"}],"curies":[{"name":"wp","href":"https:\/\/api.w.org\/{rel}","templated":true}]}}