{"id":9717,"date":"2024-07-19T13:06:38","date_gmt":"2024-07-19T13:06:38","guid":{"rendered":"https:\/\/thetenerifechannel.com\/?post_type=product&#038;p=9717"},"modified":"2026-03-09T13:57:12","modified_gmt":"2026-03-09T13:57:12","slug":"parapente-en-tandem-vol-recommande-copy","status":"publish","type":"product","link":"https:\/\/thetenerifechannel.com\/fr\/excursions\/parapente-en-tandem-vol-recommande-copy\/","title":{"rendered":"Parapente en tandem &#8211; Vol de performance"},"content":{"rendered":"<div class=\"flex-shrink-0 flex flex-col relative items-end\">\n<div class=\"pt-0.5\">\n<p>Ce vol offre les sensations et les exp\u00e9riences les plus excitantes. Volez haut, prenez des thermiques, contr\u00f4lez le planeur et bien plus encore.<br \/>\nLe vol dure g\u00e9n\u00e9ralement entre 25 et 30 minutes, en fonction des conditions m\u00e9t\u00e9orologiques du jour. <\/p>\n<ul>\n<li>25-30 minutes de vol.<\/li>\n<li>700-1300m d&#8217;altitude.<\/li>\n<\/ul>\n<\/div>\n<\/div>\n","protected":false},"excerpt":{"rendered":"<p>Ce vol offre les sensations et les exp\u00e9riences les plus excitantes. Volez haut, prenez des thermiques, contr\u00f4lez le planeur et bien plus encore. <\/p>\n","protected":false},"featured_media":3849,"template":"","meta":{"_acf_changed":false,"_joinchat":[]},"product_brand":[],"product_cat":[162],"product_tag":[],"class_list":{"0":"post-9717","1":"product","2":"type-product","3":"status-publish","4":"has-post-thumbnail","6":"product_cat-parapente-tenerife","7":"pa_depart-from-sud-de-lile","9":"first","10":"instock","11":"virtual","12":"sold-individually","13":"purchasable","14":"product-type-booking"},"acf":[],"_links":{"self":[{"href":"https:\/\/thetenerifechannel.com\/fr\/wp-json\/wp\/v2\/product\/9717","targetHints":{"allow":["GET"]}}],"collection":[{"href":"https:\/\/thetenerifechannel.com\/fr\/wp-json\/wp\/v2\/product"}],"about":[{"href":"https:\/\/thetenerifechannel.com\/fr\/wp-json\/wp\/v2\/types\/product"}],"wp:featuredmedia":[{"embeddable":true,"href":"https:\/\/thetenerifechannel.com\/fr\/wp-json\/wp\/v2\/media\/3849"}],"wp:attachment":[{"href":"https:\/\/thetenerifechannel.com\/fr\/wp-json\/wp\/v2\/media?parent=9717"}],"wp:term":[{"taxonomy":"product_brand","embeddable":true,"href":"https:\/\/thetenerifechannel.com\/fr\/wp-json\/wp\/v2\/product_brand?post=9717"},{"taxonomy":"product_cat","embeddable":true,"href":"https:\/\/thetenerifechannel.com\/fr\/wp-json\/wp\/v2\/product_cat?post=9717"},{"taxonomy":"product_tag","embeddable":true,"href":"https:\/\/thetenerifechannel.com\/fr\/wp-json\/wp\/v2\/product_tag?post=9717"}],"curies":[{"name":"wp","href":"https:\/\/api.w.org\/{rel}","templated":true}]}}