{"id":9727,"date":"2024-07-19T13:23:18","date_gmt":"2024-07-19T13:23:18","guid":{"rendered":"https:\/\/thetenerifechannel.com\/?post_type=product&#038;p=9727"},"modified":"2026-03-09T13:57:02","modified_gmt":"2026-03-09T13:57:02","slug":"parapente-en-tandem-vol-recommande-copy-copy","status":"publish","type":"product","link":"https:\/\/thetenerifechannel.com\/fr\/excursions\/parapente-en-tandem-vol-recommande-copy-copy\/","title":{"rendered":"Parapente en tandem &#8211; Vol \u00e0 la base du Teide"},"content":{"rendered":"<div class=\"flex-shrink-0 flex flex-col relative items-end\">\n<div class=\"pt-0.5\">\n<div class=\"page\" title=\"Page 1\">\n<div class=\"section\">\n<div class=\"layoutArea\">\n<div class=\"column\">\n<p><span>D\u00e9couvrez Tenerife d&#8217;un point de vue \u00e9poustouflant. D\u00e9collez d&#8217;une altitude impressionnante de 2250 m\u00e8tres et profitez d&#8217;un voyage de 35 minutes au-dessus des paysages du nord de l&#8217;\u00eele. Planez au-dessus des nuages et admirez les vues panoramiques du mont Teide et du terrain environnant. Votre vol se termine par un atterrissage en douceur sur la plage, offrant un m\u00e9lange unique de paysages montagneux et c\u00f4tiers tout au long de l&#8217;aventure.    <\/span><\/p>\n<\/div>\n<\/div>\n<\/div>\n<\/div>\n<ul>\n<li>35 minutes de vol.<\/li>\n<li>2250m d&#8217;altitude.<\/li>\n<\/ul>\n<\/div>\n<\/div>\n","protected":false},"excerpt":{"rendered":"<div class=\"page\" title=\"Page 1\">\n<div class=\"section\">\n<div class=\"layoutArea\">\n<div class=\"column\">\n<p>Il s&#8217;agit du vol l\u00e9gendaire au d\u00e9part de Tenerife. D\u00e9collage \u00e0 2250 m\u00e8tres d&#8217;altitude avec des vues \u00e9poustouflantes du nord de l&#8217;\u00eele.<br \/>\nEnvolez-vous au-dessus des nuages avec des vues du volcan Teide, voyagez \u00e0 travers ce paysage \u00e9tonnant et atterrissez sur la plage de Puerto de la Cruz. <\/p>\n<\/div>\n<\/div>\n<\/div>\n<\/div>\n","protected":false},"featured_media":9733,"template":"","meta":{"_acf_changed":false,"_joinchat":[]},"product_brand":[],"product_cat":[162],"product_tag":[],"class_list":{"0":"post-9727","1":"product","2":"type-product","3":"status-publish","4":"has-post-thumbnail","6":"product_cat-parapente-tenerife","7":"pa_depart-from-sud-de-lile","9":"first","10":"instock","11":"virtual","12":"sold-individually","13":"purchasable","14":"product-type-booking"},"acf":[],"_links":{"self":[{"href":"https:\/\/thetenerifechannel.com\/fr\/wp-json\/wp\/v2\/product\/9727","targetHints":{"allow":["GET"]}}],"collection":[{"href":"https:\/\/thetenerifechannel.com\/fr\/wp-json\/wp\/v2\/product"}],"about":[{"href":"https:\/\/thetenerifechannel.com\/fr\/wp-json\/wp\/v2\/types\/product"}],"wp:featuredmedia":[{"embeddable":true,"href":"https:\/\/thetenerifechannel.com\/fr\/wp-json\/wp\/v2\/media\/9733"}],"wp:attachment":[{"href":"https:\/\/thetenerifechannel.com\/fr\/wp-json\/wp\/v2\/media?parent=9727"}],"wp:term":[{"taxonomy":"product_brand","embeddable":true,"href":"https:\/\/thetenerifechannel.com\/fr\/wp-json\/wp\/v2\/product_brand?post=9727"},{"taxonomy":"product_cat","embeddable":true,"href":"https:\/\/thetenerifechannel.com\/fr\/wp-json\/wp\/v2\/product_cat?post=9727"},{"taxonomy":"product_tag","embeddable":true,"href":"https:\/\/thetenerifechannel.com\/fr\/wp-json\/wp\/v2\/product_tag?post=9727"}],"curies":[{"name":"wp","href":"https:\/\/api.w.org\/{rel}","templated":true}]}}