{"id":97945,"date":"2026-01-08T12:48:52","date_gmt":"2026-01-08T12:48:52","guid":{"rendered":"https:\/\/thetenerifechannel.com\/?post_type=product&#038;p=97945"},"modified":"2026-02-14T13:23:00","modified_gmt":"2026-02-14T13:23:00","slug":"parascending-copy","status":"publish","type":"product","link":"https:\/\/thetenerifechannel.com\/fr\/excursions\/parascending-copy\/","title":{"rendered":"P\u00eache \u00e0 la mouche"},"content":{"rendered":"<section class=\"l-section wpb_row height_huge\"><div class=\"l-section-h i-cf\"><div class=\"g-cols vc_row via_grid cols_1 laptops-cols_inherit tablets-cols_inherit mobiles-cols_1 valign_top type_default stacking_default\"><div class=\"wpb_column vc_column_container\"><div class=\"vc_column-inner\"><div class=\"wpb_text_column\"><div class=\"wpb_wrapper\"><p>Fly Fish est une aventure aquatique passionnante qui vous permet de vous \u00e9lever au-dessus de la mer \u00e0 l&#8217;aide de puissants jets d&#8217;eau. Cette exp\u00e9rience pleine d&#8217;adr\u00e9naline combine vitesse, \u00e9quilibre et libert\u00e9, offrant des vues \u00e0 couper le souffle et des sensations inoubliables. Cette activit\u00e9 est id\u00e9ale pour les amateurs d&#8217;aventure qui recherchent une fa\u00e7on amusante et unique de profiter de l&#8217;oc\u00e9an. L&#8217;activit\u00e9 dure 10 minutes.   <\/p>\n<p><strong>Inclus :<\/strong><\/p>\n<ul>\n<li>Rendez-vous sur la plage la plus proche de votre h\u00e9bergement.<\/li>\n<li>Billet \u00e9lectronique. Gilet de sauvetage (obligatoire)<\/li>\n<\/ul>\n<p><strong>Non inclus :<\/strong><\/p>\n<ul>\n<li>Transport<\/li>\n<li>Photo souvenir<\/li>\n<\/ul>\n<\/div><\/div><\/div><\/div><\/div><\/div><\/section>\n","protected":false},"excerpt":{"rendered":"<p>Pr\u00eat \u00e0 survoler l&#8217;oc\u00e9an ?<br \/>\nEmbarquez pour une aventure aquatique pleine d&#8217;adr\u00e9naline qui vous permet de planer au-dessus de l&#8217;oc\u00e9an \u00e0 l&#8217;aide de puissants jets d&#8217;eau pour une exp\u00e9rience unique et inoubliable.<\/p>\n","protected":false},"featured_media":97951,"template":"","meta":{"_acf_changed":false,"_joinchat":[]},"product_brand":[],"product_cat":[169],"product_tag":[],"class_list":{"0":"post-97945","1":"product","2":"type-product","3":"status-publish","4":"has-post-thumbnail","6":"product_cat-sports-nautiques-tenerife","7":"pa_depart-from-sud-de-lile","9":"first","10":"instock","11":"virtual","12":"sold-individually","13":"purchasable","14":"product-type-booking"},"acf":[],"_links":{"self":[{"href":"https:\/\/thetenerifechannel.com\/fr\/wp-json\/wp\/v2\/product\/97945","targetHints":{"allow":["GET"]}}],"collection":[{"href":"https:\/\/thetenerifechannel.com\/fr\/wp-json\/wp\/v2\/product"}],"about":[{"href":"https:\/\/thetenerifechannel.com\/fr\/wp-json\/wp\/v2\/types\/product"}],"wp:featuredmedia":[{"embeddable":true,"href":"https:\/\/thetenerifechannel.com\/fr\/wp-json\/wp\/v2\/media\/97951"}],"wp:attachment":[{"href":"https:\/\/thetenerifechannel.com\/fr\/wp-json\/wp\/v2\/media?parent=97945"}],"wp:term":[{"taxonomy":"product_brand","embeddable":true,"href":"https:\/\/thetenerifechannel.com\/fr\/wp-json\/wp\/v2\/product_brand?post=97945"},{"taxonomy":"product_cat","embeddable":true,"href":"https:\/\/thetenerifechannel.com\/fr\/wp-json\/wp\/v2\/product_cat?post=97945"},{"taxonomy":"product_tag","embeddable":true,"href":"https:\/\/thetenerifechannel.com\/fr\/wp-json\/wp\/v2\/product_tag?post=97945"}],"curies":[{"name":"wp","href":"https:\/\/api.w.org\/{rel}","templated":true}]}}