{"id":97987,"date":"2026-01-08T13:26:14","date_gmt":"2026-01-08T13:26:14","guid":{"rendered":"https:\/\/thetenerifechannel.com\/?post_type=product&#038;p=97987"},"modified":"2026-02-14T13:21:36","modified_gmt":"2026-02-14T13:21:36","slug":"peche-a-la-mouche-copy-2","status":"publish","type":"product","link":"https:\/\/thetenerifechannel.com\/fr\/excursions\/peche-a-la-mouche-copy-2\/","title":{"rendered":"Banana Boat"},"content":{"rendered":"<section class=\"l-section wpb_row height_huge\"><div class=\"l-section-h i-cf\"><div class=\"g-cols vc_row via_grid cols_1 laptops-cols_inherit tablets-cols_inherit mobiles-cols_1 valign_top type_default stacking_default\"><div class=\"wpb_column vc_column_container\"><div class=\"vc_column-inner\"><div class=\"wpb_text_column\"><div class=\"wpb_wrapper\"><p>Pr\u00e9parez-vous \u00e0 une promenade exaltante sur notre bateau-banane ! Ce sport nautique amusant est parfait pour les amis, les familles et tous ceux qui recherchent des sensations fortes sur l&#8217;eau. Montez sur le bateau gonflable en forme de banane, tenez-vous bien et laissez le hors-bord vous tirer sur les vagues. Ressentez le frisson des \u00e9claboussures dans l&#8217;eau, riez avec vos compagnons et cr\u00e9ez des souvenirs inoubliables. L&#8217;activit\u00e9 dure 10 minutes.    <\/p>\n<p><strong>Inclus :<\/strong><\/p>\n<ul>\n<li>Rendez-vous sur la plage la plus proche de votre h\u00e9bergement.<\/li>\n<li>Billet \u00e9lectronique. Gilet de sauvetage (obligatoire)<\/li>\n<\/ul>\n<p><strong>Non inclus :<\/strong><\/p>\n<ul>\n<li>Transport<\/li>\n<li>Photo souvenir<\/li>\n<\/ul>\n<\/div><\/div><\/div><\/div><\/div><\/div><\/section>\n","protected":false},"excerpt":{"rendered":"<p>Pr\u00e9parez-vous \u00e0 rire, \u00e0 vous \u00e9clabousser et \u00e0 vous amuser sans rel\u00e2che. Montez \u00e0 bord de notre bateau-banane et laissez l&#8217;aventure commencer !<\/p>\n","protected":false},"featured_media":97993,"template":"","meta":{"_acf_changed":false,"_joinchat":[]},"product_brand":[],"product_cat":[169],"product_tag":[],"class_list":{"0":"post-97987","1":"product","2":"type-product","3":"status-publish","4":"has-post-thumbnail","6":"product_cat-sports-nautiques-tenerife","7":"pa_depart-from-sud-de-lile","9":"first","10":"instock","11":"virtual","12":"sold-individually","13":"purchasable","14":"product-type-booking"},"acf":[],"_links":{"self":[{"href":"https:\/\/thetenerifechannel.com\/fr\/wp-json\/wp\/v2\/product\/97987","targetHints":{"allow":["GET"]}}],"collection":[{"href":"https:\/\/thetenerifechannel.com\/fr\/wp-json\/wp\/v2\/product"}],"about":[{"href":"https:\/\/thetenerifechannel.com\/fr\/wp-json\/wp\/v2\/types\/product"}],"wp:featuredmedia":[{"embeddable":true,"href":"https:\/\/thetenerifechannel.com\/fr\/wp-json\/wp\/v2\/media\/97993"}],"wp:attachment":[{"href":"https:\/\/thetenerifechannel.com\/fr\/wp-json\/wp\/v2\/media?parent=97987"}],"wp:term":[{"taxonomy":"product_brand","embeddable":true,"href":"https:\/\/thetenerifechannel.com\/fr\/wp-json\/wp\/v2\/product_brand?post=97987"},{"taxonomy":"product_cat","embeddable":true,"href":"https:\/\/thetenerifechannel.com\/fr\/wp-json\/wp\/v2\/product_cat?post=97987"},{"taxonomy":"product_tag","embeddable":true,"href":"https:\/\/thetenerifechannel.com\/fr\/wp-json\/wp\/v2\/product_tag?post=97987"}],"curies":[{"name":"wp","href":"https:\/\/api.w.org\/{rel}","templated":true}]}}