{"id":98636,"date":"2026-01-12T10:55:33","date_gmt":"2026-01-12T10:55:33","guid":{"rendered":"https:\/\/thetenerifechannel.com\/?post_type=product&#038;p=98636"},"modified":"2026-02-14T13:20:34","modified_gmt":"2026-02-14T13:20:34","slug":"peche-a-la-mouche-copy-3","status":"publish","type":"product","link":"https:\/\/thetenerifechannel.com\/fr\/excursions\/peche-a-la-mouche-copy-3\/","title":{"rendered":"Curseur"},"content":{"rendered":"<section class=\"l-section wpb_row height_huge\"><div class=\"l-section-h i-cf\"><div class=\"g-cols vc_row via_grid cols_1 laptops-cols_inherit tablets-cols_inherit mobiles-cols_1 valign_top type_default stacking_default\"><div class=\"wpb_column vc_column_container\"><div class=\"vc_column-inner\"><div class=\"wpb_text_column\"><div class=\"wpb_wrapper\"><p>Accrochez-vous bien et pr\u00e9parez-vous \u00e0 un voyage plein d&#8217;adr\u00e9naline sur un toboggan gonflable ! Tir\u00e9 sur les eaux scintillantes par un hors-bord, cette aventure palpitante est pleine de rebondissements, de sauts et d&#8217;\u00e9claboussures. Parfait pour les familles, les amis et tous ceux qui veulent s&#8217;amuser en mer. L&#8217;activit\u00e9 dure 10 minutes.   <\/p>\n<p><strong>Inclus :<\/strong><\/p>\n<ul>\n<li>Rendez-vous sur la plage la plus proche de votre h\u00e9bergement.<\/li>\n<li>Billet \u00e9lectronique. Gilet de sauvetage (obligatoire)<\/li>\n<\/ul>\n<p><strong>Non inclus :<\/strong><\/p>\n<ul>\n<li>Transport<\/li>\n<li>Photo souvenir<\/li>\n<\/ul>\n<\/div><\/div><\/div><\/div><\/div><\/div><\/section>\n","protected":false},"excerpt":{"rendered":"<p>Sentez l&#8217;excitation en vous tortillant, en sautant et en glissant sur les vagues sur notre toboggan gonflable \u00e0 sensations fortes, l&#8217;ultime aventure aquatique !<\/p>\n","protected":false},"featured_media":102424,"template":"","meta":{"_acf_changed":false,"_joinchat":[]},"product_brand":[],"product_cat":[169],"product_tag":[],"class_list":{"0":"post-98636","1":"product","2":"type-product","3":"status-publish","4":"has-post-thumbnail","6":"product_cat-sports-nautiques-tenerife","7":"pa_depart-from-sud-de-lile","9":"first","10":"instock","11":"virtual","12":"sold-individually","13":"purchasable","14":"product-type-booking"},"acf":[],"_links":{"self":[{"href":"https:\/\/thetenerifechannel.com\/fr\/wp-json\/wp\/v2\/product\/98636","targetHints":{"allow":["GET"]}}],"collection":[{"href":"https:\/\/thetenerifechannel.com\/fr\/wp-json\/wp\/v2\/product"}],"about":[{"href":"https:\/\/thetenerifechannel.com\/fr\/wp-json\/wp\/v2\/types\/product"}],"wp:featuredmedia":[{"embeddable":true,"href":"https:\/\/thetenerifechannel.com\/fr\/wp-json\/wp\/v2\/media\/102424"}],"wp:attachment":[{"href":"https:\/\/thetenerifechannel.com\/fr\/wp-json\/wp\/v2\/media?parent=98636"}],"wp:term":[{"taxonomy":"product_brand","embeddable":true,"href":"https:\/\/thetenerifechannel.com\/fr\/wp-json\/wp\/v2\/product_brand?post=98636"},{"taxonomy":"product_cat","embeddable":true,"href":"https:\/\/thetenerifechannel.com\/fr\/wp-json\/wp\/v2\/product_cat?post=98636"},{"taxonomy":"product_tag","embeddable":true,"href":"https:\/\/thetenerifechannel.com\/fr\/wp-json\/wp\/v2\/product_tag?post=98636"}],"curies":[{"name":"wp","href":"https:\/\/api.w.org\/{rel}","templated":true}]}}