{"id":98671,"date":"2026-01-12T11:25:07","date_gmt":"2026-01-12T11:25:07","guid":{"rendered":"https:\/\/thetenerifechannel.com\/?post_type=product&#038;p=98671"},"modified":"2026-02-14T12:20:03","modified_gmt":"2026-02-14T12:20:03","slug":"tour-de-lile-teide-masca-garachico-depuis-le-sud-copy","status":"publish","type":"product","link":"https:\/\/thetenerifechannel.com\/fr\/excursions\/tour-de-lile-teide-masca-garachico-depuis-le-sud-copy\/","title":{"rendered":"Tour de l&#8217;\u00eele : Candelaria &#8211; La Orotava &#8211; Garachico &#8211; Masca (depuis le sud)"},"content":{"rendered":"<section class=\"l-section wpb_row height_huge\"><div class=\"l-section-h i-cf\"><div class=\"g-cols vc_row via_grid cols_1 laptops-cols_inherit tablets-cols_inherit mobiles-cols_1 valign_top type_default stacking_default\"><div class=\"wpb_column vc_column_container\"><div class=\"vc_column-inner\"><div class=\"wpb_text_column\"><div class=\"wpb_wrapper\"><div class=\"flex-shrink-0 flex flex-col relative items-end\">\n<div class=\"pt-0.5\">\n<div class=\"gizmo-shadow-stroke flex h-6 w-6 items-center justify-center overflow-hidden rounded-full\">\n<p>D\u00e9couvrez l&#8217;essence de Tenerife en une seule journ\u00e9e gr\u00e2ce \u00e0 cette excursion d&#8217;une journ\u00e9e. Commencez par la ville c\u00f4ti\u00e8re de Candelaria, qui abrite l&#8217;impressionnante basilique et les statues de bronze des anciens rois guanches. Continuez vers la ville historique de La Orotava, en fl\u00e2nant dans ses rues charmantes et en visitant des sites tels que la Casa de Los Balcones et la Plaza del Ayuntamiento. Ensuite, explorez Garachico, une ville pittoresque fa\u00e7onn\u00e9e par une \u00e9ruption volcanique, avec comme points forts les piscines naturelles d&#8217;El Calet\u00f3n et le Castillo de San Miguel. Profitez d&#8217;un temps libre pour d\u00e9jeuner avant de vous diriger vers les paysages \u00e9poustouflants du parc rural de Teno, pour finir au village traditionnel de Masca, nich\u00e9 au milieu de falaises \u00e0 couper le souffle.    <\/p>\n<\/div>\n<\/div>\n<\/div>\n<div class=\"relative flex w-full flex-col lg:w-&#091;calc(100%-115px)&#093; agent-turn\">\n<div class=\"flex-col gap-1 md:gap-3\">\n<div class=\"flex flex-grow flex-col max-w-full\">\n<div class=\"min-h-&#091;20px&#093; text-message flex flex-col items-start gap-3 whitespace-pre-wrap break-words &#091;.text-message+&amp;&#093;:mt-5 overflow-x-auto\" data-message-author-role=\"assistant\" data-message-id=\"1b594d4d-875f-4ede-8698-e67da448c8b8\">\n<p>Pour conclure cette excursion m\u00e9morable, nous retournerons aux h\u00f4tels.<br \/>\nDur\u00e9e : environ 9 heures.<\/p>\n<p><strong>Inclus :<\/strong><\/p>\n<\/div>\n<\/div>\n<\/div>\n<\/div>\n<ul>\n<li>Bus discr\u00e9tionnaire climatis\u00e9<\/li>\n<li>Guide officiel<\/li>\n<\/ul>\n<p><strong>Non inclus :<\/strong><\/p>\n<ul>\n<li>D\u00e9jeuner<\/li>\n<\/ul>\n<\/div><\/div><\/div><\/div><\/div><\/div><\/section>\n","protected":false},"excerpt":{"rendered":"<p>D\u00e9couvrez l&#8217;essence de T\u00e9n\u00e9rife en une seule journ\u00e9e lors de ce tour de l&#8217;\u00eele, en visitant les sites les plus beaux et les plus historiques, notamment Candelaria, La Orotava, Garachico et Masca, au d\u00e9part du sud de l&#8217;\u00eele.<\/p>\n","protected":false},"featured_media":98701,"template":"","meta":{"_acf_changed":false,"_joinchat":[]},"product_brand":[],"product_cat":[152],"product_tag":[],"class_list":{"0":"post-98671","1":"product","2":"type-product","3":"status-publish","4":"has-post-thumbnail","6":"product_cat-circuits-ile-bus-tenerife","7":"pa_depart-from-sud-de-lile","9":"first","10":"instock","11":"virtual","12":"sold-individually","13":"purchasable","14":"product-type-booking"},"acf":[],"_links":{"self":[{"href":"https:\/\/thetenerifechannel.com\/fr\/wp-json\/wp\/v2\/product\/98671","targetHints":{"allow":["GET"]}}],"collection":[{"href":"https:\/\/thetenerifechannel.com\/fr\/wp-json\/wp\/v2\/product"}],"about":[{"href":"https:\/\/thetenerifechannel.com\/fr\/wp-json\/wp\/v2\/types\/product"}],"wp:featuredmedia":[{"embeddable":true,"href":"https:\/\/thetenerifechannel.com\/fr\/wp-json\/wp\/v2\/media\/98701"}],"wp:attachment":[{"href":"https:\/\/thetenerifechannel.com\/fr\/wp-json\/wp\/v2\/media?parent=98671"}],"wp:term":[{"taxonomy":"product_brand","embeddable":true,"href":"https:\/\/thetenerifechannel.com\/fr\/wp-json\/wp\/v2\/product_brand?post=98671"},{"taxonomy":"product_cat","embeddable":true,"href":"https:\/\/thetenerifechannel.com\/fr\/wp-json\/wp\/v2\/product_cat?post=98671"},{"taxonomy":"product_tag","embeddable":true,"href":"https:\/\/thetenerifechannel.com\/fr\/wp-json\/wp\/v2\/product_tag?post=98671"}],"curies":[{"name":"wp","href":"https:\/\/api.w.org\/{rel}","templated":true}]}}