{"id":99157,"date":"2026-01-13T12:00:13","date_gmt":"2026-01-13T12:00:13","guid":{"rendered":"https:\/\/thetenerifechannel.com\/?post_type=product&#038;p=99157"},"modified":"2026-02-14T12:17:53","modified_gmt":"2026-02-14T12:17:53","slug":"tour-de-lile-candelaria-la-orotava-garachico-masca-depuis-le-sud-copy","status":"publish","type":"product","link":"https:\/\/thetenerifechannel.com\/fr\/excursions\/tour-de-lile-candelaria-la-orotava-garachico-masca-depuis-le-sud-copy\/","title":{"rendered":"Transfert Puerto de la Cruz"},"content":{"rendered":"<section class=\"l-section wpb_row height_huge\"><div class=\"l-section-h i-cf\"><div class=\"g-cols vc_row via_grid cols_1 laptops-cols_inherit tablets-cols_inherit mobiles-cols_1 valign_top type_default stacking_default\"><div class=\"wpb_column vc_column_container\"><div class=\"vc_column-inner\"><div class=\"wpb_text_column\"><div class=\"wpb_wrapper\"><div class=\"flex-shrink-0 flex flex-col relative items-end\">\n<div class=\"pt-0.5\">\n<div class=\"gizmo-shadow-stroke flex h-6 w-6 items-center justify-center overflow-hidden rounded-full\">\n<p>Explorez Puerto de la Cruz &#8211; Transfert aller-retour<\/p>\n<p>Vous souhaitez passer une journ\u00e9e \u00e0 explorer la charmante ville de Puerto de la Cruz, situ\u00e9e sur la c\u00f4te nord de Tenerife ? Cette ville pittoresque est c\u00e9l\u00e8bre pour sa belle promenade en bord de mer, son architecture canarienne traditionnelle et ses places anim\u00e9es. Promenez-vous le long du front de mer, profitez des boutiques locales, des caf\u00e9s et des restaurants, ou impr\u00e9gnez-vous simplement de l&#8217;atmosph\u00e8re d\u00e9tendue de la c\u00f4te.  <\/p>\n<p>Notre transfert aller-retour vous emm\u00e8ne directement \u00e0 proximit\u00e9 du Loro Parque, \u00e0 quelques pas de la promenade de Puerto de la Cruz, ce qui vous laisse tout le temps d&#8217;explorer la ville \u00e0 votre rythme.<\/p>\n<p>Profitez d&#8217;une journ\u00e9e sans tracas dans l&#8217;une des villes les plus charmantes de T\u00e9n\u00e9rife, avec un transport confortable inclus dans les deux sens.<\/p>\n<p>Dur\u00e9e : environ 8 heures.<\/p>\n<p>&nbsp;<\/p>\n<\/div>\n<\/div>\n<\/div>\n<div class=\"relative flex w-full flex-col lg:w-&#091;calc(100%-115px)&#093; agent-turn\">\n<div class=\"flex-col gap-1 md:gap-3\">\n<div class=\"flex flex-grow flex-col max-w-full\">\n<div class=\"min-h-&#091;20px&#093; text-message flex flex-col items-start gap-3 whitespace-pre-wrap break-words &#091;.text-message+&amp;&#093;:mt-5 overflow-x-auto\" data-message-author-role=\"assistant\" data-message-id=\"1b594d4d-875f-4ede-8698-e67da448c8b8\">\n<p><strong>Inclus :<\/strong><\/p>\n<ul>\n<li>Bus discr\u00e9tionnaire climatis\u00e9<\/li>\n<\/ul>\n<p><strong>Non inclus :<\/strong><\/p>\n<ul>\n<li>D\u00e9jeuner<\/li>\n<\/ul>\n<\/div>\n<\/div>\n<\/div>\n<\/div>\n<\/div><\/div><\/div><\/div><\/div><\/div><\/section>\n","protected":false},"excerpt":{"rendered":"<p>D\u00e9tendez-vous et profitez de Puerto de la Cruz, nous nous occupons de votre transfert, au d\u00e9part du sud de l&#8217;\u00eele.<\/p>\n","protected":false},"featured_media":99164,"template":"","meta":{"_acf_changed":false,"_joinchat":[]},"product_brand":[],"product_cat":[152,179],"product_tag":[],"class_list":{"0":"post-99157","1":"product","2":"type-product","3":"status-publish","4":"has-post-thumbnail","6":"product_cat-circuits-ile-bus-tenerife","7":"product_cat-sans-categorie","8":"pa_depart-from-sud-de-lile","10":"first","11":"instock","12":"virtual","13":"sold-individually","14":"purchasable","15":"product-type-booking"},"acf":[],"_links":{"self":[{"href":"https:\/\/thetenerifechannel.com\/fr\/wp-json\/wp\/v2\/product\/99157","targetHints":{"allow":["GET"]}}],"collection":[{"href":"https:\/\/thetenerifechannel.com\/fr\/wp-json\/wp\/v2\/product"}],"about":[{"href":"https:\/\/thetenerifechannel.com\/fr\/wp-json\/wp\/v2\/types\/product"}],"wp:featuredmedia":[{"embeddable":true,"href":"https:\/\/thetenerifechannel.com\/fr\/wp-json\/wp\/v2\/media\/99164"}],"wp:attachment":[{"href":"https:\/\/thetenerifechannel.com\/fr\/wp-json\/wp\/v2\/media?parent=99157"}],"wp:term":[{"taxonomy":"product_brand","embeddable":true,"href":"https:\/\/thetenerifechannel.com\/fr\/wp-json\/wp\/v2\/product_brand?post=99157"},{"taxonomy":"product_cat","embeddable":true,"href":"https:\/\/thetenerifechannel.com\/fr\/wp-json\/wp\/v2\/product_cat?post=99157"},{"taxonomy":"product_tag","embeddable":true,"href":"https:\/\/thetenerifechannel.com\/fr\/wp-json\/wp\/v2\/product_tag?post=99157"}],"curies":[{"name":"wp","href":"https:\/\/api.w.org\/{rel}","templated":true}]}}