{"id":99448,"date":"2026-01-14T11:58:13","date_gmt":"2026-01-14T11:58:13","guid":{"rendered":"https:\/\/thetenerifechannel.com\/?post_type=product&#038;p=99448"},"modified":"2026-02-14T13:17:56","modified_gmt":"2026-02-14T13:17:56","slug":"safari-en-jet-ski-1-heure-copy-2","status":"publish","type":"product","link":"https:\/\/thetenerifechannel.com\/fr\/excursions\/safari-en-jet-ski-1-heure-copy-2\/","title":{"rendered":"Jet Ski Flash"},"content":{"rendered":"<section class=\"l-section wpb_row height_huge\"><div class=\"l-section-h i-cf\"><div class=\"g-cols vc_row via_grid cols_1 laptops-cols_inherit tablets-cols_inherit mobiles-cols_1 valign_top type_default stacking_default\"><div class=\"wpb_column vc_column_container\"><div class=\"vc_column-inner\"><div class=\"wpb_text_column\"><div class=\"wpb_wrapper\"><p>Le jet ski est une activit\u00e9 passionnante et rapide qui convient \u00e0 tous les \u00e2ges et \u00e0 tous les niveaux de comp\u00e9tence. Que vous soyez novice ou exp\u00e9riment\u00e9, explorer les eaux de T\u00e9n\u00e9rife en jet ski est une aventure inoubliable. <\/p>\n<p>Participez \u00e0 une visite guid\u00e9e et d\u00e9couvrez le littoral \u00e0 couper le souffle et les montagnes environnantes d&#8217;un point de vue unique sur l&#8217;eau. Vous pouvez choisir de naviguer en solo ou en tandem, et de partager les sensations avec un ami ou un membre de votre famille. <\/p>\n<p>Nous proposons deux dur\u00e9es d&#8217;excursion pour r\u00e9pondre \u00e0 vos pr\u00e9f\u00e9rences : un safari en jet ski d&#8217;une heure, id\u00e9al pour d\u00e9couvrir cette activit\u00e9 passionnante, ou une aventure de deux heures pour ceux qui veulent profiter au maximum de leur temps sur l&#8217;eau. Asseyez-vous, d\u00e9tendez-vous et laissez-nous nous occuper de tous les d\u00e9tails pour que vous puissiez vivre une exp\u00e9rience sans souci et pleine d&#8217;adr\u00e9naline. <\/p>\n<p>&nbsp;<\/p>\n<p><strong>Inclus :<\/strong><\/p>\n<ul>\n<li>Longez la c\u00f4te sud-ouest de T\u00e9n\u00e9riffe.\n<ul>\n<li>1 heure : Las Galletas &#8211; El Fraile &#8211; Palm Mar<\/li>\n<li>2 heures : Las Galletas &#8211; El Fraile &#8211; Palm Mar &#8211; Los Cristianos<\/li>\n<\/ul>\n<\/li>\n<li>Transport depuis les principaux points d&#8217;embarquement dans diff\u00e9rentes zones : Los Cristianos \/ Las Am\u00e9ricas<\/li>\n<li>Billet \u00e9lectronique.<\/li>\n<li>Gilet de sauvetage (obligatoire)<\/li>\n<li>Guide sp\u00e9cialis\u00e9<\/li>\n<\/ul>\n<p><strong>Non inclus :<\/strong><\/p>\n<ul>\n<li>Photo souvenir<\/li>\n<\/ul>\n<p><strong>Lors de la r\u00e9servation, veuillez nous contacter pour v\u00e9rifier la disponibilit\u00e9.<\/strong><\/p>\n<p>*\u00c2ge minimum des passagers : 5-6 ans (possible derri\u00e8re l&#8217;un des parents)<br \/>\n*Age minimum du conducteur : 16 ans<br \/>\n*Restriction de poids pour un jet ski : max. 120 kg.<br \/>\n*Restriction de poids pour le jet ski double : max. 160 kg.<\/p>\n<\/div><\/div><\/div><\/div><\/div><\/div><\/section>\n","protected":false},"excerpt":{"rendered":"<p>D\u00e9couvrez le littoral de T\u00e9n\u00e9rife en jet ski ! Choisissez une aventure d&#8217;une heure ou prolongez le plaisir avec une balade de deux heures, c&#8217;est vous qui d\u00e9cidez ! <\/p>\n","protected":false},"featured_media":102408,"template":"","meta":{"_acf_changed":false,"_joinchat":[]},"product_brand":[],"product_cat":[169],"product_tag":[],"class_list":{"0":"post-99448","1":"product","2":"type-product","3":"status-publish","4":"has-post-thumbnail","6":"product_cat-sports-nautiques-tenerife","7":"pa_depart-from-sud-de-lile","9":"first","10":"instock","11":"virtual","12":"sold-individually","13":"purchasable","14":"product-type-booking"},"acf":[],"_links":{"self":[{"href":"https:\/\/thetenerifechannel.com\/fr\/wp-json\/wp\/v2\/product\/99448","targetHints":{"allow":["GET"]}}],"collection":[{"href":"https:\/\/thetenerifechannel.com\/fr\/wp-json\/wp\/v2\/product"}],"about":[{"href":"https:\/\/thetenerifechannel.com\/fr\/wp-json\/wp\/v2\/types\/product"}],"wp:featuredmedia":[{"embeddable":true,"href":"https:\/\/thetenerifechannel.com\/fr\/wp-json\/wp\/v2\/media\/102408"}],"wp:attachment":[{"href":"https:\/\/thetenerifechannel.com\/fr\/wp-json\/wp\/v2\/media?parent=99448"}],"wp:term":[{"taxonomy":"product_brand","embeddable":true,"href":"https:\/\/thetenerifechannel.com\/fr\/wp-json\/wp\/v2\/product_brand?post=99448"},{"taxonomy":"product_cat","embeddable":true,"href":"https:\/\/thetenerifechannel.com\/fr\/wp-json\/wp\/v2\/product_cat?post=99448"},{"taxonomy":"product_tag","embeddable":true,"href":"https:\/\/thetenerifechannel.com\/fr\/wp-json\/wp\/v2\/product_tag?post=99448"}],"curies":[{"name":"wp","href":"https:\/\/api.w.org\/{rel}","templated":true}]}}