{"id":9972,"date":"2024-07-25T14:55:55","date_gmt":"2024-07-25T14:55:55","guid":{"rendered":"https:\/\/thetenerifechannel.com\/excursions\/non%20class\u00e9\/peter-pan-3-heures\/"},"modified":"2026-03-24T13:09:12","modified_gmt":"2026-03-24T13:09:12","slug":"peter-pan-3-heures","status":"publish","type":"product","link":"https:\/\/thetenerifechannel.com\/fr\/excursions\/peter-pan-3-heures\/","title":{"rendered":"Peter Pan &#8211; 2 heures"},"content":{"rendered":"<p class=\"whitespace-pre-wrap break-words\">Vivez une aventure familiale inoubliable \u00e0 bord du PETER PAN, un authentique Goleta portugais du si\u00e8cle dernier. Revivez l&#8217;excitation de la navigation traditionnelle et plongez-vous dans les r\u00e9cits des pirates qui parcouraient autrefois ces eaux. <\/p>\n<p class=\"whitespace-pre-wrap break-words\">Au d\u00e9part de Los Cristianos, vous partirez \u00e0 la recherche de baleines-pilotes et ferez ensuite une halte pour plonger dans l&#8217;eau et vous rafra\u00eechir.<br \/>\nParticipez \u00e0 une croisi\u00e8re qui allie histoire, nature et divertissement en famille dans les eaux magnifiques de Tenerife.<\/p>\n<p><strong>INCLUS :<\/strong><\/p>\n<ul>\n<li>2 heures d&#8217;observation des baleines<\/li>\n<li>Arr\u00eat de natation<\/li>\n<li>Transport inclus<\/li>\n<\/ul>\n","protected":false},"excerpt":{"rendered":"<p>Rejoignez le Peter Pan pour une excursion en bateau de 2 heures, adapt\u00e9e aux familles, au d\u00e9part de Los Cristianos. Observez les baleines, nagez dans l&#8217;oc\u00e9an et d\u00e9jeunez \u00e0 bord de ce bateau pirate. <\/p>\n","protected":false},"featured_media":9926,"template":"","meta":{"_acf_changed":false,"_joinchat":[]},"product_brand":[],"product_cat":[145],"product_tag":[],"class_list":{"0":"post-9972","1":"product","2":"type-product","3":"status-publish","4":"has-post-thumbnail","6":"product_cat-observation-des-baleines-a-tenerife","7":"pa_depart-from-sud-de-lile","9":"first","10":"instock","11":"virtual","12":"sold-individually","13":"purchasable","14":"product-type-booking"},"acf":[],"_links":{"self":[{"href":"https:\/\/thetenerifechannel.com\/fr\/wp-json\/wp\/v2\/product\/9972","targetHints":{"allow":["GET"]}}],"collection":[{"href":"https:\/\/thetenerifechannel.com\/fr\/wp-json\/wp\/v2\/product"}],"about":[{"href":"https:\/\/thetenerifechannel.com\/fr\/wp-json\/wp\/v2\/types\/product"}],"wp:featuredmedia":[{"embeddable":true,"href":"https:\/\/thetenerifechannel.com\/fr\/wp-json\/wp\/v2\/media\/9926"}],"wp:attachment":[{"href":"https:\/\/thetenerifechannel.com\/fr\/wp-json\/wp\/v2\/media?parent=9972"}],"wp:term":[{"taxonomy":"product_brand","embeddable":true,"href":"https:\/\/thetenerifechannel.com\/fr\/wp-json\/wp\/v2\/product_brand?post=9972"},{"taxonomy":"product_cat","embeddable":true,"href":"https:\/\/thetenerifechannel.com\/fr\/wp-json\/wp\/v2\/product_cat?post=9972"},{"taxonomy":"product_tag","embeddable":true,"href":"https:\/\/thetenerifechannel.com\/fr\/wp-json\/wp\/v2\/product_tag?post=9972"}],"curies":[{"name":"wp","href":"https:\/\/api.w.org\/{rel}","templated":true}]}}