{"id":29408,"date":"2024-11-19T12:03:30","date_gmt":"2024-11-19T12:03:30","guid":{"rendered":"https:\/\/thetenerifechannel.com\/product\/buggy-teide-avontuur\/"},"modified":"2026-04-24T06:54:51","modified_gmt":"2026-04-24T06:54:51","slug":"buggy-teide-avontuur","status":"publish","type":"product","link":"https:\/\/thetenerifechannel.com\/nl\/excursions\/buggy-teide-avontuur\/","title":{"rendered":"Buggy Teide Avontuur"},"content":{"rendered":"<section class=\"l-section wpb_row height_huge\"><div class=\"l-section-h i-cf\"><div class=\"g-cols vc_row via_grid cols_1 laptops-cols_inherit tablets-cols_inherit mobiles-cols_1 valign_top type_default stacking_default\"><div class=\"wpb_column vc_column_container\"><div class=\"vc_column-inner\"><div class=\"wpb_text_column\"><div class=\"wpb_wrapper\"><p><span>Je start deze tour van 3u30 vanuit Las Chafiras en je reist langs schilderachtige routes door verschillende charmante stadjes in het zuiden van Tenerife, genietend van de frisse lucht en het uitzicht. De reis brengt je naar het adembenemende El Teide National Park, waar je stopt op een hoogte van 2.200 meter. Hier heb je de tijd om te ontspannen, unieke panoramische foto&#8217;s te maken en te genieten van het prachtige landschap dat Tenerife te bieden heeft. Na deze gedenkwaardige stop ga je terug langs een route die de prachtige kustlijn van het eiland laat zien voordat je terugkeert naar het beginpunt.   <\/span><\/p>\n<p><strong>INBEGREPEN:<\/strong><\/p>\n<ul>\n<li>Reistijd 3,5 uur.<\/li>\n<li><span>Brandstof, gids, verzekering voor toeristen, jas, zonnebril, chocolade, boterham en water.<\/span><\/li>\n<li><span>We raden je aan een jas mee te nemen, hoewel het bedrijf er ook een voor jou heeft.<\/span><\/li>\n<\/ul>\n<p>*Gratis vervoer in het zuiden van het eiland: Las Am\u00e9ricas, Los Cristianos, Costa Adeje, Fa\u00f1ab\u00e9, Torviscas, La Caleta, El M\u00e9dano, Los Abrigos, Costa del Silencio, Las Galletas, Golf del Sur, en Amarilla Golf.<br \/>\nVoor het ophalen buiten deze gebieden geldt een toeslag van \u20ac10 per buggy (ophalen en terugbrengen), die aan het begin van de tour betaald moet worden, vraag naar de beschikbaarheid bij het maken van de reservering.<\/p>\n<p><span>*Je moet dichte schoenen dragen.<br \/>\n*Je moet in het bezit zijn van rijbewijs B1. WE ACCEPTEREN GEEN TIJDELIJKE RIJBEWIJZEN. De minimumleeftijd van de bestuurder is 18 jaar.<br \/>\n*Kinderen kunnen mee als begeleider als ze 1,35 meter of langer zijn in de 2-zits buggy. Kinderen vanaf 2 jaar kunnen meerijden in het babyzitje in de 4-zits buggy van het bedrijf. <\/span><\/p>\n<\/div><\/div><\/div><\/div><\/div><\/div><\/section>\n","protected":false},"excerpt":{"rendered":"<div class=\"flex max-w-full flex-col flex-grow\">\n<div class=\"min-h-8 text-message flex w-full flex-col items-end gap-2 whitespace-normal break-words [.text-message+&amp;]:mt-5\" dir=\"auto\" data-message-author-role=\"assistant\" data-message-id=\"bc3f96f7-f5f2-48ea-9575-478fb857310e\" data-message-model-slug=\"gpt-4o\">\n<div class=\"flex w-full flex-col gap-1 empty:hidden first:pt-[3px]\">\n<div class=\"markdown prose w-full break-words dark:prose-invert light\">\n<p>Ga op een leuk buggyavontuur langs de beste plekjes van Tenerife en eindig met adembenemende uitzichten in het Nationaal Park El Teide!<\/p>\n<\/div>\n<\/div>\n<\/div>\n<\/div>\n","protected":false},"featured_media":117580,"template":"","meta":{"_acf_changed":false,"_joinchat":[]},"product_brand":[],"product_cat":[294,161,146],"product_tag":[488,390,389,392,391,489,393],"class_list":{"0":"post-29408","1":"product","2":"type-product","3":"status-publish","4":"has-post-thumbnail","6":"product_cat-eiland-bustours-tenerife","7":"product_cat-quad-tenerife-nl","8":"product_cat-teide-tenerife-nl","9":"product_tag-a-bijnier-families","10":"product_tag-a-groep-families","11":"product_tag-a-groep-koppels","12":"product_tag-a-groep-solo","13":"product_tag-a-groep-vriend","14":"product_tag-a-must-adrenaline-vrienden","15":"product_tag-a-vibe-avontuur","17":"first","18":"instock","19":"virtual","20":"sold-individually","21":"purchasable","22":"product-type-booking"},"acf":[],"_links":{"self":[{"href":"https:\/\/thetenerifechannel.com\/nl\/wp-json\/wp\/v2\/product\/29408","targetHints":{"allow":["GET"]}}],"collection":[{"href":"https:\/\/thetenerifechannel.com\/nl\/wp-json\/wp\/v2\/product"}],"about":[{"href":"https:\/\/thetenerifechannel.com\/nl\/wp-json\/wp\/v2\/types\/product"}],"wp:featuredmedia":[{"embeddable":true,"href":"https:\/\/thetenerifechannel.com\/nl\/wp-json\/wp\/v2\/media\/117580"}],"wp:attachment":[{"href":"https:\/\/thetenerifechannel.com\/nl\/wp-json\/wp\/v2\/media?parent=29408"}],"wp:term":[{"taxonomy":"product_brand","embeddable":true,"href":"https:\/\/thetenerifechannel.com\/nl\/wp-json\/wp\/v2\/product_brand?post=29408"},{"taxonomy":"product_cat","embeddable":true,"href":"https:\/\/thetenerifechannel.com\/nl\/wp-json\/wp\/v2\/product_cat?post=29408"},{"taxonomy":"product_tag","embeddable":true,"href":"https:\/\/thetenerifechannel.com\/nl\/wp-json\/wp\/v2\/product_tag?post=29408"}],"curies":[{"name":"wp","href":"https:\/\/api.w.org\/{rel}","templated":true}]}}