{"id":33044,"date":"2024-11-26T20:05:16","date_gmt":"2024-11-26T20:05:16","guid":{"rendered":"https:\/\/thetenerifechannel.com\/product\/buggy-zonsondergang-avontuur\/"},"modified":"2026-04-24T06:57:58","modified_gmt":"2026-04-24T06:57:58","slug":"buggy-zonsondergang-avontuur","status":"publish","type":"product","link":"https:\/\/thetenerifechannel.com\/nl\/excursions\/buggy-zonsondergang-avontuur\/","title":{"rendered":"Buggy Zonsondergang Avontuur"},"content":{"rendered":"<section class=\"l-section wpb_row height_huge\"><div class=\"l-section-h i-cf\"><div class=\"g-cols vc_row via_grid cols_1 laptops-cols_inherit tablets-cols_inherit mobiles-cols_1 valign_top type_default stacking_default\"><div class=\"wpb_column vc_column_container\"><div class=\"vc_column-inner\"><div class=\"wpb_text_column\"><div class=\"wpb_wrapper\"><p data-start=\"0\" data-end=\"167\">3,5 uur durende tour naar het Nationaal Park Teide met zonsondergang. We passeren verschillende dorpen in het zuiden van Tenerife en genieten van prachtige landschappen en frisse berglucht. <\/p>\n<p data-start=\"169\" data-end=\"537\">We vervolgen de route naar het Nationaal Park Teide, waar je kunt ontspannen en panoramische foto&#8217;s kunt maken. We zullen stoppen om naar de zonsondergang te kijken onder het genot van een drankje (wijn en\/of alcoholvrije mousserende wijn), samen met wat vleeswaren en\/of noten, terwijl we het landschap en de majestueuze zonsondergang bewonderen die het eiland Tenerife te bieden heeft, en onvergetelijke momenten cre\u00ebren. <\/p>\n<p data-start=\"539\" data-end=\"636\" data-is-last-node=\"\" data-is-only-node=\"\">Daarna beginnen we aan de terugreis, waarbij we het hele kustgebied van het eiland kunnen bewonderen.<\/p>\n<p><strong>INBEGREPEN:<\/strong><\/p>\n<ul>\n<li>Reistijd 3,5 uur.<\/li>\n<li><span>Brandstof, gids, verzekering voor toeristen, jas, zonnebril, chocolade, boterhammen en water, wijn en\/of mousserende wijn (alcoholvrij), vleeswaren en\/of noten.<\/span><\/li>\n<li><span>We raden je aan een jas mee te nemen, hoewel het bedrijf er ook een voor jou heeft.<\/span><\/li>\n<\/ul>\n<p>*Gratis vervoer in het zuiden van het eiland: Las Am\u00e9ricas, Los Cristianos, Costa Adeje, Fa\u00f1ab\u00e9, Torviscas, La Caleta, El M\u00e9dano, Los Abrigos, Costa del Silencio, Las Galletas, Golf del Sur en Amarilla Golf.<br \/>\n<span>Voor het ophalen van buggy&#8217;s buiten deze gebieden geldt een toeslag van \u20ac10 per buggy (ophalen en terugbrengen), die aan het begin van de tour betaald moet worden, vraag naar de beschikbaarheid bij het maken van de reservering.<\/span><\/p>\n<p><span>*Je moet dichte schoenen dragen.<br \/>\n*Je moet in het bezit zijn van rijbewijs B1. WE ACCEPTEREN GEEN TIJDELIJKE RIJBEWIJZEN. De minimumleeftijd van de bestuurder is 18 jaar.<br \/>\n*Kinderen kunnen als begeleider mee als ze 1,35 meter of langer zijn in de tweezitsbuggy. Kinderen vanaf 2 jaar kunnen meerijden in het babyzitje in de 4-zits buggy van het bedrijf. <\/span><\/p>\n<\/div><\/div><\/div><\/div><\/div><\/div><\/section>\n","protected":false},"excerpt":{"rendered":"<div class=\"flex max-w-full flex-col flex-grow\">\n<div class=\"min-h-8 text-message flex w-full flex-col items-end gap-2 whitespace-normal break-words [.text-message+&amp;]:mt-5\" dir=\"auto\" data-message-author-role=\"assistant\" data-message-id=\"bc3f96f7-f5f2-48ea-9575-478fb857310e\" data-message-model-slug=\"gpt-4o\">\n<div class=\"flex w-full flex-col gap-1 empty:hidden first:pt-[3px]\">\n<div class=\"markdown prose w-full break-words dark:prose-invert light\">\n<p>Ga op een leuke 3,5 uur durende tour naar het Nationaal Park El Teide en geniet van een spectaculaire zonsondergang te midden van adembenemende landschappen.<\/p>\n<\/div>\n<\/div>\n<\/div>\n<\/div>\n","protected":false},"featured_media":29295,"template":"","meta":{"_acf_changed":false,"_joinchat":[]},"product_brand":[],"product_cat":[294,161,146],"product_tag":[390,389,392,391,434,393],"class_list":{"0":"post-33044","1":"product","2":"type-product","3":"status-publish","4":"has-post-thumbnail","6":"product_cat-eiland-bustours-tenerife","7":"product_cat-quad-tenerife-nl","8":"product_cat-teide-tenerife-nl","9":"product_tag-a-groep-families","10":"product_tag-a-groep-koppels","11":"product_tag-a-groep-solo","12":"product_tag-a-groep-vriend","13":"product_tag-a-must-adrenaline-koppels","14":"product_tag-a-vibe-avontuur","16":"first","17":"instock","18":"virtual","19":"sold-individually","20":"purchasable","21":"product-type-booking"},"acf":[],"_links":{"self":[{"href":"https:\/\/thetenerifechannel.com\/nl\/wp-json\/wp\/v2\/product\/33044","targetHints":{"allow":["GET"]}}],"collection":[{"href":"https:\/\/thetenerifechannel.com\/nl\/wp-json\/wp\/v2\/product"}],"about":[{"href":"https:\/\/thetenerifechannel.com\/nl\/wp-json\/wp\/v2\/types\/product"}],"wp:featuredmedia":[{"embeddable":true,"href":"https:\/\/thetenerifechannel.com\/nl\/wp-json\/wp\/v2\/media\/29295"}],"wp:attachment":[{"href":"https:\/\/thetenerifechannel.com\/nl\/wp-json\/wp\/v2\/media?parent=33044"}],"wp:term":[{"taxonomy":"product_brand","embeddable":true,"href":"https:\/\/thetenerifechannel.com\/nl\/wp-json\/wp\/v2\/product_brand?post=33044"},{"taxonomy":"product_cat","embeddable":true,"href":"https:\/\/thetenerifechannel.com\/nl\/wp-json\/wp\/v2\/product_cat?post=33044"},{"taxonomy":"product_tag","embeddable":true,"href":"https:\/\/thetenerifechannel.com\/nl\/wp-json\/wp\/v2\/product_tag?post=33044"}],"curies":[{"name":"wp","href":"https:\/\/api.w.org\/{rel}","templated":true}]}}