{"id":106845,"date":"2025-07-22T18:02:33","date_gmt":"2025-07-22T18:02:33","guid":{"rendered":"https:\/\/thetenerifechannel.com\/transfery-lotniskowe\/"},"modified":"2026-02-02T13:00:12","modified_gmt":"2026-02-02T13:00:12","slug":"transfery-lotniskowe","status":"publish","type":"page","link":"https:\/\/thetenerifechannel.com\/pl\/transfery-lotniskowe\/","title":{"rendered":"Transfery lotniskowe"},"content":{"rendered":"<section class=\"l-section wpb_row us_custom_c70c97eb height_huge width_custom\" style=\"--site-content-width:1500px;\"><div class=\"l-section-h i-cf\"><div class=\"g-cols vc_row via_grid cols_2-1 laptops-cols_inherit tablets-cols_1 mobiles-cols_1 valign_middle type_default\"><div class=\"wpb_column vc_column_container\"><div class=\"vc_column-inner\"><h1 class=\"w-text us_custom_f348dc7e\"><span class=\"w-text-h\"><span class=\"w-text-value\">Transfery lotniskowe i transfer wahad\u0142owy na Teneryfie<\/span><\/span><\/h1><div class=\"w-separator size_medium\"><\/div><div class=\"w-text\"><span class=\"w-text-h\"><span class=\"w-text-value\">Spraw, aby Tw\u00f3j przylot na Teneryf\u0119 przebiega\u0142 sprawnie i bezproblemowo dzi\u0119ki naszym niezawodnym opcjom transferu lotniskowego i transferu wahad\u0142owego.<\/span><\/span><\/div><div class=\"w-text\"><span class=\"w-text-h\"><span class=\"w-text-value\">\u0141atwo zarezerwuj sw\u00f3j transfer za po\u015brednictwem naszego zaufanego partnera i ciesz si\u0119 nim:<\/span><\/span><\/div><div class=\"w-separator size_small\"><\/div><div class=\"w-hwrapper us_custom_7b59516b valign_baseline wrap align_none\" style=\"--hwrapper-gap:1rem\"><div class=\"w-text us_custom_d7ac7758 has_text_color\"><span class=\"w-text-h\"><span class=\"w-text-value\">Prywatne transfery<\/span><\/span><\/div><div class=\"w-text\"><span class=\"w-text-h\"><span class=\"w-text-value\">Idealny dla par, rodzin lub grup pragn\u0105cych komfortu i prywatno\u015bci<\/span><\/span><\/div><\/div><div class=\"w-separator size_custom\" style=\"height:1rem\"><\/div><div class=\"w-hwrapper us_custom_7b59516b valign_baseline wrap align_none\" style=\"--hwrapper-gap:1rem\"><div class=\"w-text us_custom_4c093b37 has_text_color\"><span class=\"w-text-h\"><span class=\"w-text-value\">Wsp\u00f3lne us\u0142ugi wahad\u0142owe<\/span><\/span><\/div><div class=\"w-text\"><span class=\"w-text-h\"><span class=\"w-text-value\">Przyjazny dla bud\u017cetu spos\u00f3b dotarcia do celu<\/span><\/span><\/div><\/div><div class=\"w-separator size_custom\" style=\"height:1rem\"><\/div><div class=\"w-hwrapper us_custom_7b59516b valign_baseline wrap align_none\" style=\"--hwrapper-gap:1rem\"><div class=\"w-text us_custom_4c093b37 has_text_color\"><span class=\"w-text-h\"><span class=\"w-text-value\">Opcje Premium i VIP<\/span><\/span><\/div><div class=\"w-text\"><span class=\"w-text-h\"><span class=\"w-text-value\">Podr\u00f3\u017cuj stylowo dzi\u0119ki wysokiej klasy pojazdom<\/span><\/span><\/div><\/div><div class=\"w-separator size_small\"><\/div><div class=\"w-text\"><span class=\"w-text-h\"><span class=\"w-text-value\">Foteliki dzieci\u0119ce, du\u017cy baga\u017c i specjalne \u017cyczenia dost\u0119pne na \u017cyczenie.<\/span><\/span><\/div><div class=\"w-separator size_medium\"><\/div><div class=\"w-text\"><span class=\"w-text-h\"><span class=\"w-text-value\">Rezerwacja jest szybka, bezpieczna i obs\u0142ugiwana bezpo\u015brednio przez nasz\u0105 platform\u0119 partnersk\u0105. Wystarczy wybra\u0107 lotnisko, wpisa\u0107 cel podr\u00f3\u017cy i gotowe. <\/span><\/span><\/div><div class=\"w-separator size_medium\"><\/div><div class=\"w-btn-wrapper align_none\"><a class=\"w-btn us-btn-style_1\" href=\"https:\/\/www.shuttlespaintransfers.com\/en\/tenerife-airport-transfers\/partner\/the-tenerife-channel\" target=\"_blank\" rel=\"noopener\"><span class=\"w-btn-label\">Kliknij tutaj, aby zarezerwowa\u0107 transfer<\/span><\/a><\/div><div class=\"w-hwrapper us_custom_7b59516b valign_baseline wrap align_none\" style=\"--hwrapper-gap:1rem\"><\/div><\/div><\/div><div class=\"wpb_column vc_column_container\"><div class=\"vc_column-inner\"><div class=\"w-image us_custom_be776f20 style_shadow-2 has_ratio align_none\"><div class=\"w-image-h\"><div style=\"padding-bottom:100%\"><\/div><div class=\"w-image-shadow\" style=\"background-image:url(https:\/\/thetenerifechannel.com\/wp-content\/uploads\/2025\/07\/Tenerife-airport-transfers-1.jpg);\"><\/div><img decoding=\"async\" width=\"600\" height=\"400\" src=\"https:\/\/thetenerifechannel.com\/wp-content\/uploads\/2025\/07\/Tenerife-airport-transfers-1.jpg\" class=\"attachment-large size-large\" alt=\"\" loading=\"lazy\" \/><\/div><\/div><\/div><\/div><\/div><\/div><\/section>\n","protected":false},"excerpt":{"rendered":"Transfery lotniskowe i transfer wahad\u0142owy na TeneryfieSpraw, aby Tw\u00f3j przylot na Teneryf\u0119 przebiega\u0142 sprawnie i bezproblemowo dzi\u0119ki naszym niezawodnym opcjom transferu lotniskowego i transferu wahad\u0142owego.\u0141atwo zarezerwuj sw\u00f3j transfer za po\u015brednictwem naszego zaufanego partnera i ciesz si\u0119 nim:Prywatne transferyIdealny dla par, rodzin lub grup pragn\u0105cych komfortu i prywatno\u015bciWsp\u00f3lne us\u0142ugi wahad\u0142owePrzyjazny dla bud\u017cetu spos\u00f3b dotarcia do celuOpcje...","protected":false},"author":14,"featured_media":0,"parent":0,"menu_order":0,"comment_status":"closed","ping_status":"closed","template":"","meta":{"_acf_changed":false,"_joinchat":[],"footnotes":""},"class_list":["post-106845","page","type-page","status-publish","hentry"],"acf":[],"_links":{"self":[{"href":"https:\/\/thetenerifechannel.com\/pl\/wp-json\/wp\/v2\/pages\/106845","targetHints":{"allow":["GET"]}}],"collection":[{"href":"https:\/\/thetenerifechannel.com\/pl\/wp-json\/wp\/v2\/pages"}],"about":[{"href":"https:\/\/thetenerifechannel.com\/pl\/wp-json\/wp\/v2\/types\/page"}],"author":[{"embeddable":true,"href":"https:\/\/thetenerifechannel.com\/pl\/wp-json\/wp\/v2\/users\/14"}],"replies":[{"embeddable":true,"href":"https:\/\/thetenerifechannel.com\/pl\/wp-json\/wp\/v2\/comments?post=106845"}],"version-history":[{"count":1,"href":"https:\/\/thetenerifechannel.com\/pl\/wp-json\/wp\/v2\/pages\/106845\/revisions"}],"predecessor-version":[{"id":106848,"href":"https:\/\/thetenerifechannel.com\/pl\/wp-json\/wp\/v2\/pages\/106845\/revisions\/106848"}],"wp:attachment":[{"href":"https:\/\/thetenerifechannel.com\/pl\/wp-json\/wp\/v2\/media?parent=106845"}],"curies":[{"name":"wp","href":"https:\/\/api.w.org\/{rel}","templated":true}]}}