{"id":106857,"date":"2024-12-04T12:06:06","date_gmt":"2024-12-04T12:06:06","guid":{"rendered":"https:\/\/thetenerifechannel.com\/esim\/"},"modified":"2026-02-02T13:00:13","modified_gmt":"2026-02-02T13:00:13","slug":"esim","status":"publish","type":"page","link":"https:\/\/thetenerifechannel.com\/pl\/esim\/","title":{"rendered":"eSIM"},"content":{"rendered":"<section class=\"l-section wpb_row us_custom_b081f894 height_huge width_custom\" style=\"--site-content-width:1500px;\"><div class=\"l-section-h i-cf\"><div class=\"g-cols vc_row via_grid cols_3-2 laptops-cols_inherit tablets-cols_1 mobiles-cols_1 valign_middle type_default\"><div class=\"wpb_column vc_column_container\"><div class=\"vc_column-inner\"><h1 class=\"w-text us_custom_f348dc7e\"><span class=\"w-text-h\"><span class=\"w-text-value\">Pozosta\u0144 w kontakcie, oszcz\u0119dzaj du\u017ce kwoty<\/span><\/span><\/h1><div class=\"w-separator size_medium\"><\/div><div class=\"w-hwrapper us_custom_7b59516b valign_baseline wrap align_none\" style=\"--hwrapper-gap:1rem\"><div class=\"w-text us_custom_d7ac7758 has_text_color icon_atleft\"><span class=\"w-text-h\"><i class=\"fas fa-check-circle\"><\/i><span class=\"w-text-value\">Oszcz\u0119dno\u015b\u0107 na kosztach roamingu:<\/span><\/span><\/div><div class=\"w-text\"><span class=\"w-text-h\"><span class=\"w-text-value\">Przyst\u0119pne cenowo plany transmisji danych zapewniaj\u0105ce bezstresow\u0105 \u0142\u0105czno\u015b\u0107.<\/span><\/span><\/div><\/div><div class=\"w-separator size_custom\" style=\"height:1rem\"><\/div><div class=\"w-hwrapper us_custom_7b59516b valign_baseline wrap align_none\" style=\"--hwrapper-gap:1rem\"><div class=\"w-text us_custom_4c093b37 has_text_color icon_atleft\"><span class=\"w-text-h\"><i class=\"fas fa-check-circle\"><\/i><span class=\"w-text-value\">Natychmiastowa aktywacja:<\/span><\/span><\/div><div class=\"w-text\"><span class=\"w-text-h\"><span class=\"w-text-value\">Uzyskaj dost\u0119p do Internetu natychmiast po przybyciu na Teneryf\u0119.<\/span><\/span><\/div><\/div><div class=\"w-separator size_custom\" style=\"height:1rem\"><\/div><div class=\"w-hwrapper us_custom_7b59516b valign_baseline wrap align_none\" style=\"--hwrapper-gap:1rem\"><div class=\"w-text us_custom_4c093b37 has_text_color icon_atleft\"><span class=\"w-text-h\"><i class=\"fas fa-check-circle\"><\/i><span class=\"w-text-value\">Wygodna konfiguracja:<\/span><\/span><\/div><div class=\"w-text\"><span class=\"w-text-h\"><span class=\"w-text-value\">Brak fizycznej karty SIM &#8211; \u0142atwe prze\u0142\u0105czanie na eSIM.<\/span><\/span><\/div><\/div><div class=\"w-separator size_medium\"><\/div><div class=\"w-btn-wrapper align_none\"><a class=\"w-btn us-btn-style_1 icon_atright\" target=\"_blank\" href=\"https:\/\/amigosim.com\/?af_force_deeplink=true&amp;source_caller=api&amp;pid=QR_code&amp;is_retargeting=true&amp;affiliate_email=info@thetenerifechannel.com&amp;shortlink=u904ljym&amp;deep_link_value=affiliatemarketing&amp;af_channel=my_channel&amp;c=my_campaign\"><span class=\"w-btn-label\">Pobierz teraz<\/span><i class=\"fas fa-chevron-right\"><\/i><\/a><\/div><\/div><\/div><div class=\"wpb_column vc_column_container\"><div class=\"vc_column-inner\"><div class=\"w-image align_center\"><a target=\"_blank\" href=\"https:\/\/amigosim.com\/?af_force_deeplink=true&amp;source_caller=api&amp;pid=QR_code&amp;is_retargeting=true&amp;affiliate_email=info@thetenerifechannel.com&amp;shortlink=u904ljym&amp;deep_link_value=affiliatemarketing&amp;af_channel=my_channel&amp;c=my_campaign\" aria-label=\"Amigo eSIM\" class=\"w-image-h\"><img decoding=\"async\" width=\"424\" height=\"600\" src=\"https:\/\/thetenerifechannel.com\/wp-content\/uploads\/2024\/12\/Amigo-eSIM-e1733311712188.jpeg\" class=\"attachment-full size-full\" alt=\"\" loading=\"lazy\" \/><\/a><\/div><\/div><\/div><\/div><\/div><\/section>\n","protected":false},"excerpt":{"rendered":"Pozosta\u0144 w kontakcie, oszcz\u0119dzaj du\u017ce kwotyOszcz\u0119dno\u015b\u0107 na kosztach roamingu:Przyst\u0119pne cenowo plany transmisji danych zapewniaj\u0105ce bezstresow\u0105 \u0142\u0105czno\u015b\u0107.Natychmiastowa aktywacja:Uzyskaj dost\u0119p do Internetu natychmiast po przybyciu na Teneryf\u0119.Wygodna konfiguracja:Brak fizycznej karty SIM &#8211; \u0142atwe prze\u0142\u0105czanie na eSIM.Pobierz teraz","protected":false},"author":14,"featured_media":0,"parent":0,"menu_order":0,"comment_status":"closed","ping_status":"closed","template":"","meta":{"_acf_changed":false,"_joinchat":[],"footnotes":""},"class_list":["post-106857","page","type-page","status-publish","hentry"],"acf":[],"_links":{"self":[{"href":"https:\/\/thetenerifechannel.com\/pl\/wp-json\/wp\/v2\/pages\/106857","targetHints":{"allow":["GET"]}}],"collection":[{"href":"https:\/\/thetenerifechannel.com\/pl\/wp-json\/wp\/v2\/pages"}],"about":[{"href":"https:\/\/thetenerifechannel.com\/pl\/wp-json\/wp\/v2\/types\/page"}],"author":[{"embeddable":true,"href":"https:\/\/thetenerifechannel.com\/pl\/wp-json\/wp\/v2\/users\/14"}],"replies":[{"embeddable":true,"href":"https:\/\/thetenerifechannel.com\/pl\/wp-json\/wp\/v2\/comments?post=106857"}],"version-history":[{"count":1,"href":"https:\/\/thetenerifechannel.com\/pl\/wp-json\/wp\/v2\/pages\/106857\/revisions"}],"predecessor-version":[{"id":106877,"href":"https:\/\/thetenerifechannel.com\/pl\/wp-json\/wp\/v2\/pages\/106857\/revisions\/106877"}],"wp:attachment":[{"href":"https:\/\/thetenerifechannel.com\/pl\/wp-json\/wp\/v2\/media?parent=106857"}],"curies":[{"name":"wp","href":"https:\/\/api.w.org\/{rel}","templated":true}]}}