{"id":106990,"date":"2024-06-19T08:16:27","date_gmt":"2024-06-19T08:16:27","guid":{"rendered":"https:\/\/thetenerifechannel.com\/wynajem-samochodow-teneryfa\/"},"modified":"2026-02-02T13:00:59","modified_gmt":"2026-02-02T13:00:59","slug":"wynajem-samochodow-teneryfa","status":"publish","type":"page","link":"https:\/\/thetenerifechannel.com\/pl\/wynajem-samochodow-teneryfa\/","title":{"rendered":"Wynajem samochod\u00f3w Teneryfa"},"content":{"rendered":"<section class=\"l-section wpb_row us_custom_b75650c0 .vertical_center height_huge full_height valign_center width_full\"><div class=\"l-section-h i-cf\"><div class=\"g-cols vc_row via_grid cols_1 laptops-cols_inherit tablets-cols_inherit mobiles-cols_1 valign_middle type_default stacking_default\"><div class=\"wpb_column vc_column_container\"><div class=\"vc_column-inner\"><div class=\"w-btn-wrapper align_center\"><a class=\"w-btn us-btn-style_1\" target=\"_blank\" title=\"Portfolio\" href=\"https:\/\/sanasty.com\/\" rel=\"noopener\"><span class=\"w-btn-label\">Zarezerwuj wynajem samochodu ju\u017c teraz<\/span><\/a><\/div><\/div><\/div><\/div><\/div><\/section><section class=\"l-section wpb_row us_custom_8cceadb7 height_auto\" id=\"third\"><div class=\"l-section-h i-cf\"><div class=\"g-cols vc_row via_grid cols_1 laptops-cols_inherit tablets-cols_inherit mobiles-cols_1 valign_top type_default stacking_default\"><div class=\"wpb_column vc_column_container\"><div class=\"vc_column-inner\"><div class=\"w-separator size_small\"><\/div><h2 class=\"w-text us_custom_edfcb414\"><span class=\"w-text-h\"><span class=\"w-text-value\">Dlaczego nawi\u0105zali\u015bmy wsp\u00f3\u0142prac\u0119 z Sanasty Car Rental?<\/span><\/span><\/h2><div class=\"w-separator size_large\"><\/div><div class=\"g-cols wpb_row us_custom_5c83da34 via_grid cols_2 laptops-cols_inherit tablets-cols_inherit mobiles-cols_1 valign_top type_default stacking_default\" style=\"--columns-gap:2rem;\"><div class=\"wpb_column vc_column_container\"><div class=\"vc_column-inner\"><div class=\"w-iconbox iconpos_left style_default color_primary align_left no_text\"><div class=\"w-iconbox-icon\" style=\"font-size:2rem;\"><i class=\"far fa-thumbs-up\"><\/i><\/div><div class=\"w-iconbox-meta\"><h3 class=\"w-iconbox-title\" style=\"font-size:1.5rem;\">Brak dodatkowych op\u0142at, brak ukrytych koszt\u00f3w<\/h3><\/div><\/div><\/div><\/div><div class=\"wpb_column vc_column_container\"><div class=\"vc_column-inner\"><div class=\"w-iconbox iconpos_left style_default color_primary align_left no_text\"><div class=\"w-iconbox-icon\" style=\"font-size:2rem;\"><i class=\"far fa-thumbs-up\"><\/i><\/div><div class=\"w-iconbox-meta\"><h3 class=\"w-iconbox-title\" style=\"font-size:1.5rem;\">Karta kredytowa nie jest wymagana<\/h3><\/div><\/div><\/div><\/div><div class=\"wpb_column vc_column_container\"><div class=\"vc_column-inner\"><div class=\"w-iconbox iconpos_left style_default color_primary align_left no_text\"><div class=\"w-iconbox-icon\" style=\"font-size:2rem;\"><i class=\"far fa-thumbs-up\"><\/i><\/div><div class=\"w-iconbox-meta\"><h3 class=\"w-iconbox-title\" style=\"font-size:1.5rem;\">Nieograniczony przebieg<\/h3><\/div><\/div><\/div><\/div><div class=\"wpb_column vc_column_container\"><div class=\"vc_column-inner\"><div class=\"w-iconbox iconpos_left style_default color_primary align_left no_text\"><div class=\"w-iconbox-icon\" style=\"font-size:2rem;\"><i class=\"far fa-thumbs-up\"><\/i><\/div><div class=\"w-iconbox-meta\"><h3 class=\"w-iconbox-title\" style=\"font-size:1.5rem;\">Odbi\u00f3r\/ dow\u00f3z na lotnisku Teneryfa Po\u0142udniowa<\/h3><\/div><\/div><\/div><\/div><div class=\"wpb_column vc_column_container\"><div class=\"vc_column-inner\"><div class=\"w-iconbox iconpos_left style_default color_primary align_left no_text\"><div class=\"w-iconbox-icon\" style=\"font-size:2rem;\"><i class=\"far fa-thumbs-up\"><\/i><\/div><div class=\"w-iconbox-meta\"><h3 class=\"w-iconbox-title\" style=\"font-size:1.5rem;\">Kompleksowe ubezpieczenie<\/h3><\/div><\/div><\/div><\/div><div class=\"wpb_column vc_column_container\"><div class=\"vc_column-inner\"><div class=\"w-iconbox iconpos_left style_default color_primary align_left no_text\"><div class=\"w-iconbox-icon\" style=\"font-size:2rem;\"><i class=\"far fa-thumbs-up\"><\/i><\/div><div class=\"w-iconbox-meta\"><h3 class=\"w-iconbox-title\" style=\"font-size:1.5rem;\">Dostawa i zwrot z hotelu na po\u0142udniu<\/h3><\/div><\/div><\/div><\/div><div class=\"wpb_column vc_column_container\"><div class=\"vc_column-inner\"><div class=\"w-iconbox iconpos_left style_default color_primary align_left no_text\"><div class=\"w-iconbox-icon\" style=\"font-size:2rem;\"><i class=\"far fa-thumbs-up\"><\/i><\/div><div class=\"w-iconbox-meta\"><h3 class=\"w-iconbox-title\" style=\"font-size:1.5rem;\">Podatki wliczone w cen\u0119<\/h3><\/div><\/div><\/div><\/div><div class=\"wpb_column vc_column_container\"><div class=\"vc_column-inner\"><div class=\"w-iconbox iconpos_left style_default color_primary align_left no_text\"><div class=\"w-iconbox-icon\" style=\"font-size:2rem;\"><i class=\"far fa-thumbs-up\"><\/i><\/div><div class=\"w-iconbox-meta\"><h3 class=\"w-iconbox-title\" style=\"font-size:1.5rem;\">Firma angloj\u0119zyczna<\/h3><\/div><\/div><\/div><\/div><\/div><\/div><\/div><\/div><\/div><\/section><section class=\"l-section wpb_row height_huge\"><div class=\"l-section-h i-cf\"><div class=\"g-cols vc_row via_grid cols_1 laptops-cols_inherit tablets-cols_inherit mobiles-cols_1 valign_top type_default stacking_default\"><div class=\"wpb_column vc_column_container\"><div class=\"vc_column-inner\"><h2 class=\"w-text us_custom_edfcb414\"><span class=\"w-text-h\"><span class=\"w-text-value\">Wynajem samochodu na Teneryfie<\/span><\/span><\/h2><div class=\"w-tabs style_default switch_click accordion has_scrolling\" style=\"--sections-title-size:inherit\"><div class=\"w-tabs-sections titles-align_none icon_chevron cpos_right\"><div class=\"w-tabs-section\" id=\"q207\" itemscope itemprop=\"mainEntity\" itemtype=\"https:\/\/schema.org\/Question\"><button class=\"w-tabs-section-header\" aria-controls=\"content-q207\" aria-expanded=\"false\"><h3 class=\"w-tabs-section-title\" itemprop=\"name\">Jaki jest \u015bredni koszt wynajmu samochodu w Tenerife?<\/h3><div class=\"w-tabs-section-control\"><\/div><\/button><div  class=\"w-tabs-section-content\" id=\"content-q207\" itemscope itemprop=\"acceptedAnswer\" itemtype=\"https:\/\/schema.org\/Answer\"><div class=\"w-tabs-section-content-h i-cf\" itemprop=\"text\"><div class=\"wpb_text_column\"><div class=\"wpb_wrapper\"><p><strong>\u015aredni koszt wynajmu samochodu na Teneryfie wynosi 122 GBP dziennie<\/strong>, ale ceny mog\u0105 si\u0119 r\u00f3\u017cni\u0107 w zale\u017cno\u015bci od <strong>sezonu, typu samochodu i czasu wynajmu<\/strong>. Mo\u017cesz znale\u017a\u0107 <strong>ta\u0144sze oferty, dokonuj\u0105c rezerwacji z wyprzedzeniem<\/strong> lub decyduj\u0105c si\u0119 na <strong>d\u0142u\u017cszy okres wynajmu<\/strong>. Ponadto <strong>samochody kompaktowe<\/strong> s\u0105 zwykle bardziej przyst\u0119pne cenowo, podczas gdy <strong>wynajem samochod\u00f3w luksusowych lub SUV-\u00f3w<\/strong> mo\u017ce by\u0107 dro\u017cszy.  <\/p>\n<\/div><\/div><\/div><\/div><\/div><div class=\"w-tabs-section\" id=\"x44f\" itemscope itemprop=\"mainEntity\" itemtype=\"https:\/\/schema.org\/Question\"><button class=\"w-tabs-section-header\" aria-controls=\"content-x44f\" aria-expanded=\"false\"><h3 class=\"w-tabs-section-title\" itemprop=\"name\">Jaki jest najpopularniejszy model wynajmu samochodu w Tenerife?<\/h3><div class=\"w-tabs-section-control\"><\/div><\/button><div  class=\"w-tabs-section-content\" id=\"content-x44f\" itemscope itemprop=\"acceptedAnswer\" itemtype=\"https:\/\/schema.org\/Answer\"><div class=\"w-tabs-section-content-h i-cf\" itemprop=\"text\"><div class=\"wpb_text_column\"><div class=\"wpb_wrapper\"><p><strong>Najpopularniejszym rodzajem wynajmu samochod\u00f3w na Teneryfie jest kompaktowy<\/strong> i \u0142atwo zrozumie\u0107, dlaczego! Samochody kompaktowe s\u0105 <strong>niedrogie, oszcz\u0119dne i idealne do poruszania si\u0119 po kr\u0119tych drogach Teneryfy i ruchliwych ulicach miasta<\/strong>. U\u0142atwiaj\u0105 r\u00f3wnie\u017c parkowanie w popularnych miejscach turystycznych, takich jak <strong>Costa Adeje czy Santa Cruz<\/strong>. <\/p>\n<p>Niezale\u017cnie od tego, czy zwiedzasz <strong>Teide, pla\u017ce Los Cristianos, czy g\u00f3ry Anaga<\/strong>, kompaktowy samoch\u00f3d zapewnia idealn\u0105 r\u00f3wnowag\u0119 mi\u0119dzy <strong>komfortem, oszcz\u0119dno\u015bci\u0105 i wygod\u0105<\/strong>. Zarezerwuj wcze\u015bniej, aby uzyska\u0107 najlepsze oferty! <\/p>\n<\/div><\/div><\/div><\/div><\/div><div class=\"w-tabs-section\" id=\"x6b2\" itemscope itemprop=\"mainEntity\" itemtype=\"https:\/\/schema.org\/Question\"><button class=\"w-tabs-section-header\" aria-controls=\"content-x6b2\" aria-expanded=\"false\"><h3 class=\"w-tabs-section-title\" itemprop=\"name\">Co nale\u017cy wzi\u0105\u0107 pod uwag\u0119 wynajmuj\u0105c samoch\u00f3d na Teneryfie?<\/h3><div class=\"w-tabs-section-control\"><\/div><\/button><div  class=\"w-tabs-section-content\" id=\"content-x6b2\" itemscope itemprop=\"acceptedAnswer\" itemtype=\"https:\/\/schema.org\/Answer\"><div class=\"w-tabs-section-content-h i-cf\" itemprop=\"text\"><div class=\"wpb_text_column\"><div class=\"wpb_wrapper\"><p>Wynajmuj\u0105c samoch\u00f3d na Teneryfie, <strong>Sanasty<\/strong> wyr\u00f3\u017cnia si\u0119 jako <strong>niezawodna i niedroga<\/strong> lokalna wypo\u017cyczalnia. W przeciwie\u0144stwie do g\u0142\u00f3wnych mi\u0119dzynarodowych marek, <strong>Sanasty oferuje przejrzyste ceny bez ukrytych op\u0142at<\/strong>, zapewniaj\u0105c <strong>najlepsz\u0105 ofert\u0119<\/strong> bez niespodzianek. <\/p>\n<p>Rezerwacja z <strong>Sanasty<\/strong> oznacza r\u00f3wnie\u017c <strong>spersonalizowan\u0105 obs\u0142ug\u0119, nieograniczony przebieg<\/strong> i <strong>opcje ubezpieczenia dostosowane do Twoich potrzeb<\/strong>. Zarezerwuj <strong>samoch\u00f3d z Sanasty ju\u017c dzi\u015b<\/strong>, aby zapewni\u0107 sobie bezproblemowe i niedrogie do\u015bwiadczenie <strong>!<\/strong> <\/p>\n<\/div><\/div><\/div><\/div><\/div><div class=\"w-tabs-section\" id=\"w929\" itemscope itemprop=\"mainEntity\" itemtype=\"https:\/\/schema.org\/Question\"><button class=\"w-tabs-section-header\" aria-controls=\"content-w929\" aria-expanded=\"false\"><h3 class=\"w-tabs-section-title\" itemprop=\"name\">Jakie s\u0105 najwa\u017cniejsze wskaz\u00f3wki dotycz\u0105ce wynajmu samochodu na Teneryfie z Sanasty?<\/h3><div class=\"w-tabs-section-control\"><\/div><\/button><div  class=\"w-tabs-section-content\" id=\"content-w929\" itemscope itemprop=\"acceptedAnswer\" itemtype=\"https:\/\/schema.org\/Answer\"><div class=\"w-tabs-section-content-h i-cf\" itemprop=\"text\"><div class=\"wpb_text_column\"><div class=\"wpb_wrapper\"><p><strong>Szukasz bezproblemowego wynajmu samochodu na Teneryfie?<\/strong> Oto kilka najwa\u017cniejszych wskaz\u00f3wek, jak najlepiej wykorzysta\u0107 swoje do\u015bwiadczenie z <strong>Sanasty<\/strong>, zaufanym lokalnym dostawc\u0105 oferuj\u0105cym <strong>przejrzyste ceny, nieograniczony przebieg i spersonalizowan\u0105 obs\u0142ug\u0119<\/strong>.<\/p>\n<ul>\n<li>Planujesz zwiedzi\u0107 <a href=\"https:\/\/thetenerifechannel.com\/pl\/product-category\/wycieczki-na-teide\/\">Teide<\/a> lub Anaga? Wybierz <strong>SUV-a<\/strong>. Pobyt w pobli\u017cu wybrze\u017ca? <strong>Kompaktowy samoch\u00f3d<\/strong> jest idealny ze wzgl\u0119du na \u0142atwo\u015b\u0107 parkowania i oszcz\u0119dno\u015b\u0107 paliwa.<\/li>\n<li>Teneryfa to popularny cel podr\u00f3\u017cy, a wypo\u017cyczone samochody szybko si\u0119 rozchodz\u0105! <strong>Zabezpiecz swoj\u0105 rezerwacj\u0119 z wyprzedzeniem<\/strong>, aby zagwarantowa\u0107 preferowany pojazd w najlepszej cenie.<\/li>\n<\/ul>\n<\/div><\/div><\/div><\/div><\/div><\/div><\/div><\/div><\/div><\/div><\/div><\/section><section class=\"l-section wpb_row hide_on_default hide_on_laptops hide_on_tablets hide_on_mobiles height_huge\"><div class=\"l-section-h i-cf\"><div class=\"g-cols vc_row via_grid cols_1 laptops-cols_inherit tablets-cols_inherit mobiles-cols_1 valign_top type_default stacking_default\"><div class=\"wpb_column vc_column_container\"><div class=\"vc_column-inner\"><div class=\"wpb_text_column\"><div class=\"wpb_wrapper\"><h3>Jaki jest \u015bredni koszt wynajmu samochodu w Tenerife?<\/h3>\n<\/div><\/div><div class=\"wpb_text_column\"><div class=\"wpb_wrapper\"><p style=\"text-align: left;\"><strong>\u015aredni koszt wynajmu samochodu na Teneryfie wynosi 122 GBP dziennie<\/strong>, ale ceny mog\u0105 si\u0119 r\u00f3\u017cni\u0107 w zale\u017cno\u015bci od <strong>sezonu, typu samochodu i czasu wynajmu<\/strong>. Mo\u017cesz znale\u017a\u0107 <strong>ta\u0144sze oferty, rezerwuj\u0105c z wyprzedzeniem<\/strong> lub wybieraj\u0105c <strong>d\u0142u\u017cszy okres wynajmu<\/strong>. Ponadto <strong>samochody kompaktowe<\/strong> s\u0105 zwykle bardziej przyst\u0119pne cenowo, podczas gdy <strong>wynajem samochod\u00f3w luksusowych lub SUV-\u00f3w<\/strong> mo\u017ce by\u0107 dro\u017cszy.  <\/p>\n<\/div><\/div><div class=\"w-separator size_medium\"><\/div><div class=\"wpb_text_column\"><div class=\"wpb_wrapper\"><h3>Jaki jest najpopularniejszy model wynajmu samochodu w Tenerife?<\/h3>\n<\/div><\/div><div class=\"wpb_text_column\"><div class=\"wpb_wrapper\"><p><strong>Najpopularniejszym rodzajem wynajmu samochod\u00f3w na Teneryfie jest kompaktowy<\/strong> i \u0142atwo zrozumie\u0107, dlaczego! Samochody kompaktowe s\u0105 <strong>niedrogie, oszcz\u0119dne i idealne do poruszania si\u0119 po kr\u0119tych drogach Teneryfy i ruchliwych ulicach miasta<\/strong>. U\u0142atwiaj\u0105 r\u00f3wnie\u017c parkowanie w popularnych miejscach turystycznych, takich jak <strong>Costa Adeje czy Santa Cruz<\/strong>. <\/p>\n<p>Niezale\u017cnie od tego, czy zwiedzasz <strong>Teide, pla\u017ce Los Cristianos, czy g\u00f3ry Anaga<\/strong>, kompaktowy samoch\u00f3d zapewnia idealn\u0105 r\u00f3wnowag\u0119 mi\u0119dzy <strong>komfortem, oszcz\u0119dno\u015bci\u0105 i wygod\u0105<\/strong>. Zarezerwuj wcze\u015bniej, aby uzyska\u0107 najlepsze oferty! <\/p>\n<\/div><\/div><div class=\"w-separator size_medium\"><\/div><div class=\"wpb_text_column\"><div class=\"wpb_wrapper\"><h3>Co nale\u017cy wzi\u0105\u0107 pod uwag\u0119 wynajmuj\u0105c samoch\u00f3d na Teneryfie?<\/h3>\n<\/div><\/div><div class=\"wpb_text_column\"><div class=\"wpb_wrapper\"><p>Wynajmuj\u0105c samoch\u00f3d na Teneryfie, <strong>Sanasty<\/strong> wyr\u00f3\u017cnia si\u0119 jako <strong>niezawodna i niedroga<\/strong> lokalna wypo\u017cyczalnia. W przeciwie\u0144stwie do g\u0142\u00f3wnych mi\u0119dzynarodowych marek, <strong>Sanasty oferuje przejrzyste ceny bez ukrytych op\u0142at<\/strong>, zapewniaj\u0105c <strong>najlepsz\u0105 ofert\u0119<\/strong> bez niespodzianek. <\/p>\n<p>Rezerwacja z <strong>Sanasty<\/strong> oznacza r\u00f3wnie\u017c <strong>spersonalizowan\u0105 obs\u0142ug\u0119, nieograniczony przebieg<\/strong> i <strong>opcje ubezpieczenia dostosowane do Twoich potrzeb<\/strong>. Zarezerwuj <strong>samoch\u00f3d z Sanasty ju\u017c dzi\u015b<\/strong>, aby cieszy\u0107 si\u0119 bezproblemow\u0105 i niedrog\u0105 jazd\u0105 <strong>!<\/strong> <\/p>\n<\/div><\/div><div class=\"w-separator size_medium\"><\/div><div class=\"wpb_text_column\"><div class=\"wpb_wrapper\"><h3>Jakie s\u0105 najwa\u017cniejsze wskaz\u00f3wki dotycz\u0105ce wynajmu samochodu na Teneryfie z Sanasty?<\/h3>\n<\/div><\/div><div class=\"wpb_text_column\"><div class=\"wpb_wrapper\"><p><strong>Szukasz bezproblemowego wynajmu samochodu na Teneryfie?<\/strong> Oto kilka najwa\u017cniejszych wskaz\u00f3wek, jak najlepiej wykorzysta\u0107 swoje do\u015bwiadczenie z <strong>Sanasty<\/strong>, zaufanym lokalnym dostawc\u0105 oferuj\u0105cym <strong>przejrzyste ceny, nieograniczony przebieg i spersonalizowan\u0105 obs\u0142ug\u0119<\/strong>.<\/p>\n<ul>\n<li>Planujesz zwiedzi\u0107 <a href=\"https:\/\/thetenerifechannel.com\/pl\/product-category\/wycieczki-na-teide\/\">Teide<\/a> lub Anaga? Wybierz <strong>SUV-a<\/strong>. Pobyt w pobli\u017cu wybrze\u017ca? <strong>Kompaktowy samoch\u00f3d<\/strong> jest idealny ze wzgl\u0119du na \u0142atwo\u015b\u0107 parkowania i oszcz\u0119dno\u015b\u0107 paliwa.<\/li>\n<li>Teneryfa to popularny cel podr\u00f3\u017cy, a wypo\u017cyczone samochody szybko si\u0119 rozchodz\u0105! <strong>Zabezpiecz swoj\u0105 rezerwacj\u0119 z wyprzedzeniem<\/strong>, aby zagwarantowa\u0107 preferowany pojazd w najlepszej cenie.<\/li>\n<\/ul>\n<\/div><\/div><\/div><\/div><\/div><\/div><\/section>\n","protected":false},"excerpt":{"rendered":"Zarezerwuj wynajem samochodu ju\u017c terazDlaczego nawi\u0105zali\u015bmy wsp\u00f3\u0142prac\u0119 z Sanasty Car Rental?Brak dodatkowych op\u0142at, brak ukrytych koszt\u00f3wKarta kredytowa nie jest wymaganaNieograniczony przebiegOdbi\u00f3r\/ dow\u00f3z na lotnisku Teneryfa Po\u0142udniowaKompleksowe ubezpieczenieDostawa i zwrot z hotelu na po\u0142udniuPodatki wliczone w cen\u0119Firma angloj\u0119zycznaWynajem samochodu na TeneryfieJaki jest \u015bredni koszt wynajmu samochodu w Tenerife?\u015aredni koszt wynajmu samochodu na Teneryfie wynosi 122 GBP...","protected":false},"author":14,"featured_media":0,"parent":0,"menu_order":0,"comment_status":"closed","ping_status":"closed","template":"","meta":{"_acf_changed":false,"_joinchat":[],"footnotes":""},"class_list":["post-106990","page","type-page","status-publish","hentry"],"acf":[],"_links":{"self":[{"href":"https:\/\/thetenerifechannel.com\/pl\/wp-json\/wp\/v2\/pages\/106990","targetHints":{"allow":["GET"]}}],"collection":[{"href":"https:\/\/thetenerifechannel.com\/pl\/wp-json\/wp\/v2\/pages"}],"about":[{"href":"https:\/\/thetenerifechannel.com\/pl\/wp-json\/wp\/v2\/types\/page"}],"author":[{"embeddable":true,"href":"https:\/\/thetenerifechannel.com\/pl\/wp-json\/wp\/v2\/users\/14"}],"replies":[{"embeddable":true,"href":"https:\/\/thetenerifechannel.com\/pl\/wp-json\/wp\/v2\/comments?post=106990"}],"version-history":[{"count":6,"href":"https:\/\/thetenerifechannel.com\/pl\/wp-json\/wp\/v2\/pages\/106990\/revisions"}],"predecessor-version":[{"id":107013,"href":"https:\/\/thetenerifechannel.com\/pl\/wp-json\/wp\/v2\/pages\/106990\/revisions\/107013"}],"wp:attachment":[{"href":"https:\/\/thetenerifechannel.com\/pl\/wp-json\/wp\/v2\/media?parent=106990"}],"curies":[{"name":"wp","href":"https:\/\/api.w.org\/{rel}","templated":true}]}}