{"id":106992,"date":"2024-02-02T10:08:42","date_gmt":"2024-02-02T10:08:42","guid":{"rendered":"https:\/\/thetenerifechannel.com\/bezplatny-przewodnik\/"},"modified":"2026-02-02T13:00:58","modified_gmt":"2026-02-02T13:00:58","slug":"bezplatny-przewodnik","status":"publish","type":"page","link":"https:\/\/thetenerifechannel.com\/pl\/bezplatny-przewodnik\/","title":{"rendered":"Bezp\u0142atny przewodnik"},"content":{"rendered":"<section class=\"l-section wpb_row height_small\"><div class=\"l-section-h i-cf\"><div class=\"g-cols vc_row via_grid cols_2 laptops-cols_inherit tablets-cols_inherit mobiles-cols_1 valign_top type_default stacking_default\"><div class=\"wpb_column vc_column_container\"><div class=\"vc_column-inner\"><h5 class=\"w-text\"><span class=\"w-text-h\"><span class=\"w-text-value\">Wkr\u00f3tce otrzymasz sw\u00f3j przewodnik po Teneryfie. Je\u015bli nie widzisz wiadomo\u015bci e-mail, sprawd\u017a skrzynk\u0119 spamu, je\u015bli zosta\u0142a nieprawid\u0142owo przefiltrowana. Do zobaczenia wkr\u00f3tce!  <\/span><\/span><\/h5><\/div><\/div><\/div><\/div><\/section><section class=\"l-section wpb_row height_huge\"><div class=\"l-section-h i-cf\"><div class=\"g-cols vc_row via_grid cols_1 laptops-cols_inherit tablets-cols_inherit mobiles-cols_1 valign_top type_default stacking_default\"><div class=\"wpb_column vc_column_container\"><div class=\"vc_column-inner\"><\/div><\/div><\/div><\/div><\/section>\n","protected":false},"excerpt":{"rendered":"Wkr\u00f3tce otrzymasz sw\u00f3j przewodnik po Teneryfie. Je\u015bli nie widzisz wiadomo\u015bci e-mail, sprawd\u017a skrzynk\u0119 spamu, je\u015bli zosta\u0142a nieprawid\u0142owo przefiltrowana. Do zobaczenia wkr\u00f3tce!","protected":false},"author":15,"featured_media":0,"parent":0,"menu_order":0,"comment_status":"closed","ping_status":"closed","template":"","meta":{"_acf_changed":false,"_joinchat":[],"footnotes":""},"class_list":["post-106992","page","type-page","status-publish","hentry"],"acf":[],"_links":{"self":[{"href":"https:\/\/thetenerifechannel.com\/pl\/wp-json\/wp\/v2\/pages\/106992","targetHints":{"allow":["GET"]}}],"collection":[{"href":"https:\/\/thetenerifechannel.com\/pl\/wp-json\/wp\/v2\/pages"}],"about":[{"href":"https:\/\/thetenerifechannel.com\/pl\/wp-json\/wp\/v2\/types\/page"}],"author":[{"embeddable":true,"href":"https:\/\/thetenerifechannel.com\/pl\/wp-json\/wp\/v2\/users\/15"}],"replies":[{"embeddable":true,"href":"https:\/\/thetenerifechannel.com\/pl\/wp-json\/wp\/v2\/comments?post=106992"}],"version-history":[{"count":6,"href":"https:\/\/thetenerifechannel.com\/pl\/wp-json\/wp\/v2\/pages\/106992\/revisions"}],"predecessor-version":[{"id":107012,"href":"https:\/\/thetenerifechannel.com\/pl\/wp-json\/wp\/v2\/pages\/106992\/revisions\/107012"}],"wp:attachment":[{"href":"https:\/\/thetenerifechannel.com\/pl\/wp-json\/wp\/v2\/media?parent=106992"}],"curies":[{"name":"wp","href":"https:\/\/api.w.org\/{rel}","templated":true}]}}