{"id":106999,"date":"2023-09-27T09:54:46","date_gmt":"2023-09-27T09:54:46","guid":{"rendered":"https:\/\/thetenerifechannel.com\/subskrybenci-potwierdzajacy\/"},"modified":"2026-02-02T13:00:58","modified_gmt":"2026-02-02T13:00:58","slug":"subskrybenci-potwierdzajacy","status":"publish","type":"page","link":"https:\/\/thetenerifechannel.com\/pl\/subskrybenci-potwierdzajacy\/","title":{"rendered":"Subskrybenci potwierdzaj\u0105cy"},"content":{"rendered":"<section class=\"l-section wpb_row height_huge full_height valign_center\"><div class=\"l-section-h i-cf\"><div class=\"g-cols vc_row via_grid cols_1 laptops-cols_inherit tablets-cols_inherit mobiles-cols_1 valign_top type_default stacking_default\"><div class=\"wpb_column vc_column_container\"><div class=\"vc_column-inner\"><div class=\"wpb_text_column\"><div class=\"wpb_wrapper\"><p style=\"text-align: center;\"><strong>Dzi\u0119kujemy za subskrypcj\u0119.<\/strong><br \/>\nZa kilka minut otrzymasz bezp\u0142atny przewodnik lokalny, wi\u0119c koniecznie sprawd\u017a swoj\u0105 skrzynk\u0119 odbiorcz\u0105!<\/p>\n<\/div><\/div><\/div><\/div><\/div><\/div><\/section>\n","protected":false},"excerpt":{"rendered":"Dzi\u0119kujemy za subskrypcj\u0119. Za kilka minut otrzymasz bezp\u0142atny przewodnik lokalny, wi\u0119c koniecznie sprawd\u017a swoj\u0105 skrzynk\u0119 odbiorcz\u0105!","protected":false},"author":15,"featured_media":0,"parent":0,"menu_order":0,"comment_status":"closed","ping_status":"closed","template":"","meta":{"_acf_changed":false,"_joinchat":[],"footnotes":""},"class_list":["post-106999","page","type-page","status-publish","hentry"],"acf":[],"_links":{"self":[{"href":"https:\/\/thetenerifechannel.com\/pl\/wp-json\/wp\/v2\/pages\/106999","targetHints":{"allow":["GET"]}}],"collection":[{"href":"https:\/\/thetenerifechannel.com\/pl\/wp-json\/wp\/v2\/pages"}],"about":[{"href":"https:\/\/thetenerifechannel.com\/pl\/wp-json\/wp\/v2\/types\/page"}],"author":[{"embeddable":true,"href":"https:\/\/thetenerifechannel.com\/pl\/wp-json\/wp\/v2\/users\/15"}],"replies":[{"embeddable":true,"href":"https:\/\/thetenerifechannel.com\/pl\/wp-json\/wp\/v2\/comments?post=106999"}],"version-history":[{"count":1,"href":"https:\/\/thetenerifechannel.com\/pl\/wp-json\/wp\/v2\/pages\/106999\/revisions"}],"predecessor-version":[{"id":107004,"href":"https:\/\/thetenerifechannel.com\/pl\/wp-json\/wp\/v2\/pages\/106999\/revisions\/107004"}],"wp:attachment":[{"href":"https:\/\/thetenerifechannel.com\/pl\/wp-json\/wp\/v2\/media?parent=106999"}],"curies":[{"name":"wp","href":"https:\/\/api.w.org\/{rel}","templated":true}]}}