{"id":107009,"date":"2024-05-04T10:22:33","date_gmt":"2024-05-04T10:22:33","guid":{"rendered":"https:\/\/thetenerifechannel.com\/dziekujemy-google-ads\/"},"modified":"2026-02-02T13:01:01","modified_gmt":"2026-02-02T13:01:01","slug":"dziekujemy-google-ads","status":"publish","type":"page","link":"https:\/\/thetenerifechannel.com\/pl\/dziekujemy-google-ads\/","title":{"rendered":"Dzi\u0119kujemy Google Ads"},"content":{"rendered":"<section class=\"l-section wpb_row us_custom_a18b170c height_small\"><div class=\"l-section-h i-cf\"><div class=\"g-cols vc_row via_grid cols_1 laptops-cols_inherit tablets-cols_inherit mobiles-cols_1 valign_top type_default stacking_default\"><div class=\"wpb_column vc_column_container\"><div class=\"vc_column-inner\"><div class=\"g-cols wpb_row us_custom_576401bd via_grid cols_1 laptops-cols_inherit tablets-cols_inherit mobiles-cols_1 valign_top type_default stacking_default\" style=\"--columns-gap:3rem;\"><div class=\"wpb_column vc_column_container us_custom_887a049b\"><div class=\"vc_column-inner\"><div class=\"w-hwrapper us_custom_545af9fa valign_middle align_center\"><h4 class=\"w-text us_custom_2509bbe8 has_text_color\"><span class=\"w-text-h\"><span class=\"w-text-value\">Kana\u0142 na Teneryfie<\/span><\/span><\/h4><\/div><div class=\"w-vwrapper us_custom_806e6237 align_none valign_top\" style=\"--vwrapper-gap:0.5rem\"><h2 class=\"w-text us_custom_845f7bc5\"><span class=\"w-text-h\"><span class=\"w-text-value\">Dzi\u0119kujemy za rezerwacj\u0119<\/span><\/span><\/h2><div class=\"w-text us_custom_eb849559\"><span class=\"w-text-h\"><span class=\"w-text-value\">Dzi\u0119kujemy za rezerwacj\u0119 w Tenerife Channel. Wszystkie potrzebne informacje<br \/>\nzostan\u0105 wys\u0142ane na Tw\u00f3j adres e-mail. (Prosimy r\u00f3wnie\u017c o sprawdzenie folderu spam)  <\/span><\/span><\/div><\/div><\/div><\/div><\/div><div class=\"g-cols wpb_row us_custom_703b2333 via_grid cols_2 laptops-cols_inherit tablets-cols_inherit mobiles-cols_1 valign_middle type_default stacking_default\" style=\"--columns-gap:3rem;\"><div class=\"wpb_column vc_column_container us_custom_aeb88c20 has_bg_color\"><div class=\"vc_column-inner\"><h2 class=\"w-text us_custom_d8cdcea7\"><span class=\"w-text-h\"><span class=\"w-text-value\">Pobierz nasz bezp\u0142atny przewodnik lokalny<\/span><\/span><\/h2><div class=\"w-text us_custom_eb849559\"><span class=\"w-text-h\"><span class=\"w-text-value\">Stworzyli\u015bmy bezp\u0142atny lokalny przewodnik, kt\u00f3ry pomo\u017ce Ci jak najlepiej wykorzysta\u0107 pobyt na Teneryfie.<\/span><\/span><\/div>\n<div class=\"wpcf7 no-js\" id=\"wpcf7-f103507-o1\" lang=\"pl-PL\" dir=\"ltr\" data-wpcf7-id=\"103507\">\n<div class=\"screen-reader-response\"><p role=\"status\" aria-live=\"polite\" aria-atomic=\"true\"><\/p> <ul><\/ul><\/div>\n<form action=\"\/pl\/wp-json\/wp\/v2\/pages\/107009#wpcf7-f103507-o1\" method=\"post\" class=\"wpcf7-form init\" aria-label=\"Formularz kontaktowy\" novalidate=\"novalidate\" data-status=\"init\">\n<fieldset class=\"hidden-fields-container\"><input type=\"hidden\" name=\"_wpcf7\" value=\"103507\" \/><input type=\"hidden\" name=\"_wpcf7_version\" value=\"6.1.5\" \/><input type=\"hidden\" name=\"_wpcf7_locale\" value=\"pl_PL\" \/><input type=\"hidden\" name=\"_wpcf7_unit_tag\" value=\"wpcf7-f103507-o1\" \/><input type=\"hidden\" name=\"_wpcf7_container_post\" value=\"0\" \/><input type=\"hidden\" name=\"_wpcf7_posted_data_hash\" value=\"\" \/><input type=\"hidden\" name=\"_wpcf7_recaptcha_response\" value=\"\" \/>\n<\/fieldset>\n<p><script>\ndocument.addEventListener( 'wpcf7mailsent', function( event ) {\n location = 'https:\/\/thetenerifechannel.com\/your-free-guide\/';\n}, false );\n<\/script><br \/>\n<label><span class=\"wpcf7-form-control-wrap\" data-name=\"your-email\"><input size=\"40\" maxlength=\"400\" class=\"wpcf7-form-control wpcf7-email wpcf7-validates-as-required wpcf7-text wpcf7-validates-as-email\" aria-required=\"true\" aria-invalid=\"false\" placeholder=\"Adres e-mail *\" value=\"\" type=\"email\" name=\"your-email\" \/><\/span><\/label><br \/>\n<label><span class=\"wpcf7-form-control-wrap\" data-name=\"acceptance\"><span class=\"wpcf7-form-control wpcf7-acceptance\"><span class=\"wpcf7-list-item\"><label><input type=\"checkbox\" name=\"acceptance\" value=\"1\" aria-invalid=\"false\" \/><span class=\"wpcf7-list-item-label\">Zapozna\u0142em si\u0119 i akceptuj\u0119 regulamin strony internetowej, a tak\u017ce subskrypcj\u0119 naszego newslettera *.<\/span><\/label><\/span><\/span><\/span><\/label>\n<\/p>\n<p><input class=\"wpcf7-form-control wpcf7-submit has-spinner\" type=\"submit\" value=\"Subskrybuj\" \/>\n<\/p>\n<p style=\"text-align:center\">Nie spamujemy! Przeczytaj nasz\u0105 polityk\u0119 prywatno\u015bci, aby uzyska\u0107 wi\u0119cej informacji.\n<\/p><div class=\"wpcf7-response-output\" aria-hidden=\"true\"><\/div>\n<\/form>\n<\/div>\n<\/div><\/div><div class=\"wpb_column vc_column_container us_custom_00bc2f38 has_bg_color\"><div class=\"vc_column-inner\"><div class=\"w-vwrapper us_custom_eff0a581 align_center valign_top\"><h4 class=\"w-text us_custom_8b3d6790 has_text_color\"><span class=\"w-text-h\"><span class=\"w-text-value\">Potrzebujesz samochodu podczas pobytu tutaj?<\/span><\/span><\/h4><div class=\"wpb_text_column us_custom_8b3d6790 has_text_color\"><div class=\"wpb_wrapper\"><p>Sprawd\u017a naszych zaufanych partner\u00f3w w Sanasty Car Hire Tenerife, aby uzyska\u0107 szybki odbi\u00f3r z lotniska i dostaw\u0119 do hotelu.<\/p>\n<\/div><\/div><div class=\"w-btn-wrapper align_none\"><a class=\"w-btn us-btn-style_1\" target=\"_blank\" href=\"https:\/\/sanasty.com\/\" rel=\"noopener\"><span class=\"w-btn-label\">Zarezerwuj samoch\u00f3d<\/span><\/a><\/div><\/div><\/div><\/div><\/div><\/div><\/div><\/div><\/div><\/section>\n","protected":false},"excerpt":{"rendered":"Kana\u0142 na TeneryfieDzi\u0119kujemy za rezerwacj\u0119Dzi\u0119kujemy za rezerwacj\u0119 w Tenerife Channel. Wszystkie potrzebne informacje zostan\u0105 wys\u0142ane na Tw\u00f3j adres e-mail. (Prosimy r\u00f3wnie\u017c o sprawdzenie folderu spam) Pobierz nasz bezp\u0142atny przewodnik lokalnyStworzyli\u015bmy bezp\u0142atny lokalny przewodnik, kt\u00f3ry pomo\u017ce Ci jak najlepiej wykorzysta\u0107 pobyt na Teneryfie. Zapozna\u0142em si\u0119 i akceptuj\u0119 regulamin strony internetowej, a tak\u017ce subskrypcj\u0119 naszego newslettera *....","protected":false},"author":14,"featured_media":0,"parent":0,"menu_order":0,"comment_status":"closed","ping_status":"closed","template":"","meta":{"_acf_changed":false,"_joinchat":[],"footnotes":""},"class_list":["post-107009","page","type-page","status-publish","hentry"],"acf":[],"_links":{"self":[{"href":"https:\/\/thetenerifechannel.com\/pl\/wp-json\/wp\/v2\/pages\/107009","targetHints":{"allow":["GET"]}}],"collection":[{"href":"https:\/\/thetenerifechannel.com\/pl\/wp-json\/wp\/v2\/pages"}],"about":[{"href":"https:\/\/thetenerifechannel.com\/pl\/wp-json\/wp\/v2\/types\/page"}],"author":[{"embeddable":true,"href":"https:\/\/thetenerifechannel.com\/pl\/wp-json\/wp\/v2\/users\/14"}],"replies":[{"embeddable":true,"href":"https:\/\/thetenerifechannel.com\/pl\/wp-json\/wp\/v2\/comments?post=107009"}],"version-history":[{"count":1,"href":"https:\/\/thetenerifechannel.com\/pl\/wp-json\/wp\/v2\/pages\/107009\/revisions"}],"predecessor-version":[{"id":107014,"href":"https:\/\/thetenerifechannel.com\/pl\/wp-json\/wp\/v2\/pages\/107009\/revisions\/107014"}],"wp:attachment":[{"href":"https:\/\/thetenerifechannel.com\/pl\/wp-json\/wp\/v2\/media?parent=107009"}],"curies":[{"name":"wp","href":"https:\/\/api.w.org\/{rel}","templated":true}]}}