{"id":107017,"date":"2023-08-04T07:44:37","date_gmt":"2023-08-04T07:44:37","guid":{"rendered":"https:\/\/thetenerifechannel.com\/nota-prawna\/"},"modified":"2026-02-02T13:01:33","modified_gmt":"2026-02-02T13:01:33","slug":"nota-prawna","status":"publish","type":"page","link":"https:\/\/thetenerifechannel.com\/pl\/nota-prawna\/","title":{"rendered":"Nota prawna"},"content":{"rendered":"<section class=\"l-section wpb_row height_huge\"><div class=\"l-section-h i-cf\"><div class=\"g-cols vc_row via_grid cols_1 laptops-cols_inherit tablets-cols_inherit mobiles-cols_1 valign_top type_default stacking_default\"><div class=\"wpb_column vc_column_container\"><div class=\"vc_column-inner\"><div class=\"wpb_text_column\"><div class=\"wpb_wrapper\"><p class=\"p1\"><span class=\"s1\"><b>INFORMACJA PRAWNA<\/b><\/span><\/p>\n<p class=\"p2\"><b>NOTA PRAWNA &#8211; POLITYKA PRYWATNO\u015aCI<\/b><\/p>\n<p class=\"p3\"><b>WARUNKI PRAWNE<\/b><\/p>\n<p class=\"p3\">Zarejestrowany w\u0142a\u015bciciel:<\/p>\n<p class=\"p4\">Zgodnie z postanowieniami artyku\u0142u 10 hiszpa\u0144skiej ustawy 34\/2002 o us\u0142ugach spo\u0142ecze\u0144stwa informacyjnego i handlu elektronicznym informujemy, \u017ce niniejsza strona internetowa jest w\u0142asno\u015bci\u0105 BELMION INVERSIONES SL, hiszpa\u0144skiej sp\u00f3\u0142ki o numerze identyfikacji podatkowej. B-67653071, kt\u00f3ra jest w\u0142a\u015bcicielem strony internetowej <a href=\"http:\/\/thetenerifechannel.com\"><span class=\"s2\">thetenerifechannel.com<\/span><\/a> <\/p>\n<p class=\"p3\">WARUNKI DOST\u0118PU I KORZYSTANIA ZE STRONY INTERNETOWEJ<\/p>\n<p class=\"p5\"><b>WARUNKI DOST\u0118PU I KORZYSTANIA ZE STRONY INTERNETOWEJ<\/b><\/p>\n<p class=\"p4\">Dost\u0119p do naszej Witryny jest bezp\u0142atny i nie wymaga wcze\u015bniejszej subskrypcji ani rejestracji. U\u017cytkownik uzyskuje dost\u0119p do Witryny w dobrej wierze, na w\u0142asn\u0105 odpowiedzialno\u015b\u0107 i zgodnie z niniejszymi Og\u00f3lnymi Warunkami U\u017cytkowania. <\/p>\n<p class=\"p4\">Tylko osoby w wieku 18 lat i starsze mog\u0105 przekazywa\u0107 dane za po\u015brednictwem naszej strony internetowej. Osoby w wieku poni\u017cej 14 lat nie mog\u0105 ich podawa\u0107, chyba \u017ce maj\u0105 zgod\u0119 rodzic\u00f3w lub opiekun\u00f3w. <\/p>\n<p class=\"p4\">Stan U\u017cytkownika uzyskany poprzez sam dost\u0119p i korzystanie z niniejszej Witryny przez konsumenta, tj. klienta, kt\u00f3ry dokonuje zakup\u00f3w bezpo\u015brednio za po\u015brednictwem publicznej strony internetowej, podlega uprzedniemu przeczytaniu i pe\u0142nej, wyra\u017anej i bezwarunkowej akceptacji Og\u00f3lnych Warunk\u00f3w U\u017cytkowania obowi\u0105zuj\u0105cych w momencie uzyskania dost\u0119pu, kt\u00f3re prosimy o uwa\u017cne przeczytanie.<\/p>\n<p class=\"p4\">U\u017cytkownik zobowi\u0105zuje si\u0119 do zgodnego z prawem, starannego i w\u0142a\u015bciwego korzystania z Tre\u015bci i us\u0142ug oferowanych na tej Stronie, zgodnie z zasadami dobrej wiary i z pe\u0142nym poszanowaniem obowi\u0105zuj\u0105cego prawa, a tak\u017ce niniejszych Warunk\u00f3w Korzystania.<\/p>\n<p class=\"p4\">W szczeg\u00f3lno\u015bci, tytu\u0142em przyk\u0142adu, ale nie ograniczenia, U\u017cytkownik Witryny nie mo\u017ce:<\/p>\n<ul class=\"ul1\">\n<li class=\"li6\"><span class=\"s4\">U\u017cywanie lub ponowne wykorzystywanie wszelkiego rodzaju materia\u0142\u00f3w, kt\u00f3re s\u0105 nielegalne, obra\u017aliwe, obel\u017cywe, nieprzyzwoite, znies\u0142awiaj\u0105ce, obsceniczne lub zawieraj\u0105ce gro\u017aby, lub kt\u00f3re stanowi\u0105 naruszenie praw w\u0142asno\u015bci intelektualnej, znak\u00f3w towarowych, zaufania, prywatno\u015bci lub jakichkolwiek innych praw, lub s\u0105 w inny spos\u00f3b szkodliwe lub budz\u0105ce zastrze\u017cenia os\u00f3b trzecich, lub kt\u00f3rych tre\u015b\u0107 zawiera wirusy komputerowe, propagand\u0119 polityczn\u0105, tre\u015bci reklamowe, \u0142a\u0144cuszki, masowe wysy\u0142ki lub jak\u0105kolwiek inn\u0105 form\u0119 &#8220;spamu&#8221; i og\u00f3lnie mo\u017ce powodowa\u0107 niepotrzebny dyskomfort lub niedogodno\u015bci.<\/span><\/li>\n<li class=\"li6\"><span class=\"s4\">z\u0142o\u015bliwie lub celowo powodowa\u0107 szk\u00f3d, kt\u00f3re mog\u0105 skutkowa\u0107 jak\u0105kolwiek utrat\u0105 lub modyfikacj\u0105 samej Witryny, ani wprowadza\u0107 lub rozpowszechnia\u0107 wirus\u00f3w komputerowych, kt\u00f3re mog\u0105 powodowa\u0107 nieautoryzowane zmiany w Tre\u015bci Witryny lub jej zintegrowanych systemach.<\/span><\/li>\n<li class=\"li6\"><span class=\"s4\">Korzystanie z Witryny w celach oszuka\u0144czych lub w zwi\u0105zku z przest\u0119pstwami lub nielegalnymi dzia\u0142aniami jakiegokolwiek rodzaju.<\/span><\/li>\n<li class=\"li6\"><span class=\"s4\">Powielania, kopiowania, rozpowszechniania, przekszta\u0142cania lub modyfikowania informacji i tre\u015bci zamieszczonych w Witrynie, chyba \u017ce w\u0142a\u015bciciel praw autorskich wyrazi na to zgod\u0119.<\/span><\/li>\n<li class=\"li7\"><span class=\"s4\">Zbieranie danych w celach reklamowych ani przekazywanie jakichkolwiek reklam lub komunikat\u00f3w w celu sprzeda\u017cy lub innych materia\u0142\u00f3w komercyjnych bez uprzedniego uzyskania zgody.  <\/span><\/li>\n<\/ul>\n<p class=\"p5\"><b>W\u0141ASNO\u015a\u0106 INTELEKTUALNA I PRAWA AUTORSKIE<\/b><\/p>\n<p class=\"p4\">Wszelkie prawa w\u0142asno\u015bci intelektualnej i przemys\u0142owej do Tre\u015bci wy\u015bwietlanych w Witrynie, a w szczeg\u00f3lno\u015bci uk\u0142ad, tekst, grafika, logo, ikony, przyciski, oprogramowanie, nazwy handlowe, znaki towarowe, wzory przemys\u0142owe lub wszelkie inne symbole nadaj\u0105ce si\u0119 do u\u017cytku przemys\u0142owego i komercyjnego s\u0105 w\u0142asno\u015bci\u0105 BELMION INVERSIONES SL lub ich posiadaczy b\u0119d\u0105cych osobami trzecimi, kt\u00f3rzy nale\u017cycie autoryzowali ich zamieszczenie w Witrynie i kt\u00f3rzy wykonuj\u0105 wy\u0142\u0105czne prawa do ich wykorzystywania.<\/p>\n<p class=\"p4\">BELMION INVERSIONES SL nie udziela \u017cadnego rodzaju licencji ani upowa\u017cnienia do korzystania z ich praw w\u0142asno\u015bci intelektualnej i przemys\u0142owej lub jakiejkolwiek innej w\u0142asno\u015bci lub prawa zwi\u0105zanego z Witryn\u0105, us\u0142ugami lub ich zawarto\u015bci\u0105.<\/p>\n<p class=\"p4\">W zwi\u0105zku z tym, zgodnie z przepisami hiszpa\u0144skiego Kr\u00f3lewskiego Dekretu Ustawodawczego 1\/1996 z dnia 12 kwietnia 1996 r., zatwierdzaj\u0105cego zmieniony tekst ustawy o w\u0142asno\u015bci intelektualnej, a tak\u017ce hiszpa\u0144skiej ustawy 17\/2001 z dnia 7 grudnia 2001 r. o znakach towarowych oraz innych przepis\u00f3w dotycz\u0105cych w\u0142asno\u015bci intelektualnej i przemys\u0142owej, zabronione jest powielanie, przesy\u0142anie, adaptowanie, t\u0142umaczenie, rozpowszechnianie, publiczne udost\u0119pnianie za pomoc\u0105 jakichkolwiek \u015brodk\u00f3w komunikacji lub w inny spos\u00f3b wykorzystywanie i\/lub modyfikowanie jakichkolwiek Tre\u015bci zamieszczonych na Stronie, w ca\u0142o\u015bci lub w cz\u0119\u015bci, bez uprzedniej wyra\u017anej zgody BELMION INVERSIONES SL W przeciwnym razie sp\u00f3\u0142ka podejmie odpowiednie \u015brodki prawne.<\/p>\n<p class=\"p4\">U\u017cytkownicy zobowi\u0105zuj\u0105 si\u0119 do poszanowania praw w\u0142asno\u015bci na Stronie, jak r\u00f3wnie\u017c praw autorskich i praw w\u0142asno\u015bci przemys\u0142owej, kt\u00f3re s\u0105 w\u0142asno\u015bci\u0105 BELMION INVERSIONES SL.<\/p>\n<p class=\"p5\">Ponadto BELMION INVERSIONES SL. zrzeka si\u0119 wszelkiej odpowiedzialno\u015bci za wykorzystanie lub rozpowszechnianie obraz\u00f3w i\/lub Tre\u015bci w\u0142\u0105czonych do Witryny. <\/p>\n<p><b>POLITYKA PRYWATNO\u015aCI<\/b><\/p>\n<p>U\u017cytkownicy mog\u0105 dowiedzie\u0107 si\u0119, w jaki spos\u00f3b BELMION INVERSIONES SL wykorzystuje ich dane i zobaczy\u0107, jakie \u015brodki bezpiecze\u0144stwa s\u0105 wdra\u017cane, CZYTAJ\u0104C NASZ\u0104 POLITYK\u0118 PRYWATNO\u015aCI.<\/p>\n<p><span class=\"s5\">Cz\u0119\u015bciowe uniewa\u017cnienie.<\/span><\/p>\n<p>Je\u015bli kt\u00f3rakolwiek z klauzul niniejszego dokumentu zostanie uznana za niewa\u017cn\u0105 w prawomocnym wyroku wydanym przez w\u0142a\u015bciwy organ, pozosta\u0142e warunki pozostan\u0105 w mocy i nie zostan\u0105 naruszone przez wspomniane stwierdzenie niewa\u017cno\u015bci.<\/p>\n<p class=\"p5\"><b>PRAWO W\u0141A\u015aCIWE I JURYSDYKCJA<\/b><\/p>\n<p class=\"p4\">Wszelkie kwestie zwi\u0105zane z nasz\u0105 stron\u0105 internetow\u0105 podlegaj\u0105 wy\u0142\u0105cznie prawu europejskiemu. W przypadku jakichkolwiek rozbie\u017cno\u015bci lub r\u00f3\u017cnic powsta\u0142ych mi\u0119dzy stronami w odniesieniu do interpretacji i tre\u015bci niniejszej Witryny, strony decyduj\u0105 si\u0119 na poddanie rozstrzygni\u0119cia wszelkich spor\u00f3w s\u0105dom w\u0142a\u015bciwym dla miejsca zamieszkania U\u017cytkownika, a tym samym wyra\u017anie zrzekaj\u0105 si\u0119 jakiejkolwiek innej jurysdykcji. <\/p>\n<p class=\"p5\"><b>POLITYKA COOKIES<\/b><\/p>\n<p class=\"p4\">BELMION INVERSIONES SL instaluje pliki cookie na komputerach u\u017cytkownik\u00f3w.<\/p>\n<p class=\"p5\"><b>POWIADOMIENIA<\/b><\/p>\n<p class=\"p4\">Wszelkie powiadomienia i komunikacja mi\u0119dzy u\u017cytkownikami a BELMION INVERSIONES SL b\u0119d\u0105 uznawane za wa\u017cne dla wszystkich cel\u00f3w, niezale\u017cnie od tego, czy s\u0105 dokonywane za po\u015brednictwem poczty elektronicznej czy telefonu. Je\u015bli u\u017cytkownicy skontaktuj\u0105 si\u0119 z BELMION INVERSIONES SL na pi\u015bmie: <\/p>\n<p class=\"p4\">&#8211; E-maile nale\u017cy wysy\u0142a\u0107 na adres: belmioninversiones@protonmail.com<\/p>\n<p class=\"p5\"><b>OBOWI\u0104ZKI<\/b><\/p>\n<p class=\"p4\">Udost\u0119pniaj\u0105c U\u017cytkownikowi nasz\u0105 stron\u0119 internetow\u0105, staramy si\u0119 oferowa\u0107 wysokiej jako\u015bci tre\u015bci i us\u0142ugi, z najwy\u017csz\u0105 staranno\u015bci\u0105 nie tylko w ich dostarczaniu, ale tak\u017ce w korzystaniu ze \u015brodk\u00f3w technologicznych. Nie ponosimy jednak odpowiedzialno\u015bci za obecno\u015b\u0107 wirus\u00f3w lub jakichkolwiek innych element\u00f3w, kt\u00f3re mog\u0105 w jakikolwiek spos\u00f3b uszkodzi\u0107 system komputerowy, dokumenty i pliki U\u017cytkownika. <\/p>\n<p class=\"p4\">Mi\u0119dzy innymi, tytu\u0142em przyk\u0142adu, ale nie ograniczenia, BELMION INVERSIONES SL nie ponosi odpowiedzialno\u015bci za nast\u0119puj\u0105ce okoliczno\u015bci:<\/p>\n<ul class=\"ul1\">\n<li class=\"li6\"><span class=\"s4\">Brak dost\u0119pno\u015bci, konserwacji i skutecznego dzia\u0142ania Witryny i\/lub jej us\u0142ug lub Tre\u015bci, z wy\u0142\u0105czeniem, w maksymalnym zakresie dozwolonym przez obowi\u0105zuj\u0105ce prawo, wszelkiej odpowiedzialno\u015bci za wszelkiego rodzaju szkody, kt\u00f3re mog\u0105 powsta\u0107 z powodu braku dost\u0119pno\u015bci lub ci\u0105g\u0142o\u015bci dzia\u0142ania Witryny i udost\u0119pnionych w niej Tre\u015bci.<\/span><\/li>\n<li class=\"li6\"><span class=\"s4\">B\u0142\u0119dy, kt\u00f3re mog\u0105 wyst\u0119powa\u0107 w Tre\u015bci, ani korekta jakichkolwiek wad, kt\u00f3re mog\u0105 wyst\u0105pi\u0107.<\/span><\/li>\n<li class=\"li6\"><span class=\"s4\">Brak u\u017cyteczno\u015bci Witryny lub jej zawarto\u015bci.<\/span><\/li>\n<li class=\"li6\"><span class=\"s4\">Istnienie wirus\u00f3w, z\u0142o\u015bliwych lub szkodliwych program\u00f3w w Tre\u015bci.<\/span><\/li>\n<li class=\"li6\"><span class=\"s4\">Z\u0142a obs\u0142uga lub jakiekolwiek problemy ze strony dostawc\u00f3w us\u0142ug.<\/span><\/li>\n<li class=\"li6\"><span class=\"s4\">Odbi\u00f3r, gromadzenie, przechowywanie, rozpowszechnianie lub przesy\u0142anie Tre\u015bci przez U\u017cytkownik\u00f3w.<\/span><\/li>\n<li class=\"li6\"><span class=\"s4\">Nielegalne, niedba\u0142e, oszuka\u0144cze lub sprzeczne z warunkami niniejszych Warunk\u00f3w u\u017cytkowania lub dobr\u0105 wiar\u0105 korzystanie z Witryny lub jej Tre\u015bci przez U\u017cytkownik\u00f3w.<\/span><\/li>\n<\/ul>\n<p class=\"p4\">BELMION INVERSIONES SL. nie gwarantuje prawid\u0142owego funkcjonowania naszej Witryny w odniesieniu do jej dost\u0119pno\u015bci i ci\u0105g\u0142o\u015bci dzia\u0142ania. W miar\u0119 mo\u017cliwo\u015bci postaramy si\u0119 powiadomi\u0107 U\u017cytkownika o wszelkich przerwach w \u015bwiadczeniu us\u0142ug i przywr\u00f3ci\u0107 us\u0142ug\u0119 tak szybko, jak to mo\u017cliwe. Jeste\u015bmy jednak zwolnieni z wszelkiej odpowiedzialno\u015bci wynikaj\u0105cej z przerw lub nieprawid\u0142owego funkcjonowania naszej strony internetowej.   <\/p>\n<p class=\"p5\"><b>OG\u00d3LNE WARUNKI ZAKUP\u00d3W ON-LINE dla Konsument\u00f3w:<\/b><\/p>\n<p class=\"p4\">Zobacz <a href=\"https:\/\/thetenerifechannel.com\/terms-conditions\/\">zasady zwrot\u00f3w<\/a> dotycz\u0105ce dokonanych zakup\u00f3w.<\/p>\n<p class=\"p5\"><b>POZIOMY BEZPIECZE\u0143STWA<\/b><\/p>\n<p class=\"p4\">Aby zapobiec manipulacjom, utracie, niew\u0142a\u015bciwemu u\u017cyciu, nieuprawnionemu dost\u0119powi lub kradzie\u017cy danych osobowych, BELMION INVERSIONES SL przyj\u0119\u0142a poziomy ochrony przewidziane przez prawo i ustanowi\u0142a niezb\u0119dne \u015brodki i \u015brodki techniczne, stosuj\u0105c do Rejestru czynno\u015bci przetwarzania wszystkie \u015brodki bezpiecze\u0144stwa okre\u015blone w obowi\u0105zuj\u0105cych przepisach o ochronie danych osobowych (LOPDGDD \/ RODO).<\/p>\n<p class=\"p4\">Ponadto BELMION INVERSIONES SL przyj\u0105\u0142 nowe \u015brodki bezpiecze\u0144stwa, kt\u00f3re s\u0105 wymagane przez RODO po wdro\u017ceniu nowych praw u\u017cytkownika (przejrzysto\u015b\u0107, ograniczenie przetwarzania i zasady przenoszenia danych), opr\u00f3cz prawa dost\u0119pu, sprostowania i usuni\u0119cia (prawo do bycia zapomnianym). BELMION INVERSIONES SL wdro\u017cy\u0142 r\u00f3wnie\u017c wymagane ulepszenia w zakresie uzyskiwania zgody od zainteresowanej strony, podejmuj\u0105c odpowiednie dzia\u0142ania i przeprowadzi wymagan\u0105 ocen\u0119 skutk\u00f3w, powiadamiaj\u0105c w\u0142a\u015bciwy organ o wszelkich naruszeniach bezpiecze\u0144stwa, a tak\u017ce wyznaczy inspektora ochrony danych do nadzorowania tych zada\u0144. <\/p>\n<p class=\"p4\">BELMION INVERSIONES SL zastrzega sobie prawo do decydowania o umieszczeniu danych osobowych u\u017cytkownik\u00f3w w rejestrze czynno\u015bci przetwarzania prowadzonym przez administratora danych.<\/p>\n<p class=\"p4\"><b>UWAGA<\/b><\/p>\n<p class=\"p4\">Niniejsze Og\u00f3lne Warunki U\u017cytkowania zosta\u0142y ostatnio zmodyfikowane 19 grudnia 2022 roku. Mo\u017cemy je zmodyfikowa\u0107 w dowolnym momencie, prosimy o sprawdzanie daty publikacji za ka\u017cdym razem, gdy \u0142\u0105czysz si\u0119 z nasz\u0105 witryn\u0105 internetow\u0105, aby upewni\u0107 si\u0119, \u017ce nie nast\u0105pi\u0142a \u017cadna modyfikacja, kt\u00f3ra mo\u017ce Ci\u0119 dotyczy\u0107. W celu uzyskania wyja\u015bnie\u0144 dotycz\u0105cych Warunk\u00f3w korzystania z naszej Witryny, mo\u017cesz skontaktowa\u0107 si\u0119 z nami, wysy\u0142aj\u0105c wiadomo\u015b\u0107 e-mail na nast\u0119puj\u0105cy adres: <a href=\"mailto:belmioninversiones@protonmail.com\"><span class=\"s2\">belmioninversiones@protonmail.com<\/span><\/a>  <\/p>\n<\/div><\/div><\/div><\/div><\/div><\/div><\/section>\n","protected":false},"excerpt":{"rendered":"INFORMACJA PRAWNA NOTA PRAWNA &#8211; POLITYKA PRYWATNO\u015aCI WARUNKI PRAWNE Zarejestrowany w\u0142a\u015bciciel: Zgodnie z postanowieniami artyku\u0142u 10 hiszpa\u0144skiej ustawy 34\/2002 o us\u0142ugach spo\u0142ecze\u0144stwa informacyjnego i handlu elektronicznym informujemy, \u017ce niniejsza strona internetowa jest w\u0142asno\u015bci\u0105 BELMION INVERSIONES SL, hiszpa\u0144skiej sp\u00f3\u0142ki o numerze identyfikacji podatkowej. B-67653071, kt\u00f3ra jest w\u0142a\u015bcicielem strony internetowej thetenerifechannel.com WARUNKI DOST\u0118PU I KORZYSTANIA ZE STRONY...","protected":false},"author":15,"featured_media":0,"parent":0,"menu_order":0,"comment_status":"closed","ping_status":"closed","template":"","meta":{"_acf_changed":false,"_joinchat":[],"footnotes":""},"class_list":["post-107017","page","type-page","status-publish","hentry"],"acf":[],"_links":{"self":[{"href":"https:\/\/thetenerifechannel.com\/pl\/wp-json\/wp\/v2\/pages\/107017","targetHints":{"allow":["GET"]}}],"collection":[{"href":"https:\/\/thetenerifechannel.com\/pl\/wp-json\/wp\/v2\/pages"}],"about":[{"href":"https:\/\/thetenerifechannel.com\/pl\/wp-json\/wp\/v2\/types\/page"}],"author":[{"embeddable":true,"href":"https:\/\/thetenerifechannel.com\/pl\/wp-json\/wp\/v2\/users\/15"}],"replies":[{"embeddable":true,"href":"https:\/\/thetenerifechannel.com\/pl\/wp-json\/wp\/v2\/comments?post=107017"}],"version-history":[{"count":10,"href":"https:\/\/thetenerifechannel.com\/pl\/wp-json\/wp\/v2\/pages\/107017\/revisions"}],"predecessor-version":[{"id":107067,"href":"https:\/\/thetenerifechannel.com\/pl\/wp-json\/wp\/v2\/pages\/107017\/revisions\/107067"}],"wp:attachment":[{"href":"https:\/\/thetenerifechannel.com\/pl\/wp-json\/wp\/v2\/media?parent=107017"}],"curies":[{"name":"wp","href":"https:\/\/api.w.org\/{rel}","templated":true}]}}