{"id":107018,"date":"2023-08-01T14:54:55","date_gmt":"2023-08-01T14:54:55","guid":{"rendered":"https:\/\/thetenerifechannel.com\/bezplatny-przewodnik-lokalny\/"},"modified":"2026-02-02T13:01:31","modified_gmt":"2026-02-02T13:01:31","slug":"bezplatny-przewodnik-lokalny","status":"publish","type":"page","link":"https:\/\/thetenerifechannel.com\/pl\/bezplatny-przewodnik-lokalny\/","title":{"rendered":"Bezp\u0142atny przewodnik lokalny"},"content":{"rendered":"<section class=\"l-section wpb_row us_custom_a61e2493 height_auto full_height valign_center with_shape\"><div class=\"l-section-shape type_custom pos_bottom\" style=\"height:45%;color:var(--color-content-bg-alt)\"><svg xmlns=\"http:\/\/www.w3.org\/2000\/svg\" viewBox=\"0 0 64 8\" preserveAspectRatio=\"none\" width=\"100%\" height=\"100%\">\r\n\t<path fill=\"currentColor\" d=\"M64 8 L0 8 L0 0 L64 0 Z\"\/>\r\n<\/svg><\/div><div class=\"l-section-h i-cf\"><div class=\"g-cols vc_row via_grid cols_1 laptops-cols_inherit tablets-cols_inherit mobiles-cols_1 valign_top type_default stacking_default\"><div class=\"wpb_column vc_column_container\"><div class=\"vc_column-inner\"><div class=\"g-cols wpb_row us_custom_0482f416 via_grid cols_2 laptops-cols_inherit tablets-cols_1 mobiles-cols_1 valign_middle type_default stacking_default\" style=\"--columns-gap:0rem;\"><div class=\"wpb_column vc_column_container\"><div class=\"vc_column-inner\"><h2 class=\"w-text\"><span class=\"w-text-h\"><span class=\"w-text-value\">TW\u00d3J DARMOWY LOKALNY PRZEWODNIK!<\/span><\/span><\/h2><p class=\"w-text us_custom_b7b762a5\"><span class=\"w-text-h\"><span class=\"w-text-value\">Witam na kanale Teneryfy. Jestem Naomi i mam szcz\u0119\u015bcie nazywa\u0107 t\u0119 pi\u0119kn\u0105 wysp\u0119 moim domem. <\/span><\/span><\/p><div class=\"w-text us_custom_c901145c\"><span class=\"w-text-h\"><span class=\"w-text-value\">Pozw\u00f3l mi by\u0107 Twoim lokalnym przewodnikiem po Teneryfie.<\/span><\/span><\/div><div class=\"w-text us_custom_b47fcc5d\"><span class=\"w-text-h\"><span class=\"w-text-value\">Stworzy\u0142em ten darmowy plik PDF, aby upro\u015bci\u0107 ten proces i dostarczy\u0107 wszystkich potrzebnych informacji.<\/span><\/span><\/div><div class=\"w-image us_custom_214cff5d hide_on_tablets hide_on_mobiles align_none\"><div class=\"w-image-h\"><img fetchpriority=\"high\" decoding=\"async\" width=\"749\" height=\"1024\" src=\"https:\/\/thetenerifechannel.com\/wp-content\/uploads\/2023\/10\/naomi-749x1024.jpeg\" class=\"attachment-large size-large\" alt=\"\" loading=\"eager\" srcset=\"https:\/\/thetenerifechannel.com\/wp-content\/uploads\/2023\/10\/naomi-749x1024.jpeg 749w, https:\/\/thetenerifechannel.com\/wp-content\/uploads\/2023\/10\/naomi-600x821.jpeg 600w, https:\/\/thetenerifechannel.com\/wp-content\/uploads\/2023\/10\/naomi-219x300.jpeg 219w, https:\/\/thetenerifechannel.com\/wp-content\/uploads\/2023\/10\/naomi.jpeg 936w\" sizes=\"(max-width: 749px) 100vw, 749px\" \/><\/div><\/div><\/div><\/div><div class=\"wpb_column vc_column_container\"><div class=\"vc_column-inner\"><div class=\"w-vwrapper us_custom_e5038688 align_none valign_top\">\n<div class=\"wpcf7 no-js\" id=\"wpcf7-f103518-o1\" lang=\"pl-PL\" dir=\"ltr\" data-wpcf7-id=\"103518\">\n<div class=\"screen-reader-response\"><p role=\"status\" aria-live=\"polite\" aria-atomic=\"true\"><\/p> <ul><\/ul><\/div>\n<form action=\"\/pl\/wp-json\/wp\/v2\/pages\/107018#wpcf7-f103518-o1\" method=\"post\" class=\"wpcf7-form init\" aria-label=\"Formularz kontaktowy\" novalidate=\"novalidate\" data-status=\"init\">\n<fieldset class=\"hidden-fields-container\"><input type=\"hidden\" name=\"_wpcf7\" value=\"103518\" \/><input type=\"hidden\" name=\"_wpcf7_version\" value=\"6.1.5\" \/><input type=\"hidden\" name=\"_wpcf7_locale\" value=\"pl_PL\" \/><input type=\"hidden\" name=\"_wpcf7_unit_tag\" value=\"wpcf7-f103518-o1\" \/><input type=\"hidden\" name=\"_wpcf7_container_post\" value=\"0\" \/><input type=\"hidden\" name=\"_wpcf7_posted_data_hash\" value=\"\" \/><input type=\"hidden\" name=\"_wpcf7_recaptcha_response\" value=\"\" \/>\n<\/fieldset>\n<p><script>\ndocument.addEventListener('wpcf7mailsent', function(event) {\n location = 'https:\/\/thetenerifechannel.com\/your-free-guide\/';\n}, false);\n\ndocument.addEventListener('DOMContentLoaded', function() {\n var phoneInput = document.querySelector('input[name= \"Phone-number\"]');\n if (phoneInput) {\n phoneInput.addEventListener('input', function(e) {\n \/\/ Remove spaces and keep only digits and '+'\n var cleaned = e.target.value.replace(\/[^d+]\/g, '');\n \/\/ Ensure only one '+' at the beginning\n cleaned = cleaned.replace(\/^+?\/, '+').replace(\/+\/g, '');\n e.target.value = cleaned;\n });\n }\n});\n<\/script>\n<\/p>\n<p><label> Imi\u0119 i nazwisko (wymagane)<br \/>\n<span class=\"wpcf7-form-control-wrap\" data-name=\"your-name\"><input size=\"40\" maxlength=\"400\" class=\"wpcf7-form-control wpcf7-text wpcf7-validates-as-required\" aria-required=\"true\" aria-invalid=\"false\" placeholder=\"\" value=\"\" type=\"text\" name=\"your-name\" \/><\/span> <\/label>\n<\/p>\n<p><label> Tw\u00f3j adres e-mail (wymagany)<br \/>\n<span class=\"wpcf7-form-control-wrap\" data-name=\"your-email\"><input size=\"40\" maxlength=\"400\" class=\"wpcf7-form-control wpcf7-email wpcf7-validates-as-required wpcf7-text wpcf7-validates-as-email\" aria-required=\"true\" aria-invalid=\"false\" placeholder=\"\" value=\"\" type=\"email\" name=\"your-email\" \/><\/span> <\/label>\n<\/p>\n<p><label> Przewidywana data przyjazdu (wymagane)<br \/>\n<span class=\"wpcf7-form-control-wrap\" data-name=\"arrival-date\"><input class=\"wpcf7-form-control wpcf7-date wpcf7-validates-as-required wpcf7-validates-as-date\" aria-required=\"true\" aria-invalid=\"false\" value=\"\" type=\"date\" name=\"arrival-date\" \/><\/span> <\/label>\n<\/p>\n<p><label> Numer telefonu z kodem kraju<br \/>\n<span class=\"wpcf7-form-control-wrap\" data-name=\"Numer\"><input size=\"40\" maxlength=\"400\" class=\"wpcf7-form-control wpcf7-tel wpcf7-validates-as-required wpcf7-text wpcf7-validates-as-tel\" id=\"numer\" aria-required=\"true\" aria-invalid=\"false\" placeholder=\"0034\" value=\"\" type=\"tel\" name=\"Numer\" \/><\/span> <\/label>\n<\/p>\n<div style=\"margin-top: 2rem; margin-bottom: 1rem;\">\n\t<p><span class=\"wpcf7-form-control-wrap\" data-name=\"agree-to-terms\"><span class=\"wpcf7-form-control wpcf7-checkbox wpcf7-validates-as-required\"><span class=\"wpcf7-list-item first last\"><label><input type=\"checkbox\" name=\"agree-to-terms[]\" value=\"Zapozna\u0142em si\u0119 i akceptuj\u0119 regulamin strony internetowej, a tak\u017ce subskrypcj\u0119 naszego newslettera*.\" \/><span class=\"wpcf7-list-item-label\">Zapozna\u0142em si\u0119 i akceptuj\u0119 regulamin strony internetowej, a tak\u017ce subskrypcj\u0119 naszego newslettera*.<\/span><\/label><\/span><\/span><\/span>\n\t<\/p>\n<\/div>\n<input class=\"wpcf7-form-control wpcf7-hidden\" value=\"pl\" type=\"hidden\" name=\"language-code\" \/>\n<span class=\"wpcf7-form-control-wrap recaptcha\" data-name=\"recaptcha\"><span data-sitekey=\"6LcO1PEpAAAAADVlAd8e39ScIg9kMDJuZqJKMs5O\" class=\"wpcf7-form-control wpcf7-recaptcha g-recaptcha\"><\/span>\r\n<noscript>\r\n\t<div class=\"grecaptcha-noscript\">\r\n\t\t<iframe loading=\"lazy\" src=\"https:\/\/www.google.com\/recaptcha\/api\/fallback?k=6LcO1PEpAAAAADVlAd8e39ScIg9kMDJuZqJKMs5O\" frameborder=\"0\" scrolling=\"no\" width=\"310\" height=\"430\">\r\n\t\t<\/iframe>\r\n\t\t<textarea name=\"g-recaptcha-response\" rows=\"3\" cols=\"40\" placeholder=\"reCaptcha Response Here\">\r\n\t\t<\/textarea>\r\n\t<\/div>\r\n<\/noscript>\r\n<\/span>\n<div style=\"margin-top: 2rem;\">\n\t<p><input class=\"wpcf7-form-control wpcf7-submit has-spinner mobile-submit\" type=\"submit\" value=\"Pobierz bezp\u0142atny przewodnik\" \/>\n\t<\/p>\n<\/div><div class=\"wpcf7-response-output\" aria-hidden=\"true\"><\/div>\n<\/form>\n<\/div>\n<\/div><\/div><\/div><\/div><\/div><\/div><\/div><\/div><\/section><section class=\"l-section wpb_row us_custom_a61e2493 hide_on_default hide_on_laptops hide_on_tablets hide_on_mobiles height_auto full_height valign_center with_shape\"><div class=\"l-section-shape type_custom pos_bottom\" style=\"height:45%;color:var(--color-content-bg-alt)\"><svg xmlns=\"http:\/\/www.w3.org\/2000\/svg\" viewBox=\"0 0 64 8\" preserveAspectRatio=\"none\" width=\"100%\" height=\"100%\">\r\n\t<path fill=\"currentColor\" d=\"M64 8 L0 8 L0 0 L64 0 Z\"\/>\r\n<\/svg><\/div><div class=\"l-section-h i-cf\"><div class=\"g-cols vc_row via_grid cols_1 laptops-cols_inherit tablets-cols_inherit mobiles-cols_1 valign_top type_default stacking_default\"><div class=\"wpb_column vc_column_container\"><div class=\"vc_column-inner\"><div class=\"g-cols wpb_row us_custom_575a0da4 via_grid cols_2 laptops-cols_inherit tablets-cols_1 mobiles-cols_1 valign_middle type_default stacking_default\" style=\"--columns-gap:0rem;\"><div class=\"wpb_column vc_column_container\"><div class=\"vc_column-inner\"><h2 class=\"w-text\"><span class=\"w-text-h\"><span class=\"w-text-value\">TW\u00d3J DARMOWY LOKALNY PRZEWODNIK!<\/span><\/span><\/h2><div class=\"w-separator size_small\"><\/div><p class=\"w-text us_custom_b7b762a5\"><span class=\"w-text-h\"><span class=\"w-text-value\">Witam na kanale Teneryfy. Jestem Naomi i mam szcz\u0119\u015bcie nazywa\u0107 t\u0119 pi\u0119kn\u0105 wysp\u0119 moim domem. <\/span><\/span><\/p><div class=\"w-text us_custom_c901145c\"><span class=\"w-text-h\"><span class=\"w-text-value\">Pozw\u00f3l mi by\u0107 Twoim lokalnym przewodnikiem po Teneryfie.<\/span><\/span><\/div><div class=\"w-text us_custom_b47fcc5d\"><span class=\"w-text-h\"><span class=\"w-text-value\">Stworzy\u0142em ten darmowy plik PDF, aby upro\u015bci\u0107 ten proces i dostarczy\u0107 wszystkich potrzebnych informacji.<\/span><\/span><\/div><div class=\"w-vwrapper us_custom_bc2dc839 align_none valign_top\">\n<div class=\"wpcf7 no-js\" id=\"wpcf7-f103518-o2\" lang=\"pl-PL\" dir=\"ltr\" data-wpcf7-id=\"103518\">\n<div class=\"screen-reader-response\"><p role=\"status\" aria-live=\"polite\" aria-atomic=\"true\"><\/p> <ul><\/ul><\/div>\n<form action=\"\/pl\/wp-json\/wp\/v2\/pages\/107018#wpcf7-f103518-o2\" method=\"post\" class=\"wpcf7-form init\" aria-label=\"Formularz kontaktowy\" novalidate=\"novalidate\" data-status=\"init\">\n<fieldset class=\"hidden-fields-container\"><input type=\"hidden\" name=\"_wpcf7\" value=\"103518\" \/><input type=\"hidden\" name=\"_wpcf7_version\" value=\"6.1.5\" \/><input type=\"hidden\" name=\"_wpcf7_locale\" value=\"pl_PL\" \/><input type=\"hidden\" name=\"_wpcf7_unit_tag\" value=\"wpcf7-f103518-o2\" \/><input type=\"hidden\" name=\"_wpcf7_container_post\" value=\"0\" \/><input type=\"hidden\" name=\"_wpcf7_posted_data_hash\" value=\"\" \/><input type=\"hidden\" name=\"_wpcf7_recaptcha_response\" value=\"\" \/>\n<\/fieldset>\n<p><script>\ndocument.addEventListener('wpcf7mailsent', function(event) {\n location = 'https:\/\/thetenerifechannel.com\/your-free-guide\/';\n}, false);\n\ndocument.addEventListener('DOMContentLoaded', function() {\n var phoneInput = document.querySelector('input[name= \"Phone-number\"]');\n if (phoneInput) {\n phoneInput.addEventListener('input', function(e) {\n \/\/ Remove spaces and keep only digits and '+'\n var cleaned = e.target.value.replace(\/[^d+]\/g, '');\n \/\/ Ensure only one '+' at the beginning\n cleaned = cleaned.replace(\/^+?\/, '+').replace(\/+\/g, '');\n e.target.value = cleaned;\n });\n }\n});\n<\/script>\n<\/p>\n<p><label> Imi\u0119 i nazwisko (wymagane)<br \/>\n<span class=\"wpcf7-form-control-wrap\" data-name=\"your-name\"><input size=\"40\" maxlength=\"400\" class=\"wpcf7-form-control wpcf7-text wpcf7-validates-as-required\" aria-required=\"true\" aria-invalid=\"false\" placeholder=\"\" value=\"\" type=\"text\" name=\"your-name\" \/><\/span> <\/label>\n<\/p>\n<p><label> Tw\u00f3j adres e-mail (wymagany)<br \/>\n<span class=\"wpcf7-form-control-wrap\" data-name=\"your-email\"><input size=\"40\" maxlength=\"400\" class=\"wpcf7-form-control wpcf7-email wpcf7-validates-as-required wpcf7-text wpcf7-validates-as-email\" aria-required=\"true\" aria-invalid=\"false\" placeholder=\"\" value=\"\" type=\"email\" name=\"your-email\" \/><\/span> <\/label>\n<\/p>\n<p><label> Przewidywana data przyjazdu (wymagane)<br \/>\n<span class=\"wpcf7-form-control-wrap\" data-name=\"arrival-date\"><input class=\"wpcf7-form-control wpcf7-date wpcf7-validates-as-required wpcf7-validates-as-date\" aria-required=\"true\" aria-invalid=\"false\" value=\"\" type=\"date\" name=\"arrival-date\" \/><\/span> <\/label>\n<\/p>\n<p><label> Numer telefonu z kodem kraju<br \/>\n<span class=\"wpcf7-form-control-wrap\" data-name=\"Numer\"><input size=\"40\" maxlength=\"400\" class=\"wpcf7-form-control wpcf7-tel wpcf7-validates-as-required wpcf7-text wpcf7-validates-as-tel\" aria-required=\"true\" aria-invalid=\"false\" placeholder=\"0034\" value=\"\" type=\"tel\" name=\"Numer\" \/><\/span> <\/label>\n<\/p>\n<div style=\"margin-top: 2rem; margin-bottom: 1rem;\">\n\t<p><span class=\"wpcf7-form-control-wrap\" data-name=\"agree-to-terms\"><span class=\"wpcf7-form-control wpcf7-checkbox wpcf7-validates-as-required\"><span class=\"wpcf7-list-item first last\"><label><input type=\"checkbox\" name=\"agree-to-terms[]\" value=\"Zapozna\u0142em si\u0119 i akceptuj\u0119 regulamin strony internetowej, a tak\u017ce subskrypcj\u0119 naszego newslettera*.\" \/><span class=\"wpcf7-list-item-label\">Zapozna\u0142em si\u0119 i akceptuj\u0119 regulamin strony internetowej, a tak\u017ce subskrypcj\u0119 naszego newslettera*.<\/span><\/label><\/span><\/span><\/span>\n\t<\/p>\n<\/div>\n<input class=\"wpcf7-form-control wpcf7-hidden\" value=\"pl\" type=\"hidden\" name=\"language-code\" \/>\n<span class=\"wpcf7-form-control-wrap recaptcha\" data-name=\"recaptcha\"><span data-sitekey=\"6LcO1PEpAAAAADVlAd8e39ScIg9kMDJuZqJKMs5O\" class=\"wpcf7-form-control wpcf7-recaptcha g-recaptcha\"><\/span>\r\n<noscript>\r\n\t<div class=\"grecaptcha-noscript\">\r\n\t\t<iframe loading=\"lazy\" src=\"https:\/\/www.google.com\/recaptcha\/api\/fallback?k=6LcO1PEpAAAAADVlAd8e39ScIg9kMDJuZqJKMs5O\" frameborder=\"0\" scrolling=\"no\" width=\"310\" height=\"430\">\r\n\t\t<\/iframe>\r\n\t\t<textarea name=\"g-recaptcha-response\" rows=\"3\" cols=\"40\" placeholder=\"reCaptcha Response Here\">\r\n\t\t<\/textarea>\r\n\t<\/div>\r\n<\/noscript>\r\n<\/span>\n<div style=\"margin-top: 2rem;\">\n\t<p><input class=\"wpcf7-form-control wpcf7-submit has-spinner mobile-submit\" type=\"submit\" value=\"Pobierz bezp\u0142atny przewodnik\" \/>\n\t<\/p>\n<\/div><div class=\"wpcf7-response-output\" aria-hidden=\"true\"><\/div>\n<\/form>\n<\/div>\n<\/div><\/div><\/div><div class=\"wpb_column vc_column_container us_custom_b1748d9b hide_on_tablets hide_on_mobiles\"><div class=\"vc_column-inner\"><div class=\"w-image us_custom_214cff5d align_none\"><div class=\"w-image-h\"><img fetchpriority=\"high\" decoding=\"async\" width=\"749\" height=\"1024\" src=\"https:\/\/thetenerifechannel.com\/wp-content\/uploads\/2023\/10\/naomi-749x1024.jpeg\" class=\"attachment-large size-large\" alt=\"\" loading=\"eager\" srcset=\"https:\/\/thetenerifechannel.com\/wp-content\/uploads\/2023\/10\/naomi-749x1024.jpeg 749w, https:\/\/thetenerifechannel.com\/wp-content\/uploads\/2023\/10\/naomi-600x821.jpeg 600w, https:\/\/thetenerifechannel.com\/wp-content\/uploads\/2023\/10\/naomi-219x300.jpeg 219w, https:\/\/thetenerifechannel.com\/wp-content\/uploads\/2023\/10\/naomi.jpeg 936w\" sizes=\"(max-width: 749px) 100vw, 749px\" \/><\/div><\/div><\/div><\/div><\/div><\/div><\/div><\/div><\/div><\/section><section class=\"l-section wpb_row us_custom_e39e2dc9 hide_on_default hide_on_laptops hide_on_tablets hide_on_mobiles height_auto with_shape\"><div class=\"l-section-shape type_custom pos_bottom\" style=\"height:45%;color:var(--color-content-bg-alt)\"><svg xmlns=\"http:\/\/www.w3.org\/2000\/svg\" viewBox=\"0 0 64 8\" preserveAspectRatio=\"none\" width=\"100%\" height=\"100%\">\r\n\t<path fill=\"currentColor\" d=\"M64 8 L0 8 L0 0 L64 0 Z\"\/>\r\n<\/svg><\/div><div class=\"l-section-h i-cf\"><div class=\"g-cols vc_row via_grid cols_1 laptops-cols_inherit tablets-cols_inherit mobiles-cols_1 valign_top type_default stacking_default\"><div class=\"wpb_column vc_column_container\"><div class=\"vc_column-inner\"><div class=\"g-cols wpb_row us_custom_af5e24ac via_grid cols_2 laptops-cols_inherit tablets-cols_1 mobiles-cols_1 valign_middle type_default stacking_default\" style=\"--columns-gap:0rem;\"><div class=\"wpb_column vc_column_container\"><div class=\"vc_column-inner\"><h2 class=\"w-text\"><span class=\"w-text-h\"><span class=\"w-text-value\">TW\u00d3J DARMOWY LOKALNY PRZEWODNIK!<\/span><\/span><\/h2><div class=\"w-separator size_small\"><\/div><p class=\"w-text us_custom_b7b762a5\"><span class=\"w-text-h\"><span class=\"w-text-value\">Witam na kanale Teneryfy. Jestem Naomi i mam szcz\u0119\u015bcie nazywa\u0107 t\u0119 pi\u0119kn\u0105 wysp\u0119 moim domem. <\/span><\/span><\/p><div class=\"w-text us_custom_c901145c\"><span class=\"w-text-h\"><span class=\"w-text-value\">Pozw\u00f3l mi by\u0107 Twoim lokalnym przewodnikiem po Teneryfie.<\/span><\/span><\/div><div class=\"w-text us_custom_b47fcc5d\"><span class=\"w-text-h\"><span class=\"w-text-value\">Stworzy\u0142em ten darmowy plik PDF, aby upro\u015bci\u0107 ten proces i dostarczy\u0107 wszystkich potrzebnych informacji.<\/span><\/span><\/div><div class=\"w-hwrapper us_custom_e2da1c40 valign_top align_none\"><form class=\"w-form  us-field-style_1 us_custom_37bd319f layout_ver show_message_after_sending for_cform us_form_1\" action=\"https:\/\/thetenerifechannel.com\/pl\/wp-json\/wp\/v2\/pages\/107018\" method=\"post\"><div class=\"w-form-h\"><div class=\"w-form-row for_email\">\r\n\t\t<div class=\"w-form-row-field\">\r\n\t\t\t\t\t\t<input aria-label=\"E-mail\" type=\"email\" name=\"us_form_1_email_1\" value placeholder=\"E-mail\"\/>\r\n\t\t\t<\/div>\r\n\t\t<div class=\"w-form-row-state\">Prosz\u0119 wpisa\u0107 prawid\u0142owy adres e-mail.<\/div>\r\n<\/div>\r\n<div class=\"w-form-row for_checkboxes required\">\r\n\t\t<div class=\"w-form-row-field\">\r\n\t\t\t\t\t<label>\r\n\t\t\t\t<input type=\"checkbox\" name=\"us_form_1_checkboxes_1[]\" data-required=\"true\" value=\"Zapozna\u0142em si\u0119 i akceptuj\u0119 regulamin strony internetowej, a tak\u017ce subskrypcj\u0119 naszego newslettera *.\"\/>\r\n\t\t\t\t<span>Zapozna\u0142em si\u0119 i akceptuj\u0119 regulamin strony internetowej, a tak\u017ce subskrypcj\u0119 naszego newslettera *.<\/span>\r\n\t\t\t<\/label>\r\n\t\t\t\t<\/div>\r\n\t\t<div class=\"w-form-row-state\">Wybierz opcj\u0119<\/div>\r\n<\/div>\r\n<input type=\"hidden\" name=\"action\" value=\"us_ajax_cform\" \/>\r\n<input type=\"hidden\" name=\"post_id\" value=\"0\" \/>\r\n<input type=\"hidden\" name=\"form_index\" value=\"1\" \/>\r\n<div class=\"w-form-row for_submit align_center\"><button class=\"w-btn us-btn-style_1\" type=\"submit\" aria-label=\"Wy\u015blij\"><span class=\"g-preloader type_1\"><\/span><span class=\"w-btn-label\">Wy\u015blij<\/span><\/button><\/div><\/div><div class=\"w-form-message\"><\/div><div class=\"w-form-json hidden\" onclick='return {&quot;ajaxurl&quot;:&quot;https:\\\/\\\/thetenerifechannel.com\\\/wp-admin\\\/admin-ajax.php&quot;,&quot;messages&quot;:{&quot;err_empty&quot;:&quot;Wype\\u0142nij to pole&quot;,&quot;err_size&quot;:&quot;Rozmiar pliku nie mo\\u017ce przekracza\\u0107 %s MB&quot;,&quot;err_extension&quot;:&quot;Typ pliku %s jest niedozwolony&quot;,&quot;err_recaptcha_keys&quot;:&quot;Klucze reCAPTCHA s\\u0105 nieprawid\\u0142owe&quot;}}'><\/div><\/form><\/div><div class=\"w-text us_custom_b562f174\"><span class=\"w-text-h\"><span class=\"w-text-value\">Nie spamujemy i nie udost\u0119pniamy danych u\u017cytkownik\u00f3w.<\/span><\/span><\/div><\/div><\/div><div class=\"wpb_column vc_column_container us_custom_b1748d9b hide_on_tablets hide_on_mobiles\"><div class=\"vc_column-inner\"><div class=\"w-image us_custom_4481559d align_none\"><div class=\"w-image-h\"><img fetchpriority=\"high\" decoding=\"async\" width=\"749\" height=\"1024\" src=\"https:\/\/thetenerifechannel.com\/wp-content\/uploads\/2023\/10\/naomi-749x1024.jpeg\" class=\"attachment-large size-large\" alt=\"\" loading=\"eager\" srcset=\"https:\/\/thetenerifechannel.com\/wp-content\/uploads\/2023\/10\/naomi-749x1024.jpeg 749w, https:\/\/thetenerifechannel.com\/wp-content\/uploads\/2023\/10\/naomi-600x821.jpeg 600w, https:\/\/thetenerifechannel.com\/wp-content\/uploads\/2023\/10\/naomi-219x300.jpeg 219w, https:\/\/thetenerifechannel.com\/wp-content\/uploads\/2023\/10\/naomi.jpeg 936w\" sizes=\"(max-width: 749px) 100vw, 749px\" \/><\/div><\/div><\/div><\/div><\/div><\/div><\/div><\/div><\/div><\/section>\n","protected":false},"excerpt":{"rendered":"TW\u00d3J DARMOWY LOKALNY PRZEWODNIK!Witam na kanale Teneryfy. Jestem Naomi i mam szcz\u0119\u015bcie nazywa\u0107 t\u0119 pi\u0119kn\u0105 wysp\u0119 moim domem. Pozw\u00f3l mi by\u0107 Twoim lokalnym przewodnikiem po Teneryfie.Stworzy\u0142em ten darmowy plik PDF, aby upro\u015bci\u0107 ten proces i dostarczy\u0107 wszystkich potrzebnych informacji. Imi\u0119 i nazwisko (wymagane) Tw\u00f3j adres e-mail (wymagany) Przewidywana data przyjazdu (wymagane) Numer telefonu z kodem...","protected":false},"author":15,"featured_media":0,"parent":0,"menu_order":0,"comment_status":"closed","ping_status":"closed","template":"","meta":{"_acf_changed":false,"_joinchat":[],"footnotes":""},"class_list":["post-107018","page","type-page","status-publish","hentry"],"acf":[],"_links":{"self":[{"href":"https:\/\/thetenerifechannel.com\/pl\/wp-json\/wp\/v2\/pages\/107018","targetHints":{"allow":["GET"]}}],"collection":[{"href":"https:\/\/thetenerifechannel.com\/pl\/wp-json\/wp\/v2\/pages"}],"about":[{"href":"https:\/\/thetenerifechannel.com\/pl\/wp-json\/wp\/v2\/types\/page"}],"author":[{"embeddable":true,"href":"https:\/\/thetenerifechannel.com\/pl\/wp-json\/wp\/v2\/users\/15"}],"replies":[{"embeddable":true,"href":"https:\/\/thetenerifechannel.com\/pl\/wp-json\/wp\/v2\/comments?post=107018"}],"version-history":[{"count":6,"href":"https:\/\/thetenerifechannel.com\/pl\/wp-json\/wp\/v2\/pages\/107018\/revisions"}],"predecessor-version":[{"id":107068,"href":"https:\/\/thetenerifechannel.com\/pl\/wp-json\/wp\/v2\/pages\/107018\/revisions\/107068"}],"wp:attachment":[{"href":"https:\/\/thetenerifechannel.com\/pl\/wp-json\/wp\/v2\/media?parent=107018"}],"curies":[{"name":"wp","href":"https:\/\/api.w.org\/{rel}","templated":true}]}}