{"id":107023,"date":"2023-08-04T07:41:43","date_gmt":"2023-08-04T07:41:43","guid":{"rendered":"https:\/\/thetenerifechannel.com\/regulamin\/"},"modified":"2026-02-02T13:01:34","modified_gmt":"2026-02-02T13:01:34","slug":"regulamin","status":"publish","type":"page","link":"https:\/\/thetenerifechannel.com\/pl\/regulamin\/","title":{"rendered":"Regulamin"},"content":{"rendered":"<section class=\"l-section wpb_row height_huge\"><div class=\"l-section-h i-cf\"><div class=\"g-cols vc_row via_grid cols_1 laptops-cols_inherit tablets-cols_inherit mobiles-cols_1 valign_top type_default stacking_default\"><div class=\"wpb_column vc_column_container\"><div class=\"vc_column-inner\"><div class=\"wpb_text_column\"><div class=\"wpb_wrapper\"><p class=\"p1\"><span class=\"s1\"><b>ZASADY I WARUNKI<\/b><\/span><\/p>\n<p class=\"p2\"><b>WARUNKI ZAKUPU ONLINE<\/b><\/p>\n<p class=\"p3\"><b>I. W\u0141ASNO\u015a\u0106 STRONY INTERNETOWEJ<\/b><\/p>\n<p class=\"p4\">BELMION INVERSIONES SL (zwana dalej BELMION), hiszpa\u0144ska sp\u00f3\u0142ka o numerze identyfikacji podatkowej. B-67653071 jest w\u0142a\u015bcicielem strony internetowej thetenerifechannel.com (zwanej dalej &#8220;stron\u0105 internetow\u0105&#8221;). <\/p>\n<p class=\"p5\"><span class=\"s2\">Obs\u0142uga klienta: <a href=\"mailto:belmioninversiones@protonmail.com\"><span class=\"s3\">belmioninversiones@protonmail.com<\/span><\/a><\/span><\/p>\n<p class=\"p3\"><b>II. WARUNKI OG\u00d3LNE <\/b><\/p>\n<p class=\"p4\">Niniejsze Warunki Zakupu On-Line wyra\u017anie reguluj\u0105 stosunki mi\u0119dzy BELMION a konsumentami, kt\u00f3rzy zamawiaj\u0105 us\u0142ugi lub produkty oferowane na Stronie Internetowej.<\/p>\n<p class=\"p4\">Niniejsze warunki zakupu zosta\u0142y sporz\u0105dzone zgodnie z przepisami hiszpa\u0144skiej ustawy 34\/2002 o us\u0142ugach spo\u0142ecze\u0144stwa informacyjnego i handlu elektronicznym, ustawy 7\/1998 o og\u00f3lnych warunkach um\u00f3w, dekretu kr\u00f3lewskiego 1906\/1999, reguluj\u0105cego zawieranie um\u00f3w telefonicznych i elektronicznych za pomoc\u0105 og\u00f3lnych warunk\u00f3w okre\u015blonych w art. 5.3 ustawy 7\/1998, Kr\u00f3lewskiego Dekretu Ustawodawczego 1\/2007 z dnia 16 listopada 2007 r., zatwierdzaj\u0105cego skonsolidowany tekst hiszpa\u0144skiej ustawy og\u00f3lnej o ochronie konsument\u00f3w i u\u017cytkownik\u00f3w oraz innych ustaw uzupe\u0142niaj\u0105cych, ustawy 7\/1996 o handlu detalicznym (zmienionej przepisem ko\u0144cowym 2.2 ustawy 3\/2014 z dnia 27 marca 2014r. Ref. BOE-A-2014-3329), ustawy 6\/2020 z dnia 11 listopada 2020 r. reguluj\u0105cej niekt\u00f3re aspekty poufnych us\u0142ug elektronicznych, opublikowanej w dniu 12 listopada w Oficjalnym Biuletynie Pa\u0144stwowym, oraz wszelkich innych przepis\u00f3w prawnych, kt\u00f3re mog\u0105 mie\u0107 zastosowanie.<\/p>\n<p class=\"p4\">Przed dokonaniem zakupu online nale\u017cy pami\u0119ta\u0107, \u017ce nale\u017cy wyrazi\u0107 wyra\u017an\u0105 zgod\u0119 na przetwarzanie danych osobowych przez BELMION INVERSIONES SL, wype\u0142niaj\u0105c formularz zamieszczony na naszej stronie internetowej.<\/p>\n<p class=\"p3\"><strong>INFORMACJE PRZED ZAWARCIEM UMOWY<\/strong><\/p>\n<p class=\"p4\">Niniejsze warunki zakupu online maj\u0105 na celu uregulowanie og\u00f3lnych warunk\u00f3w \u015bwiadczenia us\u0142ug oferowanych przez BELMION za po\u015brednictwem strony internetowej <a href=\"http:\/\/thetenerifechannel.com\"><span class=\"s4\">thetenerifechannel.com<\/span><\/a>. Us\u0142ugi, kt\u00f3re s\u0105 obecnie \u015bwiadczone przez BELMION i kt\u00f3re s\u0105 przedmiotem umowy z konsumentami, to us\u0142ugi zwi\u0105zane ze sprzeda\u017c\u0105 niekt\u00f3rych rodzaj\u00f3w bilet\u00f3w na r\u00f3\u017cne wycieczki oferowane przez firm\u0119. <\/p>\n<p class=\"p4\">Produkty i us\u0142ugi oferowane przez BELMION mog\u0105 by\u0107 nabywane przez ka\u017cdego konsumenta zamieszka\u0142ego w Hiszpanii lub w innym pa\u0144stwie cz\u0142onkowskim Unii Europejskiej lub Europejskiego Obszaru Gospodarczego, a tak\u017ce przez konsument\u00f3w zamieszka\u0142ych w pa\u0144stwie, kt\u00f3re nie jest cz\u0142onkiem Unii Europejskiej lub Europejskiego Obszaru Gospodarczego, ale do kt\u00f3rego ma zastosowanie prawo hiszpa\u0144skie.<\/p>\n<p class=\"p4\">Us\u0142uga sprzeda\u017cy bilet\u00f3w BELMION, a tak\u017ce wszelkich innych produkt\u00f3w oferowanych za po\u015brednictwem naszych stron internetowych, jest \u015bwiadczona za wynagrodzeniem, a cena ka\u017cdego produktu &#8211; w tym podatki &#8211; jest wy\u015bwietlana na stronie internetowej w dowolnym momencie.<\/p>\n<p class=\"p4\">Dost\u0119p do informacji zawartych na naszych stronach internetowych nie podlega \u017cadnym op\u0142atom.<\/p>\n<p class=\"p4\">Konsument przyjmuje do wiadomo\u015bci, \u017ce informacje zawarte na naszych Stronach internetowych, w tym og\u00f3lne informacje o katalogu us\u0142ug, a tak\u017ce o innych produktach oferowanych na Stronach internetowych, oraz Og\u00f3lne warunki zakupu online i wykonania umowy, s\u0105 wystarczaj\u0105ce, aby wykluczy\u0107 jakikolwiek b\u0142\u0105d w wyra\u017ceniu na nie zgody.<\/p>\n<p class=\"p3\"><strong>1.1. Procedury<\/strong><\/p>\n<p class=\"p4\">Aby przyst\u0105pi\u0107 do korzystania z r\u00f3\u017cnych us\u0142ug oferowanych na Stronach Internetowych, konsument musi post\u0119powa\u0107 zgodnie ze wszystkimi wskaz\u00f3wkami i instrukcjami wy\u015bwietlanymi na ekranie na ka\u017cdym etapie procesu zakupu, podaj\u0105c w tym celu informacje wymagane w formularzach zamieszczonych na Stronach Internetowych, co b\u0119dzie oznacza\u0142o uprzednie przeczytanie i zaakceptowanie wszystkich Og\u00f3lnych Warunk\u00f3w Zakup\u00f3w On-Line w nich okre\u015blonych; konsument potwierdza niniejszym, \u017ce zna i akceptuje wy\u017cej wymienione procedury jako niezb\u0119dne do uzyskania dost\u0119pu do produkt\u00f3w i us\u0142ug oferowanych na Stronie Internetowej.<\/p>\n<p class=\"p4\">Konsument sfinalizuje proces zakupu po zako\u0144czeniu wszystkich jego etap\u00f3w, elektronicznym wys\u0142aniu zam\u00f3wienia i wype\u0142nieniu obowi\u0105zku zap\u0142aty za pomoc\u0105 jednej z r\u00f3\u017cnych dost\u0119pnych metod, za pomoc\u0105 &#8220;karty kredytowej&#8221; lub za pomoc\u0105 systemu &#8220;Paypal&#8221;.<\/p>\n<p class=\"p4\">Niniejsze Og\u00f3lne warunki zakup\u00f3w online staj\u0105 si\u0119 cz\u0119\u015bci\u0105 umowy w momencie wyra\u017anej akceptacji przez konsumenta, potwierdzonej wype\u0142nieniem i wys\u0142aniem danych wprowadzonych podczas procesu zakupu.<\/p>\n<p class=\"p4\">Korzystanie z jakichkolwiek us\u0142ug Witryny oznacza bezwarunkow\u0105 akceptacj\u0119 ka\u017cdego z Og\u00f3lnych Warunk\u00f3w Korzystania z Witryn, a tak\u017ce Og\u00f3lnych Warunk\u00f3w Zakupu On-Line oraz, w stosownych przypadkach, Szczeg\u00f3\u0142owych Warunk\u00f3w Zakupu, kt\u00f3re s\u0105 udost\u0119pniane konsumentowi przed zako\u0144czeniem procesu zakupu i kt\u00f3re reguluj\u0105 nabywanie bilet\u00f3w, a tak\u017ce nabywanie wszystkich innych produkt\u00f3w i us\u0142ug oferowanych w Witrynie.<\/p>\n<p class=\"p3\"><strong>1.2. Dokumentacja i j\u0119zyk<\/strong><\/p>\n<p class=\"p4\">W przypadku zakupu produkt\u00f3w, po zako\u0144czeniu procesu zakupu konsument otrzyma poczt\u0105 elektroniczn\u0105 faktur\u0119 uproszczon\u0105 (bilet lub voucher) za zakup dokonany z wa\u017cnym kodem kreskowym lub kodem QR, kt\u00f3ry zostanie wymieniony na bilety na terenie obiektu i\/lub zapewni dost\u0119p do zarezerwowanej aktywno\u015bci.<\/p>\n<p class=\"p4\">Konsument nie mo\u017ce skorzysta\u0107 z prawa do odst\u0105pienia od umowy, poniewa\u017c w tym przypadku ma zastosowanie jeden z prawnie uznanych wyj\u0105tk\u00f3w, okre\u015blonych w art. 103 lit. L Kr\u00f3lewskiego Dekretu Ustawodawczego 1\/2007 z dnia 16 listopada 2007 r., zatwierdzaj\u0105cego skonsolidowany tekst hiszpa\u0144skiej ustawy og\u00f3lnej o ochronie konsument\u00f3w i u\u017cytkownik\u00f3w (TRLGDCU) oraz innych ustaw uzupe\u0142niaj\u0105cych. Artyku\u0142 ten stanowi dos\u0142ownie: &#8220;Prawo do odst\u0105pienia od umowy nie ma zastosowania do um\u00f3w, kt\u00f3re odnosz\u0105 si\u0119 do nast\u0119puj\u0105cych pozycji: \u015bwiadczenie us\u0142ug zakwaterowania w celach innych ni\u017c mieszkaniowe, transport towar\u00f3w, wynajem pojazd\u00f3w, us\u0142ugi gastronomiczne lub us\u0142ugi zwi\u0105zane z wypoczynkiem, je\u017celi umowa przewiduje konkretn\u0105 dat\u0119 lub okres wykonania.&#8221;. <\/p>\n<p class=\"p4\">W przypadku jakichkolwiek zdarze\u0144, roszcze\u0144 lub wykonywania swoich praw konsument mo\u017ce wys\u0142a\u0107 wiadomo\u015b\u0107 e-mail na nast\u0119puj\u0105cy adres: <a href=\"mailto:belmioninversiones@protonmail.com\"><span class=\"s4\">belmioninversiones@protonmail.com<\/span><\/a><\/p>\n<p class=\"p3\">Plany awaryjne:<\/p>\n<p class=\"p7\"><span class=\"s5\">G\u00f3ra Teide, parki tematyczne, obserwowanie wieloryb\u00f3w i delfin\u00f3w oraz inne atrakcje<\/span><\/p>\n<p class=\"p4\">Je\u015bli przeprowadzenie dzia\u0142ania nie jest mo\u017cliwe z powodu niekorzystnych warunk\u00f3w pogodowych lub z przyczyn technicznych, pe\u0142na kwota zostanie zwr\u00f3cona.<\/p>\n<p class=\"p3\"><strong>ODWO\u0141ANIA<\/strong><\/p>\n<p class=\"p4\">\u017badne op\u0142aty nie maj\u0105 zastosowania do wniosk\u00f3w o zmian\u0119 lub anulowanie rezerwacji na jak\u0105kolwiek aktywno\u015b\u0107, kt\u00f3re s\u0105 uzasadnione jej zamkni\u0119ciem z powodu warunk\u00f3w pogodowych. Postaramy si\u0119 zmieni\u0107 dat\u0119 w miar\u0119 dost\u0119pno\u015bci lub anulowa\u0107 bilet bezp\u0142atnie do godziny 18:00 w dniu poprzedzaj\u0105cym zarezerwowan\u0105 dat\u0119. Po up\u0142ywie tego terminu lub je\u015bli rezerwacja zostanie dokonana po godzinie 18:00 poprzedniego dnia, nie b\u0119dzie mo\u017cliwe dokonanie \u017cadnych zmian ani anulowanie rezerwacji, a zwrot koszt\u00f3w nie b\u0119dzie mo\u017cliwy.  <\/p>\n<p class=\"p4\">W przypadku wszystkich aktywno\u015bci zmiany daty lub anulowania rezerwacji mo\u017cna dokona\u0107 bezp\u0142atnie do 24 godzin przed rozpocz\u0119ciem aktywno\u015bci, w zale\u017cno\u015bci od dost\u0119pno\u015bci. Po up\u0142ywie tego terminu naliczona zostanie op\u0142ata w wysoko\u015bci 100% kwoty. <\/p>\n<p class=\"p3\">Korzystanie z kod\u00f3w promocyjnych na stronie internetowej<\/p>\n<p class=\"p4\">Konsumenci mog\u0105 otrzyma\u0107, wraz z kuponem, kod promocyjny do wykorzystania przy przysz\u0142ych zakupach na tej stronie.<\/p>\n<p class=\"p4\">Te kody promocyjne, otrzymane przez konsumenta wraz z kuponem na zakup jednej aktywno\u015bci, b\u0119d\u0105 wa\u017cne tylko na przysz\u0142y zakup dowolnej aktywno\u015bci z katalogu, kt\u00f3ry ma zastosowanie. Obejmuje to wykorzystanie go do rezerwacji tej samej aktywno\u015bci, dla kt\u00f3rej otrzymano kod promocyjny, je\u015bli aktywno\u015b\u0107 nie zosta\u0142a anulowana przez konsumenta. Kody promocyjne nie mog\u0105 by\u0107 u\u017cywane z innymi promocjami i s\u0105 wa\u017cne tylko do jednorazowego u\u017cytku.  <\/p>\n<p class=\"p3\"><strong>1.4. Modyfikacja Og\u00f3lnych Warunk\u00f3w Zakup\u00f3w On-Line<\/strong><\/p>\n<p class=\"p4\">BELMION zastrzega sobie prawo do zmiany w dowolnym momencie niniejszych Og\u00f3lnych Warunk\u00f3w Zakupu On-Line lub, w stosownych przypadkach, Szczeg\u00f3lnych Warunk\u00f3w Zakupu, kt\u00f3re mog\u0105 mie\u0107 zastosowanie, a tak\u017ce wszelkich innych og\u00f3lnych lub szczeg\u00f3\u0142owych warunk\u00f3w, regulamin\u00f3w u\u017cytkowania lub powiadomie\u0144, kt\u00f3re mog\u0105 mie\u0107 zastosowanie. Obowi\u0105zek powiadomienia konsument\u00f3w uznaje si\u0119 za spe\u0142niony poprzez zmian\u0119 Og\u00f3lnych Warunk\u00f3w okre\u015blonych na Stronach Internetowych BELMION. <\/p>\n<p class=\"p4\">W ka\u017cdym przypadku, przed zakupem produkt\u00f3w lub us\u0142ug, zawsze b\u0119dzie mo\u017cliwe zapoznanie si\u0119 z Og\u00f3lnymi Warunkami Zakupu On-Line oraz, w stosownych przypadkach, ze Szczeg\u00f3\u0142owymi Warunkami Zakupu, kt\u00f3re mog\u0105 mie\u0107 zastosowanie. Sp\u00f3\u0142ka zastrzega sobie r\u00f3wnie\u017c prawo do zmiany w dowolnym momencie sposobu wy\u015bwietlania, ustawie\u0144 i lokalizacji Witryny, a tak\u017ce tre\u015bci i warunk\u00f3w korzystania z niej. <\/p>\n<p class=\"p3\"><strong>OCHRONA DANYCH OSOBOWYCH<\/strong><\/p>\n<p class=\"p4\">Dane osobowe wprowadzone przez konsumenta na stronie internetowej oraz wszelkie inne dane wygenerowane p\u00f3\u017aniej w wyniku jego relacji z nami zostan\u0105 w\u0142\u0105czone do Rejestru czynno\u015bci przetwarzania prowadzonego przez Belmion Inversiones SL. Dane b\u0119d\u0105 przetwarzane w celu rozwoju, utrzymania i kontroli relacji mi\u0119dzy konsumentem a nami, a w szczeg\u00f3lno\u015bci w celu przetworzenia zakupu bilet\u00f3w lub innych produkt\u00f3w, a tak\u017ce \u017c\u0105da\u0144, o kt\u00f3re konsument mo\u017ce nas poprosi\u0107, oraz w celu utrzymania komunikacji w celu poprawy naszych us\u0142ug i do cel\u00f3w statystycznych.<\/p>\n<p class=\"p3\"><strong>PRAWO W\u0141A\u015aCIWE. W\u0141A\u015aCIWO\u015a\u0106 <\/strong><\/p>\n<p class=\"p4\">Niniejsze Warunki podlegaj\u0105 prawu hiszpa\u0144skiemu. Strony mog\u0105 zdecydowa\u0107 si\u0119 na poddanie rozstrzygni\u0119cia wszelkich spor\u00f3w s\u0105dom w\u0142a\u015bciwym dla miejsca zamieszkania konsumenta i tym samym wyra\u017anie zrzec si\u0119 jakiejkolwiek innej jurysdykcji. <\/p>\n<\/div><\/div><\/div><\/div><\/div><\/div><\/section>\n","protected":false},"excerpt":{"rendered":"ZASADY I WARUNKI WARUNKI ZAKUPU ONLINE I. W\u0141ASNO\u015a\u0106 STRONY INTERNETOWEJ BELMION INVERSIONES SL (zwana dalej BELMION), hiszpa\u0144ska sp\u00f3\u0142ka o numerze identyfikacji podatkowej. B-67653071 jest w\u0142a\u015bcicielem strony internetowej thetenerifechannel.com (zwanej dalej &#8220;stron\u0105 internetow\u0105&#8221;). Obs\u0142uga klienta: belmioninversiones@protonmail.com II. WARUNKI OG\u00d3LNE Niniejsze Warunki Zakupu On-Line wyra\u017anie reguluj\u0105 stosunki mi\u0119dzy BELMION a konsumentami, kt\u00f3rzy zamawiaj\u0105 us\u0142ugi lub produkty oferowane...","protected":false},"author":15,"featured_media":0,"parent":0,"menu_order":0,"comment_status":"closed","ping_status":"closed","template":"","meta":{"_acf_changed":false,"_joinchat":[],"footnotes":""},"class_list":["post-107023","page","type-page","status-publish","hentry"],"acf":[],"_links":{"self":[{"href":"https:\/\/thetenerifechannel.com\/pl\/wp-json\/wp\/v2\/pages\/107023","targetHints":{"allow":["GET"]}}],"collection":[{"href":"https:\/\/thetenerifechannel.com\/pl\/wp-json\/wp\/v2\/pages"}],"about":[{"href":"https:\/\/thetenerifechannel.com\/pl\/wp-json\/wp\/v2\/types\/page"}],"author":[{"embeddable":true,"href":"https:\/\/thetenerifechannel.com\/pl\/wp-json\/wp\/v2\/users\/15"}],"replies":[{"embeddable":true,"href":"https:\/\/thetenerifechannel.com\/pl\/wp-json\/wp\/v2\/comments?post=107023"}],"version-history":[{"count":1,"href":"https:\/\/thetenerifechannel.com\/pl\/wp-json\/wp\/v2\/pages\/107023\/revisions"}],"predecessor-version":[{"id":107028,"href":"https:\/\/thetenerifechannel.com\/pl\/wp-json\/wp\/v2\/pages\/107023\/revisions\/107028"}],"wp:attachment":[{"href":"https:\/\/thetenerifechannel.com\/pl\/wp-json\/wp\/v2\/media?parent=107023"}],"curies":[{"name":"wp","href":"https:\/\/api.w.org\/{rel}","templated":true}]}}