{"id":103167,"date":"2026-01-12T11:05:24","date_gmt":"2026-01-12T11:05:24","guid":{"rendered":"https:\/\/thetenerifechannel.com\/excursions\/szalone-ufo\/"},"modified":"2026-02-14T13:19:31","modified_gmt":"2026-02-14T13:19:31","slug":"szalone-ufo","status":"publish","type":"product","link":"https:\/\/thetenerifechannel.com\/pl\/excursions\/szalone-ufo\/","title":{"rendered":"Szalone UFO"},"content":{"rendered":"<section class=\"l-section wpb_row height_huge\"><div class=\"l-section-h i-cf\"><div class=\"g-cols vc_row via_grid cols_1 laptops-cols_inherit tablets-cols_inherit mobiles-cols_1 valign_top type_default stacking_default\"><div class=\"wpb_column vc_column_container\"><div class=\"vc_column-inner\"><div class=\"wpb_text_column\"><div class=\"wpb_wrapper\"><p>Wskocz na Crazy UFO, ekscytuj\u0105c\u0105 nadmuchiwan\u0105 przeja\u017cd\u017ck\u0119 ci\u0105gni\u0119t\u0105 przez motor\u00f3wk\u0119, wiruj\u0105c\u0105, podskakuj\u0105c\u0105 i rozpryskuj\u0105c\u0105 si\u0119 po wodzie, aby prze\u017cy\u0107 niezapomnian\u0105 przygod\u0119 pe\u0142n\u0105 adrenaliny! Aktywno\u015b\u0107 trwa 10 minut. <\/p>\n<p><strong>W zestawie:<\/strong><\/p>\n<ul>\n<li>Miejsce spotkania na pla\u017cy najbli\u017cej miejsca zakwaterowania.<\/li>\n<li>Bilet elektroniczny. Kamizelka ratunkowa (obowi\u0105zkowa) <\/li>\n<\/ul>\n<p><strong>Brak w zestawie:<\/strong><\/p>\n<ul>\n<li>Transport<\/li>\n<li>Pami\u0105tkowe zdj\u0119cie<\/li>\n<\/ul>\n<\/div><\/div><\/div><\/div><\/div><\/div><\/section>\n","protected":false},"excerpt":{"rendered":"<p>Wskocz na Crazy UFO i do\u015bwiadcz najwi\u0119kszych wodnych emocji: kr\u0119\u0107 si\u0119, podskakuj i chlap drog\u0119 do nieko\u0144cz\u0105cej si\u0119 zabawy!<\/p>\n","protected":false},"featured_media":103182,"template":"","meta":{"_acf_changed":false,"_joinchat":[]},"product_brand":[],"product_cat":[308],"product_tag":[],"class_list":{"0":"post-103167","1":"product","2":"type-product","3":"status-publish","4":"has-post-thumbnail","6":"product_cat-sporty-wodne","7":"pa_depart-from-na-poludnie-od-wyspy","9":"first","10":"instock","11":"virtual","12":"sold-individually","13":"purchasable","14":"product-type-booking"},"acf":[],"_links":{"self":[{"href":"https:\/\/thetenerifechannel.com\/pl\/wp-json\/wp\/v2\/product\/103167","targetHints":{"allow":["GET"]}}],"collection":[{"href":"https:\/\/thetenerifechannel.com\/pl\/wp-json\/wp\/v2\/product"}],"about":[{"href":"https:\/\/thetenerifechannel.com\/pl\/wp-json\/wp\/v2\/types\/product"}],"wp:featuredmedia":[{"embeddable":true,"href":"https:\/\/thetenerifechannel.com\/pl\/wp-json\/wp\/v2\/media\/103182"}],"wp:attachment":[{"href":"https:\/\/thetenerifechannel.com\/pl\/wp-json\/wp\/v2\/media?parent=103167"}],"wp:term":[{"taxonomy":"product_brand","embeddable":true,"href":"https:\/\/thetenerifechannel.com\/pl\/wp-json\/wp\/v2\/product_brand?post=103167"},{"taxonomy":"product_cat","embeddable":true,"href":"https:\/\/thetenerifechannel.com\/pl\/wp-json\/wp\/v2\/product_cat?post=103167"},{"taxonomy":"product_tag","embeddable":true,"href":"https:\/\/thetenerifechannel.com\/pl\/wp-json\/wp\/v2\/product_tag?post=103167"}],"curies":[{"name":"wp","href":"https:\/\/api.w.org\/{rel}","templated":true}]}}