{"id":103186,"date":"2025-05-22T08:14:14","date_gmt":"2025-05-22T08:14:14","guid":{"rendered":"https:\/\/thetenerifechannel.com\/excursions\/wynajem-lodzi\/"},"modified":"2026-02-14T11:07:53","modified_gmt":"2026-02-14T11:07:53","slug":"wynajem-lodzi","status":"publish","type":"product","link":"https:\/\/thetenerifechannel.com\/pl\/excursions\/wynajem-lodzi\/","title":{"rendered":"Wynajem \u0142odzi"},"content":{"rendered":"<section class=\"l-section wpb_row height_huge\"><div class=\"l-section-h i-cf\"><div class=\"g-cols vc_row via_grid cols_1 laptops-cols_inherit tablets-cols_inherit mobiles-cols_1 valign_top type_default stacking_default\"><div class=\"wpb_column vc_column_container\"><div class=\"vc_column-inner\"><div class=\"wpb_text_column\"><div class=\"wpb_wrapper\"><p data-start=\"0\" data-end=\"320\">Sp\u0119d\u017a dzie\u0144 na wodzie, zaczynaj\u0105c od Puerto Col\u00f3n (Costa Adeje) lub Marina del Sur (Las Galletas). Wypo\u017cycz jedn\u0105 z ma\u0142ych \u0142odzi, kt\u00f3re ka\u017cdy mo\u017ce prowadzi\u0107 &#8211; bez konieczno\u015bci posiadania prawa jazdy.<br \/>\nMog\u0105 one pomie\u015bci\u0107 do pi\u0119ciu os\u00f3b, sterowa\u0107 jak samoch\u00f3d i s\u0105 dostarczane z kr\u00f3tkim instrukta\u017cem bezpiecze\u0144stwa, dzi\u0119ki czemu jeste\u015b gotowy do wyp\u0142yni\u0119cia w ci\u0105gu kilku minut.<br \/>\nZosta\u0144 na godzin\u0119, p\u00f3\u0142 dnia lub ca\u0142y dzie\u0144; wyb\u00f3r nale\u017cy do Ciebie. <\/p>\n<p data-start=\"322\" data-end=\"525\">Chcesz wi\u0119cej miejsca lub po prostu nie masz ochoty sterowa\u0107? Zarezerwuj jedn\u0105 z naszych wi\u0119kszych \u0142odzi z lokalnym kapitanem.<br \/>\nMo\u017cesz wyci\u0105gn\u0105\u0107 si\u0119 na pok\u0142adzie, zatrzyma\u0107 si\u0119 na k\u0105piel lub pozwoli\u0107 kapitanowi pokaza\u0107 ci ukryte zatoczki podczas relaksu. <\/p>\n<p>Po przybyciu na miejsce wymagany b\u0119dzie depozyt zabezpieczaj\u0105cy na pokrycie ewentualnych szk\u00f3d lub dodatkowych koszt\u00f3w paliwa na \u0142odzi.<br \/>\n<span>Depozyt mo\u017cna wp <\/span>\u0142aci\u0107 kart\u0105 kredytow\u0105, debetow\u0105 lub got\u00f3wk\u0105<span>  &#8211; w zale\u017cno\u015bci od preferencji. Zostanie ona w pe\u0142ni zwr\u00f3cona po zako\u0144czeniu wynajmu, pod warunkiem, \u017ce wszystko b\u0119dzie w dobrym stanie. <\/span><\/p>\n<\/div><\/div><\/div><\/div><\/div><\/div><\/section>\n","protected":false},"excerpt":{"rendered":"<p data-pm-slice=\"1 1 []\">Start z Puerto Col\u00f3n (Costa Adeje) lub Marina del Sur (Las Galletas)  <span>Wsi\u0105d\u017a do \u0142odzi bez licencji i wynajmij j\u0105 na tak d\u0142ugo, jak chcesz, dzi\u0119ki prostemu sterowaniu i szybkiej odprawie w doku. Je\u015bli potrzebujesz wi\u0119cej miejsca lub wolisz si\u0119 zrelaksowa\u0107, wybierz jedn\u0105 z naszych wi\u0119kszych \u0142odzi i pozw\u00f3l do\u015bwiadczonemu kapitanowi zaj\u0105\u0107 si\u0119 sterem. <\/span><\/p>\n","protected":false},"featured_media":54184,"template":"","meta":{"_acf_changed":false,"_joinchat":[]},"product_brand":[],"product_cat":[309],"product_tag":[],"class_list":{"0":"post-103186","1":"product","2":"type-product","3":"status-publish","4":"has-post-thumbnail","6":"product_cat-wynajem-lodzi","8":"first","9":"instock","10":"virtual","11":"sold-individually","12":"purchasable","13":"product-type-booking"},"acf":[],"_links":{"self":[{"href":"https:\/\/thetenerifechannel.com\/pl\/wp-json\/wp\/v2\/product\/103186","targetHints":{"allow":["GET"]}}],"collection":[{"href":"https:\/\/thetenerifechannel.com\/pl\/wp-json\/wp\/v2\/product"}],"about":[{"href":"https:\/\/thetenerifechannel.com\/pl\/wp-json\/wp\/v2\/types\/product"}],"wp:featuredmedia":[{"embeddable":true,"href":"https:\/\/thetenerifechannel.com\/pl\/wp-json\/wp\/v2\/media\/54184"}],"wp:attachment":[{"href":"https:\/\/thetenerifechannel.com\/pl\/wp-json\/wp\/v2\/media?parent=103186"}],"wp:term":[{"taxonomy":"product_brand","embeddable":true,"href":"https:\/\/thetenerifechannel.com\/pl\/wp-json\/wp\/v2\/product_brand?post=103186"},{"taxonomy":"product_cat","embeddable":true,"href":"https:\/\/thetenerifechannel.com\/pl\/wp-json\/wp\/v2\/product_cat?post=103186"},{"taxonomy":"product_tag","embeddable":true,"href":"https:\/\/thetenerifechannel.com\/pl\/wp-json\/wp\/v2\/product_tag?post=103186"}],"curies":[{"name":"wp","href":"https:\/\/api.w.org\/{rel}","templated":true}]}}