{"id":103197,"date":"2025-07-15T10:12:22","date_gmt":"2025-07-15T10:12:22","guid":{"rendered":"https:\/\/thetenerifechannel.com\/excursions\/sailin-tour-macoyacht-3-godziny\/"},"modified":"2025-07-15T10:12:22","modified_gmt":"2025-07-15T10:12:22","slug":"sailin-tour-macoyacht-3-godziny","status":"publish","type":"product","link":"https:\/\/thetenerifechannel.com\/pl\/excursions\/sailin-tour-macoyacht-3-godziny\/","title":{"rendered":"Sailin Tour Macoyacht (3 godziny)"},"content":{"rendered":"<p data-start=\"52\" data-end=\"196\">Wejd\u017a na pok\u0142ad Maco Yacht i pop\u0142y\u0144 wzd\u0142u\u017c osza\u0142amiaj\u0105cego po\u0142udniowego wybrze\u017ca Teneryfy, aby prze\u017cy\u0107 relaksuj\u0105c\u0105 przygod\u0119.<br \/>\nNasza 3-godzinna wsp\u00f3lna wycieczka to nie tylko obserwowanie wieloryb\u00f3w &#8211; to ch\u0142oni\u0119cie ca\u0142ej nadmorskiej atmosfery. Przep\u0142yniemy obok kultowych miejsc i pla\u017c, podczas gdy Ty b\u0119dziesz si\u0119 relaksowa\u0107.<br \/>\nObserwuj fale &#8211; ten odcinek oceanu jest domem dla wieloryb\u00f3w, delfin\u00f3w, a czasem nawet \u017c\u00f3\u0142wi morskich. Aparaty gotowe!<br \/>\nW po\u0142owie rejsu zarzucimy kotwic\u0119 w zatoce, gdzie b\u0119dzie mo\u017cna pop\u0142ywa\u0107 lub ponurkowa\u0107. Sprz\u0119t jest do naszej dyspozycji &#8211; wystarczy zabra\u0107 ze sob\u0105 poczucie przygody.<br \/>\nWygodny, przyjazny i niezapomniany.<br \/>\nAby zapewni\u0107 Ci orze\u017awienie, do\u0142\u0105czamy trzy napoje i smaczn\u0105 kanapk\u0119. <\/p>\n<p data-start=\"488\" data-end=\"703\" data-is-last-node=\"\" data-is-only-node=\"\">Z miejscem dla zaledwie 11 go\u015bci na naszych 12-14 metrowych \u017cagl\u00f3wkach, b\u0119dziesz cieszy\u0107 si\u0119 relaksuj\u0105c\u0105, niezat\u0142oczon\u0105 atmosfer\u0105 i spersonalizowan\u0105 opiek\u0105 od pocz\u0105tku do ko\u0144ca.<\/p>\n<p data-start=\"399\" data-end=\"543\"><strong>W cenie:<br \/>\n<\/strong> &#8211; Kanapki<span style=\"letter-spacing: 0em;\"> i napoje<\/span><strong><br \/>\n<\/strong>przystanek wodny<br \/>\n&#8211; sprz\u0119t do snorkelingu<\/p>\n<p>*Dost\u0119pny odbi\u00f3r osobisty<\/p>\n","protected":false},"excerpt":{"rendered":"<p>Do\u0142\u0105cz do 3-godzinnego rejsu \u017ceglarskiego z obserwacj\u0105 wieloryb\u00f3w, p\u0142ywaniem, nurkowaniem z rurk\u0105, lokalnymi spostrze\u017ceniami i napojami na przestronnej \u017cagl\u00f3wce z zaledwie 11 go\u015b\u0107mi.<\/p>\n","protected":false},"featured_media":65496,"template":"","meta":{"_acf_changed":false,"_joinchat":[]},"product_brand":[],"product_cat":[310],"product_tag":[],"class_list":{"0":"post-103197","1":"product","2":"type-product","3":"status-publish","4":"has-post-thumbnail","6":"product_cat-obserwacja-wielorybow","8":"first","9":"instock","10":"virtual","11":"sold-individually","12":"purchasable","13":"product-type-booking"},"acf":[],"_links":{"self":[{"href":"https:\/\/thetenerifechannel.com\/pl\/wp-json\/wp\/v2\/product\/103197","targetHints":{"allow":["GET"]}}],"collection":[{"href":"https:\/\/thetenerifechannel.com\/pl\/wp-json\/wp\/v2\/product"}],"about":[{"href":"https:\/\/thetenerifechannel.com\/pl\/wp-json\/wp\/v2\/types\/product"}],"wp:featuredmedia":[{"embeddable":true,"href":"https:\/\/thetenerifechannel.com\/pl\/wp-json\/wp\/v2\/media\/65496"}],"wp:attachment":[{"href":"https:\/\/thetenerifechannel.com\/pl\/wp-json\/wp\/v2\/media?parent=103197"}],"wp:term":[{"taxonomy":"product_brand","embeddable":true,"href":"https:\/\/thetenerifechannel.com\/pl\/wp-json\/wp\/v2\/product_brand?post=103197"},{"taxonomy":"product_cat","embeddable":true,"href":"https:\/\/thetenerifechannel.com\/pl\/wp-json\/wp\/v2\/product_cat?post=103197"},{"taxonomy":"product_tag","embeddable":true,"href":"https:\/\/thetenerifechannel.com\/pl\/wp-json\/wp\/v2\/product_tag?post=103197"}],"curies":[{"name":"wp","href":"https:\/\/api.w.org\/{rel}","templated":true}]}}