{"id":103225,"date":"2025-05-06T17:52:08","date_gmt":"2025-05-06T17:52:08","guid":{"rendered":"https:\/\/thetenerifechannel.com\/excursions\/freebird-whale-watching-cruise-45-godziny\/"},"modified":"2026-03-09T14:57:51","modified_gmt":"2026-03-09T14:57:51","slug":"freebird-whale-watching-cruise-45-godziny","status":"publish","type":"product","link":"https:\/\/thetenerifechannel.com\/pl\/excursions\/freebird-whale-watching-cruise-45-godziny\/","title":{"rendered":"Freebird Whale Watching Cruise 4,5 godziny"},"content":{"rendered":"<p><span>Wyruszaj\u0105c z Puerto Col\u00f3n, ten wygodny katamaran zabierze Ci\u0119 wzd\u0142u\u017c po\u0142udniowo-zachodniego wybrze\u017ca Teneryfy w kierunku klif\u00f3w Los Gigantes i ukrytej zatoki Masca. Po drodze b\u0119dziesz mia\u0142 okazj\u0119 zobaczy\u0107 wieloryby i delfiny w ich naturalnym \u015brodowisku. Ciesz si\u0119 relaksuj\u0105cym postojem na k\u0105piel, pysznym lunchem na pok\u0142adzie i bezp\u0142atnymi napojami z otwartego baru, rozkoszuj\u0105c si\u0119 s\u0142o\u0144cem i osza\u0142amiaj\u0105cymi widokami na wybrze\u017ce. Idealne po\u0142\u0105czenie natury, relaksu i przygody na Atlantyku!   <\/span><\/p>\n<p><strong>W zestawie:<\/strong><\/p>\n<ul>\n<li>Elektroniczny bilet wst\u0119pu.<\/li>\n<li>Spotkaj wieloryby w ich naturalnym \u015brodowisku.<\/li>\n<li>Lunch i napoje.<\/li>\n<li>Przewodnik m\u00f3wi\u0105cy po angielsku.<\/li>\n<li>Transfer autobusem z po\u0142udniowej cz\u0119\u015bci wyspy.<\/li>\n<\/ul>\n<p><strong>Brak w zestawie:<\/strong><\/p>\n<ul>\n<li>Wypo\u017cyczenie le\u017caka: 25 \u20ac za par\u0119<\/li>\n<li>Pami\u0105tkowe zdj\u0119cie: 10 \u20ac<\/li>\n<li>Lody: 3,00\u20ac<\/li>\n<li>Fajka do nurkowania i maski.<\/li>\n<\/ul>\n","protected":false},"excerpt":{"rendered":"<p>Pop\u0142y\u0144 katamaranem Freebird na zabawn\u0105 przygod\u0119 obserwowania wieloryb\u00f3w i delfin\u00f3w na Teneryfie i odwied\u017a zatok\u0119 Masca i Los Gigantes.<\/p>\n","protected":false},"featured_media":103254,"template":"","meta":{"_acf_changed":false,"_joinchat":[]},"product_brand":[],"product_cat":[310],"product_tag":[311],"class_list":{"0":"post-103225","1":"product","2":"type-product","3":"status-publish","4":"has-post-thumbnail","6":"product_cat-obserwacja-wielorybow","7":"product_tag-karty-domowe","8":"pa_depart-from-na-poludnie-od-wyspy","10":"first","11":"instock","12":"virtual","13":"sold-individually","14":"purchasable","15":"product-type-booking"},"acf":[],"_links":{"self":[{"href":"https:\/\/thetenerifechannel.com\/pl\/wp-json\/wp\/v2\/product\/103225","targetHints":{"allow":["GET"]}}],"collection":[{"href":"https:\/\/thetenerifechannel.com\/pl\/wp-json\/wp\/v2\/product"}],"about":[{"href":"https:\/\/thetenerifechannel.com\/pl\/wp-json\/wp\/v2\/types\/product"}],"wp:featuredmedia":[{"embeddable":true,"href":"https:\/\/thetenerifechannel.com\/pl\/wp-json\/wp\/v2\/media\/103254"}],"wp:attachment":[{"href":"https:\/\/thetenerifechannel.com\/pl\/wp-json\/wp\/v2\/media?parent=103225"}],"wp:term":[{"taxonomy":"product_brand","embeddable":true,"href":"https:\/\/thetenerifechannel.com\/pl\/wp-json\/wp\/v2\/product_brand?post=103225"},{"taxonomy":"product_cat","embeddable":true,"href":"https:\/\/thetenerifechannel.com\/pl\/wp-json\/wp\/v2\/product_cat?post=103225"},{"taxonomy":"product_tag","embeddable":true,"href":"https:\/\/thetenerifechannel.com\/pl\/wp-json\/wp\/v2\/product_tag?post=103225"}],"curies":[{"name":"wp","href":"https:\/\/api.w.org\/{rel}","templated":true}]}}