{"id":103243,"date":"2025-07-10T05:22:21","date_gmt":"2025-07-10T05:22:21","guid":{"rendered":"https:\/\/thetenerifechannel.com\/excursions\/jeep-tour\/"},"modified":"2026-03-14T11:16:17","modified_gmt":"2026-03-14T11:16:17","slug":"jeep-tour","status":"publish","type":"product","link":"https:\/\/thetenerifechannel.com\/pl\/excursions\/jeep-tour\/","title":{"rendered":"Jeep Tour"},"content":{"rendered":"<p>Odkryj Teneryf\u0119 jak nigdy dot\u0105d dzi\u0119ki jeep tour, wyj\u0105tkowej wycieczce z przewodnikiem w dostosowanych klasycznych Jeepach Wranglerach (YJ). Jed\u017a przez pi\u0119kne krajobrazy w ma\u0142ych grupach od 2 do 4 os\u00f3b na pojazd, z mo\u017cliwo\u015bci\u0105 zmiany kierowcy podczas wycieczki. Je\u015bli kochasz przygod\u0119, natur\u0119 i autentyczno\u015b\u0107, to jest to do\u015bwiadczenie dla Ciebie.  <\/p>\n<p><strong data-start=\"970\" data-end=\"1018\">Wycieczki (wszystkie 3,5-godzinne &#8211; w tym terenowe):<\/strong><\/p>\n<p data-start=\"1020\" data-end=\"1044\"><strong style=\"letter-spacing: 0em;\" data-start=\"1028\" data-end=\"1044\">Wycieczka wzd\u0142u\u017c wybrze\u017ca<br \/>\n<\/strong>Z Costa Adeje udajemy si\u0119 malownicz\u0105 star\u0105 drog\u0105 do Ch\u00edo, gdzie 20-minutowa trasa terenowa rozpoczyna przygod\u0119. Nast\u0119pnie podziwiaj spektakularne widoki na klify Los Gigantes z ukrytego wiejskiego punktu widokowego. Zako\u0144cz dzie\u0144 orze\u017awiaj\u0105c\u0105 k\u0105piel\u0105 w porcie El Balito i piknikiem z kanapkami i napojami bezalkoholowymi.  <\/p>\n<p data-start=\"1356\" data-end=\"1382\"><strong data-start=\"1364\" data-end=\"1382\">Jednodniowa wycieczka na Teide<br \/>\n<\/strong>Wspinaczka z Costa Adeje do Parku Narodowego Teide przez Ch\u00edo. Poznaj wulkaniczne pi\u0119kno Roque de Garc\u00eda, a w drodze powrotnej zatrzymaj si\u0119 w tradycyjnej jaskini Guanche na wysoko\u015bci 1700 metr\u00f3w. Obejmuje lekki piknik i napoje, a tak\u017ce trudn\u0105 jazd\u0119 terenow\u0105.  <\/p>\n<p data-start=\"1643\" data-end=\"1672\"><strong data-start=\"1651\" data-end=\"1672\">Teide Sunset Tour<br \/>\n<\/strong>Pod\u0105\u017caj t\u0105 sam\u0105 zapieraj\u0105c\u0105 dech w piersiach tras\u0105, co Teide Day Tour, ale z magicznym bonusem ogl\u0105dania zachodu s\u0142o\u0144ca nad wulkanicznymi krajobrazami. Gdy z\u0142ote \u015bwiat\u0142o uderza w szczyty, ciesz si\u0119 spokojnym piknikiem i odkryj staro\u017cytn\u0105 przesz\u0142o\u015b\u0107 wyspy w jaskini Guanche. <\/p>\n<p><span>&#8211; W cen\u0119 wliczono dw\u00f3ch kierowc\u00f3w na pojazd (dodatkowi kierowcy: 30 \u20ac).<br \/>\n<\/span>&#8211; Minimum 2 lata do\u015bwiadczenia w prowadzeniu pojazd\u00f3w i uko\u0144czone 21 lat.<br \/>\n<span>&#8211; Mile widziane s\u0105 dzieci w wieku od 2 lat, dla kt\u00f3rych dost\u0119pne s\u0105 odpowiednie foteliki dzieci\u0119ce.<\/span><br data-start=\"780\" data-end=\"783\"><span>&#8211; Zapewniamy kurtki na ch\u0142odniejsze g\u00f3rskie temperatury.<br \/>\n<\/span>&#8211; Zdj\u0119cia do kupienia<br data-start=\"867\" data-end=\"870\"><span>&#8211; Zwr\u00f3cimy do 10 \u20ac koszt\u00f3w przejazdu taks\u00f3wk\u0105 (za pokwitowaniem).<br \/>\n<\/span><\/p>\n<p><span><strong data-start=\"1933\" data-end=\"1951\">Miejsce spotkania:<\/strong> Costa Adeje &#8211; C.C. AguaMall<br data-start=\"1979\" data-end=\"1982\"><strong data-start=\"1982\" data-end=\"1996\">J\u0119zyki:<\/strong> Hiszpa\u0144ski, angielski, w\u0142oski<br data-start=\"2022\" data-end=\"2025\"><strong data-start=\"2025\" data-end=\"2038\">Pojazdy:<\/strong> 4 Jeepy (manualna skrzynia bieg\u00f3w, 2500cc-4200cc) + 1 pojazd przewodnika<br \/>\n<\/span><\/p>\n","protected":false},"excerpt":{"rendered":"<p><span>Odkryj Teneryf\u0119 podczas samodzielnej wycieczki Jeepem Wranglerem z Soul Jeep Experience, oferuj\u0105c trzy niezapomniane 3-godzinne trasy.<\/span><\/p>\n","protected":false},"featured_media":65296,"template":"","meta":{"_acf_changed":false,"_joinchat":[]},"product_brand":[],"product_cat":[315,312,314],"product_tag":[],"class_list":{"0":"post-103243","1":"product","2":"type-product","3":"status-publish","4":"has-post-thumbnail","6":"product_cat-przygoda-z-natura","7":"product_cat-wycieczki-na-teide","8":"product_cat-wycieczki-na-teneryfe","10":"first","11":"instock","12":"virtual","13":"sold-individually","14":"purchasable","15":"product-type-booking"},"acf":[],"_links":{"self":[{"href":"https:\/\/thetenerifechannel.com\/pl\/wp-json\/wp\/v2\/product\/103243","targetHints":{"allow":["GET"]}}],"collection":[{"href":"https:\/\/thetenerifechannel.com\/pl\/wp-json\/wp\/v2\/product"}],"about":[{"href":"https:\/\/thetenerifechannel.com\/pl\/wp-json\/wp\/v2\/types\/product"}],"wp:featuredmedia":[{"embeddable":true,"href":"https:\/\/thetenerifechannel.com\/pl\/wp-json\/wp\/v2\/media\/65296"}],"wp:attachment":[{"href":"https:\/\/thetenerifechannel.com\/pl\/wp-json\/wp\/v2\/media?parent=103243"}],"wp:term":[{"taxonomy":"product_brand","embeddable":true,"href":"https:\/\/thetenerifechannel.com\/pl\/wp-json\/wp\/v2\/product_brand?post=103243"},{"taxonomy":"product_cat","embeddable":true,"href":"https:\/\/thetenerifechannel.com\/pl\/wp-json\/wp\/v2\/product_cat?post=103243"},{"taxonomy":"product_tag","embeddable":true,"href":"https:\/\/thetenerifechannel.com\/pl\/wp-json\/wp\/v2\/product_tag?post=103243"}],"curies":[{"name":"wp","href":"https:\/\/api.w.org\/{rel}","templated":true}]}}