{"id":103265,"date":"2025-05-01T15:44:28","date_gmt":"2025-05-01T15:44:28","guid":{"rendered":"https:\/\/thetenerifechannel.com\/excursions\/wycieczka-buggy-off-road-i-degustacja-wina\/"},"modified":"2025-05-01T15:44:28","modified_gmt":"2025-05-01T15:44:28","slug":"wycieczka-buggy-off-road-i-degustacja-wina","status":"publish","type":"product","link":"https:\/\/thetenerifechannel.com\/pl\/excursions\/wycieczka-buggy-off-road-i-degustacja-wina\/","title":{"rendered":"Wycieczka buggy off-road i degustacja wina"},"content":{"rendered":"<p class=\"\" data-start=\"48\" data-end=\"211\">Do\u0142\u0105cz do tej 3-godzinnej wycieczki buggy na niezapomnian\u0105 przeja\u017cd\u017ck\u0119! Odbierzemy Ci\u0119 z hotelu i zaczniemy od szybkiego wprowadzenia dotycz\u0105cego bezpiecze\u0144stwa i jazdy (nie martw si\u0119, to bardzo proste).<br \/>\nTwoja przygoda rozpocznie si\u0119 od 15 minut prawdziwej zabawy w terenie na torze pe\u0142nym wyboj\u00f3w, wzniesie\u0144 i spadk\u00f3w. Nast\u0119pnie udamy si\u0119 do Parku Narodowego Teide, z kilkoma przystankami po drodze na zdj\u0119cia i przerwy na toalet\u0119. <\/p>\n<p class=\"\" data-start=\"440\" data-end=\"629\">Po podziwianiu widok\u00f3w z najwy\u017cszego szczytu Hiszpanii zatrzymamy si\u0119 na degustacj\u0119 lokalnego wina, kanaryjskich ziemniak\u00f3w, sera i <em data-start=\"588\" data-end=\"599\">almogrote<\/em> (pysznej lokalnej pasty).<br \/>\nPo zako\u0144czeniu wycieczki zabierzemy Ci\u0119 z powrotem do hotelu &#8211; zakurzonego, szcz\u0119\u015bliwego i pe\u0142nego opowie\u015bci!<\/p>\n<p><strong>W ZESTAWIE:<\/strong><\/p>\n<ul>\n<li>Odbi\u00f3r \/ Dow\u00f3z<\/li>\n<li>Woda<\/li>\n<li>Okulary ochronne przeciwpy\u0142owe<\/li>\n<li><span style=\"letter-spacing: 0em;\">Ciep\u0142e kurtki i r\u0119kawiczki (w razie potrzeby)<\/span><\/li>\n<\/ul>\n<p>*Mo\u017cliwo\u015b\u0107 zakupu zdj\u0119\u0107 \/ film\u00f3w i bandan za dodatkow\u0105 op\u0142at\u0105.<br \/>\n*Zalecamy noszenie wygodnych but\u00f3w i ubra\u0144.<br \/>\n*We\u017a kurtk\u0119, w g\u00f3rach mo\u017ce by\u0107 zimno.<br \/>\n*Nie zapomnij na\u0142o\u017cy\u0107 kremu z filtrem przeciws\u0142onecznym, poniewa\u017c s\u0142o\u0144ce mo\u017ce by\u0107 niezwykle silne, szczeg\u00f3lnie latem.<br \/>\n*Prawo jazdy (kierowcy poni\u017cej 23 roku \u017cycia lub z mniej ni\u017c 2-letnim do\u015bwiadczeniem w prowadzeniu pojazd\u00f3w musz\u0105 wp\u0142aci\u0107 kaucj\u0119 w wysoko\u015bci 250 EUR).<\/p>\n<p>&nbsp;<\/p>\n","protected":false},"excerpt":{"rendered":"<p><span>Poznaj Teneryf\u0119 w buggy z zabaw\u0105 terenow\u0105, malownicz\u0105 przeja\u017cd\u017ck\u0105 do Parku Narodowego Teide oraz smacznym lokalnym winem i przystankiem na tapas.<\/span><\/p>\n","protected":false},"featured_media":48417,"template":"","meta":{"_acf_changed":false,"_joinchat":[]},"product_brand":[],"product_cat":[313,312],"product_tag":[],"class_list":{"0":"post-103265","1":"product","2":"type-product","3":"status-publish","4":"has-post-thumbnail","6":"product_cat-wycieczki-na-quadach","7":"product_cat-wycieczki-na-teide","9":"first","10":"instock","11":"virtual","12":"sold-individually","13":"purchasable","14":"product-type-booking"},"acf":[],"_links":{"self":[{"href":"https:\/\/thetenerifechannel.com\/pl\/wp-json\/wp\/v2\/product\/103265","targetHints":{"allow":["GET"]}}],"collection":[{"href":"https:\/\/thetenerifechannel.com\/pl\/wp-json\/wp\/v2\/product"}],"about":[{"href":"https:\/\/thetenerifechannel.com\/pl\/wp-json\/wp\/v2\/types\/product"}],"wp:featuredmedia":[{"embeddable":true,"href":"https:\/\/thetenerifechannel.com\/pl\/wp-json\/wp\/v2\/media\/48417"}],"wp:attachment":[{"href":"https:\/\/thetenerifechannel.com\/pl\/wp-json\/wp\/v2\/media?parent=103265"}],"wp:term":[{"taxonomy":"product_brand","embeddable":true,"href":"https:\/\/thetenerifechannel.com\/pl\/wp-json\/wp\/v2\/product_brand?post=103265"},{"taxonomy":"product_cat","embeddable":true,"href":"https:\/\/thetenerifechannel.com\/pl\/wp-json\/wp\/v2\/product_cat?post=103265"},{"taxonomy":"product_tag","embeddable":true,"href":"https:\/\/thetenerifechannel.com\/pl\/wp-json\/wp\/v2\/product_tag?post=103265"}],"curies":[{"name":"wp","href":"https:\/\/api.w.org\/{rel}","templated":true}]}}