{"id":103288,"date":"2024-11-19T12:03:30","date_gmt":"2024-11-19T12:03:30","guid":{"rendered":"https:\/\/thetenerifechannel.com\/excursions\/buggy-teide-adventure\/"},"modified":"2026-04-24T06:55:09","modified_gmt":"2026-04-24T06:55:09","slug":"buggy-teide-adventure","status":"publish","type":"product","link":"https:\/\/thetenerifechannel.com\/pl\/excursions\/buggy-teide-adventure\/","title":{"rendered":"Buggy Teide Adventure"},"content":{"rendered":"<section class=\"l-section wpb_row height_huge\"><div class=\"l-section-h i-cf\"><div class=\"g-cols vc_row via_grid cols_1 laptops-cols_inherit tablets-cols_inherit mobiles-cols_1 valign_top type_default stacking_default\"><div class=\"wpb_column vc_column_container\"><div class=\"vc_column-inner\"><div class=\"wpb_text_column\"><div class=\"wpb_wrapper\"><p><span>Rozpoczynaj\u0105c t\u0119 wycieczk\u0119 o godzinie 3:30 z Las Chafiras, b\u0119dziesz podr\u00f3\u017cowa\u0107 malowniczymi trasami przez kilka uroczych miasteczek na po\u0142udniu Teneryfy, ch\u0142on\u0105c \u015bwie\u017ce powietrze i podziwiaj\u0105c widoki. Podr\u00f3\u017c zabierze Ci\u0119 do zapieraj\u0105cego dech w piersiach Parku Narodowego El Teide, gdzie zatrzymasz si\u0119 na wysoko\u015bci 2200 metr\u00f3w. Tutaj b\u0119dziesz mia\u0142 czas na relaks, zrobienie wyj\u0105tkowych zdj\u0119\u0107 panoramicznych i podziwianie pi\u0119knego krajobrazu, jaki ma do zaoferowania Teneryfa. Po tym niezapomnianym przystanku wyruszysz w drog\u0119 powrotn\u0105, pod\u0105\u017caj\u0105c tras\u0105, kt\u00f3ra prezentuje pi\u0119kne wybrze\u017ce wyspy przed powrotem do punktu wyj\u015bcia.   <\/span><\/p>\n<p><strong>ZAWIERA:<\/strong><\/p>\n<ul>\n<li>Czas podr\u00f3\u017cy 3,5 godziny.<\/li>\n<li><span>Paliwo, przewodnik, ubezpieczenie dla turyst\u00f3w, kurtka\/p\u0142aszcz, okulary przeciws\u0142oneczne, czekolada, kanapka i woda.<\/span><\/li>\n<li><span>Zalecamy zabranie ze sob\u0105 p\u0142aszcza, cho\u0107 firma b\u0119dzie go mia\u0142a do dyspozycji.<\/span><\/li>\n<\/ul>\n<p>*Bezp\u0142atny transport na po\u0142udniu wyspy: Las Am\u00e9ricas, Los Cristianos, Costa Adeje, Fa\u00f1ab\u00e9, Torviscas, La Caleta, El M\u00e9dano, Los Abrigos, Costa del Silencio, Las Galletas, Golf del Sur i Amarilla Golf.<br \/>\nW przypadku odbioru poza tymi obszarami us\u0142uga ta wi\u0105\u017ce si\u0119 z dodatkow\u0105 op\u0142at\u0105 w wysoko\u015bci 10 EUR za buggy (odbi\u00f3r i powr\u00f3t), kt\u00f3r\u0105 nale\u017cy ui\u015bci\u0107 na pocz\u0105tku wycieczki, zapytaj o dost\u0119pno\u015b\u0107 podczas dokonywania rezerwacji.<\/p>\n<p><span>*Nale\u017cy nosi\u0107 zamkni\u0119te obuwie.<br \/>\n*Musisz posiada\u0107 prawo jazdy kategorii B1. NIE AKCEPTUJEMY LICENCJI TYMCZASOWYCH. Minimalny wiek kierowcy to 18 lat.<br \/>\n*Dzieci o wzro\u015bcie co najmniej 1,35 m mog\u0105 podr\u00f3\u017cowa\u0107 jako osoba towarzysz\u0105ca w w\u00f3zku 2-osobowym. Dzieci w wieku od 2 lat mog\u0105 je\u017adzi\u0107 w foteliku dzieci\u0119cym w 4-osobowym w\u00f3zku zapewnionym przez firm\u0119. <\/span><\/p>\n<\/div><\/div><\/div><\/div><\/div><\/div><\/section>\n","protected":false},"excerpt":{"rendered":"<div class=\"flex max-w-full flex-col flex-grow\">\n<div class=\"min-h-8 text-message flex w-full flex-col items-end gap-2 whitespace-normal break-words [.text-message+&amp;]:mt-5\" dir=\"auto\" data-message-author-role=\"assistant\" data-message-id=\"bc3f96f7-f5f2-48ea-9575-478fb857310e\" data-message-model-slug=\"gpt-4o\">\n<div class=\"flex w-full flex-col gap-1 empty:hidden first:pt-[3px]\">\n<div class=\"markdown prose w-full break-words dark:prose-invert light\">\n<p>Rozpocznij zabawn\u0105 przygod\u0119 buggy przez najlepsze miejsca na Teneryfie, ko\u0144cz\u0105c na zapieraj\u0105cych dech w piersiach widokach w Parku Narodowym El Teide!<\/p>\n<\/div>\n<\/div>\n<\/div>\n<\/div>\n","protected":false},"featured_media":117580,"template":"","meta":{"_acf_changed":false,"_joinchat":[]},"product_brand":[],"product_cat":[313,312,314],"product_tag":[372,375,374,373,482,483,376],"class_list":{"0":"post-103288","1":"product","2":"type-product","3":"status-publish","4":"has-post-thumbnail","6":"product_cat-wycieczki-na-quadach","7":"product_cat-wycieczki-na-teide","8":"product_cat-wycieczki-na-teneryfe","9":"product_tag-a-group-couples","10":"product_tag-a-group-solo","11":"product_tag-a-grupa-przyjaciol","12":"product_tag-a-grupa-rodziny","13":"product_tag-a-must-adrenaline-families","14":"product_tag-a-must-adrenaline-friends","15":"product_tag-a-vibe-adventure","17":"first","18":"instock","19":"virtual","20":"sold-individually","21":"purchasable","22":"product-type-booking"},"acf":[],"_links":{"self":[{"href":"https:\/\/thetenerifechannel.com\/pl\/wp-json\/wp\/v2\/product\/103288","targetHints":{"allow":["GET"]}}],"collection":[{"href":"https:\/\/thetenerifechannel.com\/pl\/wp-json\/wp\/v2\/product"}],"about":[{"href":"https:\/\/thetenerifechannel.com\/pl\/wp-json\/wp\/v2\/types\/product"}],"wp:featuredmedia":[{"embeddable":true,"href":"https:\/\/thetenerifechannel.com\/pl\/wp-json\/wp\/v2\/media\/117580"}],"wp:attachment":[{"href":"https:\/\/thetenerifechannel.com\/pl\/wp-json\/wp\/v2\/media?parent=103288"}],"wp:term":[{"taxonomy":"product_brand","embeddable":true,"href":"https:\/\/thetenerifechannel.com\/pl\/wp-json\/wp\/v2\/product_brand?post=103288"},{"taxonomy":"product_cat","embeddable":true,"href":"https:\/\/thetenerifechannel.com\/pl\/wp-json\/wp\/v2\/product_cat?post=103288"},{"taxonomy":"product_tag","embeddable":true,"href":"https:\/\/thetenerifechannel.com\/pl\/wp-json\/wp\/v2\/product_tag?post=103288"}],"curies":[{"name":"wp","href":"https:\/\/api.w.org\/{rel}","templated":true}]}}