{"id":103291,"date":"2025-06-05T09:55:26","date_gmt":"2025-06-05T09:55:26","guid":{"rendered":"https:\/\/thetenerifechannel.com\/excursions\/royal-delfin-2-godzinny-rejs-po-atlantyku\/"},"modified":"2026-04-07T10:59:55","modified_gmt":"2026-04-07T10:59:55","slug":"royal-delfin-2-godzinny-rejs-po-atlantyku","status":"publish","type":"product","link":"https:\/\/thetenerifechannel.com\/pl\/excursions\/royal-delfin-2-godzinny-rejs-po-atlantyku\/","title":{"rendered":"Royal Delfin 2-godzinny rejs po Atlantyku"},"content":{"rendered":"<p>Zobacz wieloryby i delfiny podczas 2-godzinnego rejsu katamaranem Royal Delfin z ekskluzywn\u0105 podwodn\u0105 wizj\u0105. Wycieczka rozpoczyna si\u0119 w Puerto Colon, Costa Adeje. <\/p>\n<p><strong style=\"letter-spacing: 0em;\">W zestawie:<\/strong><\/p>\n<ul>\n<li>Bilet elektroniczny.<\/li>\n<li>Specjalistyczni przewodnicy na pok\u0142adzie.<\/li>\n<\/ul>\n<p><strong>Brak w zestawie:<\/strong><\/p>\n<ul>\n<li>Filtr przeciws\u0142oneczny<\/li>\n<li>R\u0119czniki<\/li>\n<li>Fajka do nurkowania i maski<\/li>\n<\/ul>\n<p>&nbsp;<\/p>\n","protected":false},"excerpt":{"rendered":"<p>Ciesz si\u0119 wyj\u0105tkowym do\u015bwiadczeniem ogl\u0105dania wieloryb\u00f3w i delfin\u00f3w przez ekskluzywny podwodny katamaran podczas tego 2-godzinnego rejsu po Atlantyku.<\/p>\n","protected":false},"featured_media":103344,"template":"","meta":{"_acf_changed":false,"_joinchat":[]},"product_brand":[],"product_cat":[310],"product_tag":[351],"class_list":{"0":"post-103291","1":"product","2":"type-product","3":"status-publish","4":"has-post-thumbnail","6":"product_cat-obserwacja-wielorybow","7":"product_tag-a-vibe-boats","8":"pa_depart-from-na-poludnie-od-wyspy","10":"first","11":"instock","12":"virtual","13":"sold-individually","14":"purchasable","15":"product-type-booking"},"acf":[],"_links":{"self":[{"href":"https:\/\/thetenerifechannel.com\/pl\/wp-json\/wp\/v2\/product\/103291","targetHints":{"allow":["GET"]}}],"collection":[{"href":"https:\/\/thetenerifechannel.com\/pl\/wp-json\/wp\/v2\/product"}],"about":[{"href":"https:\/\/thetenerifechannel.com\/pl\/wp-json\/wp\/v2\/types\/product"}],"wp:featuredmedia":[{"embeddable":true,"href":"https:\/\/thetenerifechannel.com\/pl\/wp-json\/wp\/v2\/media\/103344"}],"wp:attachment":[{"href":"https:\/\/thetenerifechannel.com\/pl\/wp-json\/wp\/v2\/media?parent=103291"}],"wp:term":[{"taxonomy":"product_brand","embeddable":true,"href":"https:\/\/thetenerifechannel.com\/pl\/wp-json\/wp\/v2\/product_brand?post=103291"},{"taxonomy":"product_cat","embeddable":true,"href":"https:\/\/thetenerifechannel.com\/pl\/wp-json\/wp\/v2\/product_cat?post=103291"},{"taxonomy":"product_tag","embeddable":true,"href":"https:\/\/thetenerifechannel.com\/pl\/wp-json\/wp\/v2\/product_tag?post=103291"}],"curies":[{"name":"wp","href":"https:\/\/api.w.org\/{rel}","templated":true}]}}