{"id":103388,"date":"2025-05-01T16:08:03","date_gmt":"2025-05-01T16:08:03","guid":{"rendered":"https:\/\/thetenerifechannel.com\/excursions\/karting\/"},"modified":"2026-03-09T13:56:10","modified_gmt":"2026-03-09T13:56:10","slug":"karting","status":"publish","type":"product","link":"https:\/\/thetenerifechannel.com\/pl\/excursions\/karting\/","title":{"rendered":"Karting"},"content":{"rendered":"<p><span>Poczuj dreszczyk emocji podczas wy\u015bcig\u00f3w na Karting Las Am\u00e9ricas. Ten odkryty tor oferuje zabaw\u0119 dla wszystkich grup wiekowych, z szybkimi gokartami, ekscytuj\u0105cymi zakr\u0119tami i wspania\u0142\u0105 atmosfer\u0105. Niezale\u017cnie od tego, czy jeste\u015b pocz\u0105tkuj\u0105cym, czy fanem wy\u015bcig\u00f3w, przyjd\u017a i do\u015bwiadcz pr\u0119dko\u015bci i emocji pod s\u0142o\u0144cem Teneryfy!  <\/span><\/p>\n<p><strong>OPCJE:<\/strong><\/p>\n<ul>\n<li><strong>Wy\u015bcigi seryjne<\/strong>: <span>1 seria wy\u015bcigowa trwaj\u0105ca 10 minut.<\/span><\/li>\n<li><span><strong>2 serie wy\u015bcigowe<\/strong>: 2 serie wy\u015bcigowe po 10 minut ka\u017cda.<br \/>\n<\/span><\/li>\n<li><span><span><strong>Gokart dwumiejscowy:<\/strong> 1 seria wy\u015bcig\u00f3w trwaj\u0105ca 10 minut. Towarzysz musi mie\u0107 uko\u0144czone 2 lata. <\/span><\/span><strong><br \/>\nWY\u015aCIGI (MINIMUM 8 OS\u00d3B)<\/strong><\/li>\n<li><span><strong>Mini Prix:<\/strong> 10 minut treningu z pomiarem czasu + 10 minut wy\u015bcigu.<\/span><\/li>\n<li><strong>Grand Prix:<\/strong> <span>10 minut treningu + 10 minut pomiaru czasu + 10 minut wy\u015bcigu. Cava i trofeum dla zwyci\u0119zcy. <\/span><\/li>\n<\/ul>\n<p><span>-Minimalny wzrost juniora to 125 cm, a minimalny wiek to 7 lat.<br \/>\n-Otwarte od 10:00 do 20:30<\/span><\/p>\n","protected":false},"excerpt":{"rendered":"<p><span>Poczuj adrenalin\u0119 podczas emocjonuj\u0105cego dnia kartingu na \u015bwie\u017cym powietrzu w Las Am\u00e9ricas!<\/span><\/p>\n","protected":false},"featured_media":45789,"template":"","meta":{"_acf_changed":false,"_joinchat":[]},"product_brand":[],"product_cat":[316],"product_tag":[],"class_list":{"0":"post-103388","1":"product","2":"type-product","3":"status-publish","4":"has-post-thumbnail","6":"product_cat-bez-kategorii","8":"first","9":"instock","10":"virtual","11":"sold-individually","12":"purchasable","13":"product-type-booking"},"acf":[],"_links":{"self":[{"href":"https:\/\/thetenerifechannel.com\/pl\/wp-json\/wp\/v2\/product\/103388","targetHints":{"allow":["GET"]}}],"collection":[{"href":"https:\/\/thetenerifechannel.com\/pl\/wp-json\/wp\/v2\/product"}],"about":[{"href":"https:\/\/thetenerifechannel.com\/pl\/wp-json\/wp\/v2\/types\/product"}],"wp:featuredmedia":[{"embeddable":true,"href":"https:\/\/thetenerifechannel.com\/pl\/wp-json\/wp\/v2\/media\/45789"}],"wp:attachment":[{"href":"https:\/\/thetenerifechannel.com\/pl\/wp-json\/wp\/v2\/media?parent=103388"}],"wp:term":[{"taxonomy":"product_brand","embeddable":true,"href":"https:\/\/thetenerifechannel.com\/pl\/wp-json\/wp\/v2\/product_brand?post=103388"},{"taxonomy":"product_cat","embeddable":true,"href":"https:\/\/thetenerifechannel.com\/pl\/wp-json\/wp\/v2\/product_cat?post=103388"},{"taxonomy":"product_tag","embeddable":true,"href":"https:\/\/thetenerifechannel.com\/pl\/wp-json\/wp\/v2\/product_tag?post=103388"}],"curies":[{"name":"wp","href":"https:\/\/api.w.org\/{rel}","templated":true}]}}