{"id":103551,"date":"2025-12-24T10:41:23","date_gmt":"2025-12-24T10:41:23","guid":{"rendered":"https:\/\/thetenerifechannel.com\/excursions\/wycieczka-helikopterem\/"},"modified":"2026-03-19T12:01:14","modified_gmt":"2026-03-19T12:01:14","slug":"wycieczka-helikopterem","status":"publish","type":"product","link":"https:\/\/thetenerifechannel.com\/pl\/excursions\/wycieczka-helikopterem\/","title":{"rendered":"Wycieczka helikopterem"},"content":{"rendered":"<div class=\"flex-shrink-0 flex flex-col relative items-end\">\n<div class=\"pt-0.5\">\n<div class=\"page\" title=\"Strona 1\">\n<div class=\"section\">\n<div class=\"layoutArea\">\n<div class=\"column\">\n<p>Odwa\u017c si\u0119 wybra\u0107 jedn\u0105 z malowniczych tras i prze\u017cyj niezapomnian\u0105 przygod\u0119 z helikopterem! Je\u015bli kiedykolwiek marzy\u0142e\u015b o lataniu i odkrywaniu nowych do\u015bwiadcze\u0144 z lotu ptaka, to w\u0142a\u015bnie nadarza si\u0119 okazja.<br \/>\nOdkryj zapieraj\u0105ce dech w piersiach krajobrazy Teneryfy i wybierz jedn\u0105 z wielu tras, z kt\u00f3rych ka\u017cda oferuje wyj\u0105tkowe widoki i niezapomniane chwile. Prze\u017cyj jedyn\u0105 w swoim rodzaju przygod\u0119 helikopterem nad Teneryf\u0105!  <\/p>\n<p><span class=\"x19la9d6 x1fc57z9 x6ikm8r x10wlt62 x19co3pv x11tp94h xfibh0p xiy17q3 x1xsqp64 x1lkfr7t xexx8yu xyri2b x18d9i69 x1c1uobl\"><span class=\"xrtxmta x1bhl96m\">\ud83d\udccd<\/span><\/span>Miejsce spotkania w obszarze Adeje.<\/p>\n<p>&nbsp;<\/p>\n<p><strong>5 R\u00d3\u017bNYCH TRAS:<\/strong><\/p>\n<p><strong>Po\u0142udniowe wybrze\u017ce (20 km &#8211; 7 min):<\/strong> 1. La Caleta \/ 2. pla\u017ca Las Am\u00e9ricas \/ 3. pla\u017ca Los Cristianos \/ 4. powr\u00f3t przez wybrze\u017ce   <\/p>\n<p><strong>Pla\u017ce i w\u0105wozy (30 km &#8211; 10 min): <\/strong>1. La Caleta \/ 2. pla\u017ca Las Am\u00e9ricas \/ 3. pla\u017ca Los Cristianos \/ 4. parki wodne \/ 5. Roque del Conde \/ 6. Barranco del Infierno \/ 7. Taucho \/ 8. El Puertito       <\/p>\n<p><strong>Cliffs Of The Giants (50 km &#8211; 18 min): <\/strong>1. Golf Costa Adeje \/ 2. La Caleta \/ 3. pla\u017ca San Juan \/ 4. Alcal\u00e1 \/ 5. Puerto de Santiago \/ 6. Tamaimo \/ 7. Santiago del Teide \/ 8. Widoki na Teide \/ 9. Powr\u00f3t przez wybrze\u017ce        <\/p>\n<p><strong>Low Island (85 km &#8211; 25 min): <\/strong>1. Golf Costa Adeje \/ 2. La Caleta \/ 3. pla\u017ca San Juan \/ 4. Alcal\u00e1 \/ 5. Puerto de Santiago \/ 6. Santiago del Teide \/ 7. Teno \/ 8. Buenavista del Norte \/ 9. Garachico \/ 10. Powr\u00f3t przez Corona Forestal \/ 11. Tamaimo \/ 12. Tejina           <\/p>\n<p><strong>Gran Teide Luxury (120 km &#8211; 40 min): <\/strong>1. Golf Costa Adeje \/ 2. La Caleta \/ 3. pla\u017ca San Juan \/ 4. Alcal\u00e1 \/ 5. Puerto de Santiago \/ 6. Santiago del Teide \/ 7. Buenavista del Norte \/ 8. Garachico \/ 9. La Orotava \/ 10. G\u00fc\u00edmar \/ 11. Powr\u00f3t przez Corona Forestal \/ 12. Vilaflor           <\/p>\n<p>&nbsp;<\/p>\n<\/div>\n<p><strong>Brak w zestawie:<\/strong><\/p>\n<\/div>\n<ul style=\"list-style-type: disc;\">\n<li>Transport<\/li>\n<li>Zdj\u0119cia i filmy<\/li>\n<\/ul>\n<\/div>\n<\/div>\n<\/div>\n<\/div>\n","protected":false},"excerpt":{"rendered":"<p>Do\u015bwiadcz nieba na Teneryfie!<br data-start=\"36\" data-end=\"39\">Ciesz si\u0119 malowniczymi lotami helikopterem i odkryj osza\u0142amiaj\u0105ce krajobrazy wyspy z g\u00f3ry.<\/p>\n","protected":false},"featured_media":103569,"template":"","meta":{"_acf_changed":false,"_joinchat":[]},"product_brand":[],"product_cat":[316,315,314],"product_tag":[],"class_list":{"0":"post-103551","1":"product","2":"type-product","3":"status-publish","4":"has-post-thumbnail","6":"product_cat-bez-kategorii","7":"product_cat-przygoda-z-natura","8":"product_cat-wycieczki-na-teneryfe","9":"pa_depart-from-na-poludnie-od-wyspy","11":"first","12":"instock","13":"virtual","14":"sold-individually","15":"purchasable","16":"product-type-booking"},"acf":[],"_links":{"self":[{"href":"https:\/\/thetenerifechannel.com\/pl\/wp-json\/wp\/v2\/product\/103551","targetHints":{"allow":["GET"]}}],"collection":[{"href":"https:\/\/thetenerifechannel.com\/pl\/wp-json\/wp\/v2\/product"}],"about":[{"href":"https:\/\/thetenerifechannel.com\/pl\/wp-json\/wp\/v2\/types\/product"}],"wp:featuredmedia":[{"embeddable":true,"href":"https:\/\/thetenerifechannel.com\/pl\/wp-json\/wp\/v2\/media\/103569"}],"wp:attachment":[{"href":"https:\/\/thetenerifechannel.com\/pl\/wp-json\/wp\/v2\/media?parent=103551"}],"wp:term":[{"taxonomy":"product_brand","embeddable":true,"href":"https:\/\/thetenerifechannel.com\/pl\/wp-json\/wp\/v2\/product_brand?post=103551"},{"taxonomy":"product_cat","embeddable":true,"href":"https:\/\/thetenerifechannel.com\/pl\/wp-json\/wp\/v2\/product_cat?post=103551"},{"taxonomy":"product_tag","embeddable":true,"href":"https:\/\/thetenerifechannel.com\/pl\/wp-json\/wp\/v2\/product_tag?post=103551"}],"curies":[{"name":"wp","href":"https:\/\/api.w.org\/{rel}","templated":true}]}}