{"id":103572,"date":"2025-12-19T11:01:52","date_gmt":"2025-12-19T11:01:52","guid":{"rendered":"https:\/\/thetenerifechannel.com\/excursions\/fiat-500-offshore\/"},"modified":"2026-04-01T08:50:45","modified_gmt":"2026-04-01T08:50:45","slug":"fiat-500-offshore","status":"publish","type":"product","link":"https:\/\/thetenerifechannel.com\/pl\/excursions\/fiat-500-offshore\/","title":{"rendered":"Fiat 500 Offshore"},"content":{"rendered":"<p data-start=\"145\" data-end=\"300\"><strong>Odkryj najlepsz\u0105 wodn\u0105 przygod\u0119 na Teneryfie!<\/strong><br data-start=\"199\" data-end=\"202\">Wejd\u017a na pok\u0142ad i wybierz mi\u0119dzy 40 minutami, 1 godzin\u0105 lub 2 godzinami czystych emocji na morzu.<\/p>\n<p data-start=\"302\" data-end=\"616\">Ta wyj\u0105tkowa \u0142\u00f3d\u017a motorowa pomie\u015bci do 4 pasa\u017cer\u00f3w, a Ty przejmiesz stery, staj\u0105c si\u0119 kapitanem swojego w\u0142asnego Fiata 500 na wodzie. Od momentu wej\u015bcia na pok\u0142ad b\u0119dziesz cieszy\u0107 si\u0119 swobod\u0105 samodzielnej nawigacji i poczujesz adrenalin\u0119, gdy b\u0119dziesz \u015blizga\u0107 si\u0119 po falach w tej naprawd\u0119 wyj\u0105tkowej \u0142odzi. <\/p>\n<p data-start=\"618\" data-end=\"778\">Z zaledwie 50 Fiatami 500 tego typu na ca\u0142ym \u015bwiecie i 3 zlokalizowanymi tutaj, na Teneryfie, jest to rzadka i ekskluzywna okazja, kt\u00f3rej nie mo\u017cna przegapi\u0107!<\/p>\n<p data-start=\"780\" data-end=\"845\">Zarezerwuj swoje do\u015bwiadczenie ju\u017c dzi\u015b i ciesz si\u0119 ca\u0142kowit\u0105 wolno\u015bci\u0105 na morzu.<\/p>\n<ul>\n<li>Kierowca: minimum 18 lat (prawo jazdy nie jest wymagane)<\/li>\n<li>Miejsce spotkania: Puerto Colon, Costa Adeje<\/li>\n<\/ul>\n","protected":false},"excerpt":{"rendered":"<p>Poczuj emocje otwartego morza z Fiatem 500 Offshore! Zasi\u0105d\u017a za kierownic\u0105 w\u0142asnego Fiata 500 i pokonuj fale, ciesz\u0105c si\u0119 ca\u0142kowit\u0105 wolno\u015bci\u0105 na wodzie. <\/p>\n","protected":false},"featured_media":97148,"template":"","meta":{"_acf_changed":false,"_joinchat":[]},"product_brand":[],"product_cat":[308],"product_tag":[],"class_list":{"0":"post-103572","1":"product","2":"type-product","3":"status-publish","4":"has-post-thumbnail","6":"product_cat-sporty-wodne","8":"first","9":"instock","10":"virtual","11":"sold-individually","12":"purchasable","13":"product-type-booking"},"acf":[],"_links":{"self":[{"href":"https:\/\/thetenerifechannel.com\/pl\/wp-json\/wp\/v2\/product\/103572","targetHints":{"allow":["GET"]}}],"collection":[{"href":"https:\/\/thetenerifechannel.com\/pl\/wp-json\/wp\/v2\/product"}],"about":[{"href":"https:\/\/thetenerifechannel.com\/pl\/wp-json\/wp\/v2\/types\/product"}],"wp:featuredmedia":[{"embeddable":true,"href":"https:\/\/thetenerifechannel.com\/pl\/wp-json\/wp\/v2\/media\/97148"}],"wp:attachment":[{"href":"https:\/\/thetenerifechannel.com\/pl\/wp-json\/wp\/v2\/media?parent=103572"}],"wp:term":[{"taxonomy":"product_brand","embeddable":true,"href":"https:\/\/thetenerifechannel.com\/pl\/wp-json\/wp\/v2\/product_brand?post=103572"},{"taxonomy":"product_cat","embeddable":true,"href":"https:\/\/thetenerifechannel.com\/pl\/wp-json\/wp\/v2\/product_cat?post=103572"},{"taxonomy":"product_tag","embeddable":true,"href":"https:\/\/thetenerifechannel.com\/pl\/wp-json\/wp\/v2\/product_tag?post=103572"}],"curies":[{"name":"wp","href":"https:\/\/api.w.org\/{rel}","templated":true}]}}