{"id":103578,"date":"2024-09-06T15:09:13","date_gmt":"2024-09-06T15:09:13","guid":{"rendered":"https:\/\/thetenerifechannel.com\/excursions\/jetcar\/"},"modified":"2026-03-09T13:56:22","modified_gmt":"2026-03-09T13:56:22","slug":"jetcar","status":"publish","type":"product","link":"https:\/\/thetenerifechannel.com\/pl\/excursions\/jetcar\/","title":{"rendered":"JetCar"},"content":{"rendered":"<p>Najlepsza wodna przygoda na Teneryfie! Wskocz na pok\u0142ad i ciesz si\u0119 45 lub 60 minutami czystej adrenaliny. Ta wyj\u0105tkowa motor\u00f3wka mo\u017ce pomie\u015bci\u0107 3 pasa\u017cer\u00f3w, a Ty masz nad ni\u0105 kontrol\u0119 &#8211; jeste\u015b kapitanem swojego w\u0142asnego skutera wodnego. Przygoda zaczyna si\u0119, gdy tylko wejdziesz na pok\u0142ad, daj\u0105c Ci swobod\u0119 samodzielnego poruszania si\u0119 i odczuwania emocji zwi\u0105zanych z jazd\u0105 na falach podczas prowadzenia Jetcar.   <\/p>\n<p>Zarezerwuj swoj\u0105 podr\u00f3\u017c ju\u017c teraz i do\u015bwiadcz najwy\u017cszej wolno\u015bci na morzu.<\/p>\n<ul>\n<li>Minimalny wiek: 6 lat<\/li>\n<li>Dost\u0119pny odbi\u00f3r osobisty (mi\u0119dzy Los Cristianos i Callao Salvaje)<\/li>\n<\/ul>\n","protected":false},"excerpt":{"rendered":"<p>Prze\u017cyj dreszczyk emocji na oceanie z Jetcar! Przejmij kontrol\u0119 nad w\u0142asnym szybkim odrzutowcem na 45 lub 60 minut adrenalinowej przygody. Poczuj wolno\u015b\u0107, poruszaj\u0105c si\u0119 po falach i podziwiaj\u0105c wspania\u0142e widoki.  <\/p>\n","protected":false},"featured_media":16452,"template":"","meta":{"_acf_changed":false,"_joinchat":[]},"product_brand":[],"product_cat":[308],"product_tag":[],"class_list":{"0":"post-103578","1":"product","2":"type-product","3":"status-publish","4":"has-post-thumbnail","6":"product_cat-sporty-wodne","8":"first","9":"instock","10":"virtual","11":"sold-individually","12":"purchasable","13":"product-type-booking"},"acf":[],"_links":{"self":[{"href":"https:\/\/thetenerifechannel.com\/pl\/wp-json\/wp\/v2\/product\/103578","targetHints":{"allow":["GET"]}}],"collection":[{"href":"https:\/\/thetenerifechannel.com\/pl\/wp-json\/wp\/v2\/product"}],"about":[{"href":"https:\/\/thetenerifechannel.com\/pl\/wp-json\/wp\/v2\/types\/product"}],"wp:featuredmedia":[{"embeddable":true,"href":"https:\/\/thetenerifechannel.com\/pl\/wp-json\/wp\/v2\/media\/16452"}],"wp:attachment":[{"href":"https:\/\/thetenerifechannel.com\/pl\/wp-json\/wp\/v2\/media?parent=103578"}],"wp:term":[{"taxonomy":"product_brand","embeddable":true,"href":"https:\/\/thetenerifechannel.com\/pl\/wp-json\/wp\/v2\/product_brand?post=103578"},{"taxonomy":"product_cat","embeddable":true,"href":"https:\/\/thetenerifechannel.com\/pl\/wp-json\/wp\/v2\/product_cat?post=103578"},{"taxonomy":"product_tag","embeddable":true,"href":"https:\/\/thetenerifechannel.com\/pl\/wp-json\/wp\/v2\/product_tag?post=103578"}],"curies":[{"name":"wp","href":"https:\/\/api.w.org\/{rel}","templated":true}]}}