{"id":103579,"date":"2025-08-20T06:43:11","date_gmt":"2025-08-20T06:43:11","guid":{"rendered":"https:\/\/thetenerifechannel.com\/excursions\/kajak-i-nurkowanie-z-rurka\/"},"modified":"2025-08-20T06:43:11","modified_gmt":"2025-08-20T06:43:11","slug":"kajak-i-nurkowanie-z-rurka","status":"publish","type":"product","link":"https:\/\/thetenerifechannel.com\/pl\/excursions\/kajak-i-nurkowanie-z-rurka\/","title":{"rendered":"Kajak i nurkowanie z rurk\u0105"},"content":{"rendered":"<p data-start=\"146\" data-end=\"412\"><span>Ciesz si\u0119 2,5-godzinn\u0105 przygod\u0105 kajakow\u0105, startuj\u0105c prosto z piasku po kr\u00f3tkim instrukta\u017cu bezpiecze\u0144stwa. B\u0119dziemy wios\u0142owa\u0107 wzd\u0142u\u017c wybrze\u017ca w kierunku przybrze\u017cnej farmy rybnej, hotspotu, w kt\u00f3rym cz\u0119sto mo\u017cna zobaczy\u0107 \u017c\u00f3\u0142wie, \u0142awice ryb i ptaki morskie. Przed zawr\u00f3ceniem wp\u0142yniemy do jaskini morskiej El Palmar, aby bli\u017cej przyjrze\u0107 si\u0119 temu niezwyk\u0142emu miejscu. W po\u0142owie drogi zakotwiczymy na relaksuj\u0105c\u0105 sesj\u0119 snorkelingu w czystej wodzie &#8211; maska i fajka wliczone w cen\u0119 &#8211; z opcj\u0105     <\/span>Dodaj skuter morski<span>  dzi\u0119ki czemu mo\u017cesz szybowa\u0107 bez wysi\u0142ku i odkrywa\u0107 wi\u0119cej w kr\u00f3tszym czasie. To malownicza trasa z mn\u00f3stwem zdj\u0119\u0107. <\/span><\/p>\n<p>*Obejmuje mask\u0119 i rurki do nurkowania, wios\u0142a i kamizelki ratunkowe. W sklepie znajduje si\u0119 przebieralnia, szafki i \u0142azienka.<br \/>\n*Wymagania: brak chor\u00f3b serca, brak ci\u0105\u017cy, brak drgawek lub narkolepsji. Osoba powinna umie\u0107 p\u0142ywa\u0107 i nie wa\u017cy\u0107 wi\u0119cej ni\u017c 110 kg podczas snorkelingu, a dwie osoby nie mog\u0105 wa\u017cy\u0107 wi\u0119cej ni\u017c 180 kg na jeden dwuosobowy kajak.<br \/>\n*Hulajnogi dost\u0119pne za dodatkow\u0105 op\u0142at\u0105.<\/p>\n","protected":false},"excerpt":{"rendered":"<p><span>Ciesz si\u0119 pi\u0119kn\u0105 przygod\u0105 kajakow\u0105, odkryj jaskini\u0119 morsk\u0105 El Palmar i zatrzymaj si\u0119 na relaksuj\u0105ce nurkowanie z rurk\u0105.<\/span><\/p>\n","protected":false},"featured_media":74983,"template":"","meta":{"_acf_changed":false,"_joinchat":[]},"product_brand":[],"product_cat":[315,308],"product_tag":[],"class_list":{"0":"post-103579","1":"product","2":"type-product","3":"status-publish","4":"has-post-thumbnail","6":"product_cat-przygoda-z-natura","7":"product_cat-sporty-wodne","9":"first","10":"instock","11":"virtual","12":"sold-individually","13":"purchasable","14":"product-type-booking"},"acf":[],"_links":{"self":[{"href":"https:\/\/thetenerifechannel.com\/pl\/wp-json\/wp\/v2\/product\/103579","targetHints":{"allow":["GET"]}}],"collection":[{"href":"https:\/\/thetenerifechannel.com\/pl\/wp-json\/wp\/v2\/product"}],"about":[{"href":"https:\/\/thetenerifechannel.com\/pl\/wp-json\/wp\/v2\/types\/product"}],"wp:featuredmedia":[{"embeddable":true,"href":"https:\/\/thetenerifechannel.com\/pl\/wp-json\/wp\/v2\/media\/74983"}],"wp:attachment":[{"href":"https:\/\/thetenerifechannel.com\/pl\/wp-json\/wp\/v2\/media?parent=103579"}],"wp:term":[{"taxonomy":"product_brand","embeddable":true,"href":"https:\/\/thetenerifechannel.com\/pl\/wp-json\/wp\/v2\/product_brand?post=103579"},{"taxonomy":"product_cat","embeddable":true,"href":"https:\/\/thetenerifechannel.com\/pl\/wp-json\/wp\/v2\/product_cat?post=103579"},{"taxonomy":"product_tag","embeddable":true,"href":"https:\/\/thetenerifechannel.com\/pl\/wp-json\/wp\/v2\/product_tag?post=103579"}],"curies":[{"name":"wp","href":"https:\/\/api.w.org\/{rel}","templated":true}]}}