{"id":103654,"date":"2025-08-04T18:00:12","date_gmt":"2025-08-04T18:00:12","guid":{"rendered":"https:\/\/thetenerifechannel.com\/excursions\/seatrek\/"},"modified":"2025-08-04T18:00:12","modified_gmt":"2025-08-04T18:00:12","slug":"seatrek","status":"publish","type":"product","link":"https:\/\/thetenerifechannel.com\/pl\/excursions\/seatrek\/","title":{"rendered":"SeaTREK"},"content":{"rendered":"<p data-start=\"141\" data-end=\"341\">Odkryj podwodny \u015bwiat Teneryfy bez sprz\u0119tu do nurkowania! Nasz he\u0142m do nurkowania SeaTREK pozwala chodzi\u0107 po dnie oceanu, oddycha\u0107 naturalnie i cieszy\u0107 si\u0119 morskim pi\u0119knem &#8211; nie s\u0105 wymagane \u017cadne umiej\u0119tno\u015bci p\u0142ywackie. <\/p>\n<p data-start=\"343\" data-end=\"578\">Idealne dla pocz\u0105tkuj\u0105cych, rodzin i starszych poszukiwaczy przyg\u00f3d, nasze wycieczki s\u0105 bezpieczne, \u0142atwe i prowadzone przez do\u015bwiadczonych instruktor\u00f3w. Zaczynaj\u0105c od pla\u017cy Las Vistas, w ma\u0142ych grupach i przyjaznej atmosferze, b\u0119dziesz cieszy\u0107 si\u0119 relaksuj\u0105cym, niezapomnianym do\u015bwiadczeniem pod falami. Do\u015bwiadczenie trwa oko\u0142o 20-25 minut.  <\/p>\n<ul>\n<li data-start=\"691\" data-end=\"727\">Oddychaj normalnie przez nos<\/li>\n<li data-start=\"691\" data-end=\"727\">Utrzymuj swoje w\u0142osy, makija\u017c i okulary w idealnym stanie.<\/li>\n<li data-start=\"785\" data-end=\"856\">\n<p data-start=\"787\" data-end=\"856\">Spaceruj tak, jakby\u015b by\u0142 na l\u0105dzie &#8211; ale zanurzony w surrealistycznym morskim \u015bwiecie<br \/>\n*Ka\u017cda wycieczka jest ograniczona do maksymalnie 4 os\u00f3b. Dw\u00f3ch go\u015bci schodzi pod wod\u0119, podczas gdy pozostali czekaj\u0105, a nast\u0119pnie zamieniaj\u0105 si\u0119 miejscami. <\/p>\n<\/li>\n<\/ul>\n","protected":false},"excerpt":{"rendered":"<p data-start=\"160\" data-end=\"441\">Podwodny spacer z futurystycznym he\u0142mem, kt\u00f3ry sprawia, \u017ce czujesz si\u0119, jakby\u015b spacerowa\u0142 w kosmosie&#8230; tylko pod powierzchni\u0105 morza.<\/p>\n","protected":false},"featured_media":71944,"template":"","meta":{"_acf_changed":false,"_joinchat":[]},"product_brand":[],"product_cat":[315,308],"product_tag":[],"class_list":{"0":"post-103654","1":"product","2":"type-product","3":"status-publish","4":"has-post-thumbnail","6":"product_cat-przygoda-z-natura","7":"product_cat-sporty-wodne","9":"first","10":"instock","11":"virtual","12":"sold-individually","13":"purchasable","14":"product-type-booking"},"acf":[],"_links":{"self":[{"href":"https:\/\/thetenerifechannel.com\/pl\/wp-json\/wp\/v2\/product\/103654","targetHints":{"allow":["GET"]}}],"collection":[{"href":"https:\/\/thetenerifechannel.com\/pl\/wp-json\/wp\/v2\/product"}],"about":[{"href":"https:\/\/thetenerifechannel.com\/pl\/wp-json\/wp\/v2\/types\/product"}],"wp:featuredmedia":[{"embeddable":true,"href":"https:\/\/thetenerifechannel.com\/pl\/wp-json\/wp\/v2\/media\/71944"}],"wp:attachment":[{"href":"https:\/\/thetenerifechannel.com\/pl\/wp-json\/wp\/v2\/media?parent=103654"}],"wp:term":[{"taxonomy":"product_brand","embeddable":true,"href":"https:\/\/thetenerifechannel.com\/pl\/wp-json\/wp\/v2\/product_brand?post=103654"},{"taxonomy":"product_cat","embeddable":true,"href":"https:\/\/thetenerifechannel.com\/pl\/wp-json\/wp\/v2\/product_cat?post=103654"},{"taxonomy":"product_tag","embeddable":true,"href":"https:\/\/thetenerifechannel.com\/pl\/wp-json\/wp\/v2\/product_tag?post=103654"}],"curies":[{"name":"wp","href":"https:\/\/api.w.org\/{rel}","templated":true}]}}