{"id":103665,"date":"2024-09-03T16:04:52","date_gmt":"2024-09-03T16:04:52","guid":{"rendered":"https:\/\/thetenerifechannel.com\/excursions\/historia-ewolucja-muzyki\/"},"modified":"2026-03-09T13:56:35","modified_gmt":"2026-03-09T13:56:35","slug":"historia-ewolucja-muzyki","status":"publish","type":"product","link":"https:\/\/thetenerifechannel.com\/pl\/excursions\/historia-ewolucja-muzyki\/","title":{"rendered":"Historia &#8211; Ewolucja muzyki"},"content":{"rendered":"<p>History &#8211; The Evolution of Music to porywaj\u0105cy musical pe\u0142en kolor\u00f3w, talentu i emocji. Ta spektakularna produkcja z udzia\u0142em ponad 30 muzyk\u00f3w, \u015bpiewak\u00f3w, tancerzy i akrobat\u00f3w oddaje ho\u0142d najwi\u0119kszym kompozytorom, zespo\u0142om i wykonawcom wszechczas\u00f3w, od Mozarta po Michaela Jacksona. <\/p>\n<p>Do\u0142\u0105cz do podr\u00f3\u017cy przez taniec, kino, teatr i kultow\u0105 muzyk\u0119, kt\u00f3ra ukszta\u0142towa\u0142a nasze \u017cycie. Historia o\u017cywia kamienie milowe ewolucji muzyki, od chora\u0142\u00f3w gregoria\u0144skich po &#8220;The Wall&#8221; Pink Floyd, od symfonii Beethovena po rock Queen, od Chopina po The Beatles, od oper Caruso po Elvisa Presleya i od soulu Elli Fitzgerald po pop Madonny. <\/p>\n<p>To niezwyk\u0142e show celebruje wszystkie wielkie ikony i style historii muzyki, oferuj\u0105c ekscytuj\u0105ce do\u015bwiadczenie dla ca\u0142ej rodziny. Dzi\u0119ki imponuj\u0105cej inscenizacji i osza\u0142amiaj\u0105cym kostiumom, History przenosi widz\u00f3w w czasie, \u0142\u0105cz\u0105c emocje, rozrywk\u0119 i g\u0142\u0119bok\u0105 mi\u0142o\u015b\u0107 do sztuk performatywnych w spos\u00f3b, kt\u00f3ry pobudza wyobra\u017ani\u0119. Idealny zar\u00f3wno dla doros\u0142ych, jak i dzieci.  <\/p>\n<ul>\n<li>Miejsce: audytorium Pir\u00e1mide de Arona (Playa de Las Am\u00e9ricas).<\/li>\n<li>Czas trwania: 2 godziny 15 minut<\/li>\n<li>Przerwa: 15 min<\/li>\n<li>Otwarcie drzwi: 20:00 Pocz\u0105tek pokazu: 9:00 p.m. <\/li>\n<li>Miejsca nienumerowane: miejsca s\u0105 dost\u0119pne wed\u0142ug kolejno\u015bci zg\u0142osze\u0144.<\/li>\n<li>Dost\u0119p dla os\u00f3b niepe\u0142nosprawnych<\/li>\n<\/ul>\n<p>&nbsp;<\/p>\n","protected":false},"excerpt":{"rendered":"<p><span>The Evolution of Music to t\u0119tni\u0105cy \u017cyciem muzyczny showcase z udzia\u0142em ponad 30 utalentowanych muzyk\u00f3w, \u015bpiewak\u00f3w, tancerzy i akrobat\u00f3w. Ta \u017cywa produkcja oddaje ho\u0142d najwi\u0119kszym artystom wszechczas\u00f3w, od Mozarta po Michaela Jacksona, oferuj\u0105c barwn\u0105 i emocjonaln\u0105 podr\u00f3\u017c przez histori\u0119 muzyki. <\/span><\/p>\n","protected":false},"featured_media":15979,"template":"","meta":{"_acf_changed":false,"_joinchat":[]},"product_brand":[],"product_cat":[319],"product_tag":[311],"class_list":{"0":"post-103665","1":"product","2":"type-product","3":"status-publish","4":"has-post-thumbnail","6":"product_cat-pokazy-kolacji","7":"product_tag-karty-domowe","9":"first","10":"instock","11":"virtual","12":"sold-individually","13":"purchasable","14":"product-type-booking"},"acf":[],"_links":{"self":[{"href":"https:\/\/thetenerifechannel.com\/pl\/wp-json\/wp\/v2\/product\/103665","targetHints":{"allow":["GET"]}}],"collection":[{"href":"https:\/\/thetenerifechannel.com\/pl\/wp-json\/wp\/v2\/product"}],"about":[{"href":"https:\/\/thetenerifechannel.com\/pl\/wp-json\/wp\/v2\/types\/product"}],"wp:featuredmedia":[{"embeddable":true,"href":"https:\/\/thetenerifechannel.com\/pl\/wp-json\/wp\/v2\/media\/15979"}],"wp:attachment":[{"href":"https:\/\/thetenerifechannel.com\/pl\/wp-json\/wp\/v2\/media?parent=103665"}],"wp:term":[{"taxonomy":"product_brand","embeddable":true,"href":"https:\/\/thetenerifechannel.com\/pl\/wp-json\/wp\/v2\/product_brand?post=103665"},{"taxonomy":"product_cat","embeddable":true,"href":"https:\/\/thetenerifechannel.com\/pl\/wp-json\/wp\/v2\/product_cat?post=103665"},{"taxonomy":"product_tag","embeddable":true,"href":"https:\/\/thetenerifechannel.com\/pl\/wp-json\/wp\/v2\/product_tag?post=103665"}],"curies":[{"name":"wp","href":"https:\/\/api.w.org\/{rel}","templated":true}]}}