{"id":103666,"date":"2025-07-10T04:53:04","date_gmt":"2025-07-10T04:53:04","guid":{"rendered":"https:\/\/thetenerifechannel.com\/excursions\/slingshot-tour\/"},"modified":"2026-02-20T11:39:09","modified_gmt":"2026-02-20T11:39:09","slug":"slingshot-tour","status":"publish","type":"product","link":"https:\/\/thetenerifechannel.com\/pl\/excursions\/slingshot-tour\/","title":{"rendered":"Slingshot Tour"},"content":{"rendered":"<p data-start=\"133\" data-end=\"481\">Odkryj Teneryf\u0119 jak nigdy dot\u0105d dzi\u0119ki naszym wycieczkom z przewodnikiem Slingshot &#8211; zaprojektowanym dla tych, kt\u00f3rzy pragn\u0105 przygody z odrobin\u0105 luksusu.<br data-start=\"262\" data-end=\"265\">Zasi\u0105dziesz za kierownic\u0105 Polaris Slingshot, pod\u0105\u017caj\u0105c za naszym do\u015bwiadczonym przewodnikiem po jednych z najbardziej malowniczych tras na wyspie. To idealne po\u0142\u0105czenie emocji, bezpiecze\u0144stwa i niezapomnianych widok\u00f3w.<br \/>\nSamoch\u00f3d mo\u017ce pomie\u015bci\u0107 maksymalnie 2 pasa\u017cer\u00f3w. <\/p>\n<p data-start=\"483\" data-end=\"503\"><strong data-start=\"483\" data-end=\"503\">Dost\u0119pne wycieczki:<\/strong><\/p>\n<ul data-start=\"505\" data-end=\"944\">\n<li data-start=\"505\" data-end=\"608\">\n<p data-start=\"507\" data-end=\"608\"><strong data-start=\"507\" data-end=\"532\">El M\u00e9dano Tour &#8211; 180 \u20ac<\/strong><br data-start=\"532\" data-end=\"535\">-09:00 &#8211; 11:00<br \/>\n&#8211; Odkryj wyluzowane miasteczko surfingowe i jego osza\u0142amiaj\u0105ce nadmorskie otoczenie oraz wulkaniczne krajobrazy.<\/p>\n<\/li>\n<li data-start=\"610\" data-end=\"718\">\n<p data-start=\"612\" data-end=\"718\"><strong data-start=\"612\" data-end=\"632\">City Tour &#8211; 180 \u20ac<\/strong><strong data-start=\"612\" data-end=\"632\"><br \/>\n<\/strong><span style=\"letter-spacing: 0em;\">12:00 &#8211; 14:00<br \/>\n&#8211; Relaksuj\u0105cy rejs po mie\u015bcie na po\u0142udniu Teneryfy, obejmuj\u0105cy punkty widokowe i miejsca historyczne.<\/span><\/p>\n<\/li>\n<li data-start=\"720\" data-end=\"827\">\n<p data-start=\"722\" data-end=\"827\"><strong data-start=\"722\" data-end=\"748\">Pino Gordo Tour &#8211; \u20ac180<br \/>\n<\/strong><span style=\"letter-spacing: 0em;\">15:30 &#8211; 17:00<br \/>\n&#8211; Kr\u00f3tka przygoda w g\u0142\u0105b wyspy, ko\u0144cz\u0105ca si\u0119 w s\u0142ynnym &#8220;Pino Gordo&#8221;.<\/span><\/p>\n<\/li>\n<li data-start=\"829\" data-end=\"944\">\n<p data-start=\"831\" data-end=\"944\"><strong data-start=\"831\" data-end=\"853\">Sunset Tour &#8211; 220 \u20ac<br \/>\n<\/strong>-18:30 &#8211; 21:30<br data-start=\"853\" data-end=\"856\">&#8211; Zobacz zapieraj\u0105cy dech w piersiach zach\u00f3d s\u0142o\u0144ca na klifach Los Gigantes &#8211; magiczne zako\u0144czenie dnia.<\/p>\n<p>Odbi\u00f3r wliczony w cen\u0119<\/p>\n<p>Wa\u017cne prawo jazdy (kategoria B, minimum 2 lata do\u015bwiadczenia)<br \/>\n-Minimalny wiek kierowcy: 21 lat<br \/>\n-Zamkni\u0119te buty (bez klapek)<br \/>\n-Zalecane okulary przeciws\u0142oneczne<br \/>\n-Pasa\u017cerowie dozwoleni od 7. roku \u017cycia<\/li>\n<\/ul>\n","protected":false},"excerpt":{"rendered":"<p>Wycieczki Slingshot z przewodnikiem po najbardziej malowniczych trasach Teneryfy &#8211; jed\u017a sam, pod\u0105\u017caj za naszym przewodnikiem i prze\u017cyj przygod\u0119 z niezr\u00f3wnanymi widokami.<\/p>\n","protected":false},"featured_media":65254,"template":"","meta":{"_acf_changed":false,"_joinchat":[]},"product_brand":[],"product_cat":[314],"product_tag":[],"class_list":{"0":"post-103666","1":"product","2":"type-product","3":"status-publish","4":"has-post-thumbnail","6":"product_cat-wycieczki-na-teneryfe","8":"first","9":"instock","10":"virtual","11":"sold-individually","12":"purchasable","13":"product-type-booking"},"acf":[],"_links":{"self":[{"href":"https:\/\/thetenerifechannel.com\/pl\/wp-json\/wp\/v2\/product\/103666","targetHints":{"allow":["GET"]}}],"collection":[{"href":"https:\/\/thetenerifechannel.com\/pl\/wp-json\/wp\/v2\/product"}],"about":[{"href":"https:\/\/thetenerifechannel.com\/pl\/wp-json\/wp\/v2\/types\/product"}],"wp:featuredmedia":[{"embeddable":true,"href":"https:\/\/thetenerifechannel.com\/pl\/wp-json\/wp\/v2\/media\/65254"}],"wp:attachment":[{"href":"https:\/\/thetenerifechannel.com\/pl\/wp-json\/wp\/v2\/media?parent=103666"}],"wp:term":[{"taxonomy":"product_brand","embeddable":true,"href":"https:\/\/thetenerifechannel.com\/pl\/wp-json\/wp\/v2\/product_brand?post=103666"},{"taxonomy":"product_cat","embeddable":true,"href":"https:\/\/thetenerifechannel.com\/pl\/wp-json\/wp\/v2\/product_cat?post=103666"},{"taxonomy":"product_tag","embeddable":true,"href":"https:\/\/thetenerifechannel.com\/pl\/wp-json\/wp\/v2\/product_tag?post=103666"}],"curies":[{"name":"wp","href":"https:\/\/api.w.org\/{rel}","templated":true}]}}