{"id":103671,"date":"2025-07-07T18:27:48","date_gmt":"2025-07-07T18:27:48","guid":{"rendered":"https:\/\/thetenerifechannel.com\/excursions\/skuter-wodny-20-minut\/"},"modified":"2025-07-07T18:27:48","modified_gmt":"2025-07-07T18:27:48","slug":"skuter-wodny-20-minut","status":"publish","type":"product","link":"https:\/\/thetenerifechannel.com\/pl\/excursions\/skuter-wodny-20-minut\/","title":{"rendered":"Skuter wodny (20 minut)"},"content":{"rendered":"<p data-start=\"74\" data-end=\"380\">Jazda na nartach wodnych to ekscytuj\u0105ca i \u0142atwa do nauczenia aktywno\u015b\u0107, idealna dla wszystkich grup wiekowych i poziom\u00f3w do\u015bwiadczenia.<br data-start=\"171\" data-end=\"174\">Ta 20-minutowa przeja\u017cd\u017cka odbywa si\u0119 na kontrolowanym torze, dzi\u0119ki czemu jest bezpieczn\u0105 i zabawn\u0105 opcj\u0105, niezale\u017cnie od tego, czy pr\u00f3bujesz tego po raz pierwszy, czy po prostu chcesz szybko podnie\u015b\u0107 poziom adrenaliny.<\/p>\n<p data-start=\"382\" data-end=\"665\" data-is-last-node=\"\" data-is-only-node=\"\">Mo\u017cesz je\u017adzi\u0107 solo lub w tandemie, dziel\u0105c si\u0119 emocjami z przyjacielem lub cz\u0142onkiem rodziny.<br data-start=\"460\" data-end=\"463\">Bez konieczno\u015bci pod\u0105\u017cania tras\u0105 wycieczki, b\u0119dziesz cieszy\u0107 si\u0119 pe\u0142n\u0105 swobod\u0105 poruszania si\u0119 po torze i maksymalnego wykorzystania czasu na wodzie.<br data-start=\"598\" data-end=\"601\">Wskocz, poczuj p\u0119d i ciesz si\u0119 szybk\u0105 dawk\u0105 szybkiej zabawy!<\/p>\n<p><strong>W zestawie:<\/strong><\/p>\n<ul>\n<li>20-minutowa przeja\u017cd\u017cka<\/li>\n<li>Miejsce spotkania na pla\u017cy najbli\u017cej miejsca zakwaterowania.<\/li>\n<li>Bilet elektroniczny.<\/li>\n<li>Kamizelka ratunkowa (obowi\u0105zkowa)<\/li>\n<\/ul>\n<p><strong>Brak w zestawie:<\/strong><\/p>\n<ul>\n<li>Transport<\/li>\n<li>Pami\u0105tka fotograficzna<\/li>\n<\/ul>\n<p><strong>Podczas dokonywania rezerwacji prosimy o kontakt w celu sprawdzenia dost\u0119pno\u015bci.<\/strong><\/p>\n<p>*Minimalny wiek pasa\u017cera: 10 lat<br \/>\n*Pojedynczy skuter wodny: minimalny wiek: 16 lat (wymagana zgoda rodzic\u00f3w)<br \/>\n*Podw\u00f3jny skuter wodny: minimalny wiek: 18 lat<br \/>\n*Ograniczenie wagi podw\u00f3jnego skutera wodnego: 150-170 kg.<\/p>\n<p>&nbsp;<\/p>\n","protected":false},"excerpt":{"rendered":"<p><span>Pokonaj fale na tym 20-minutowym torze skuter\u00f3w wodnych. B\u0119dziesz cieszy\u0107 si\u0119 swobod\u0105 poruszania si\u0119 po wyznaczonym obszarze we w\u0142asnym tempie &#8211; idealnym do szybkiego do\u015bwiadczenia na wodzie. <\/span><\/p>\n","protected":false},"featured_media":103678,"template":"","meta":{"_acf_changed":false,"_joinchat":[]},"product_brand":[],"product_cat":[308],"product_tag":[],"class_list":{"0":"post-103671","1":"product","2":"type-product","3":"status-publish","4":"has-post-thumbnail","6":"product_cat-sporty-wodne","7":"pa_depart-from-na-poludnie-od-wyspy","9":"first","10":"instock","11":"virtual","12":"sold-individually","13":"purchasable","14":"product-type-booking"},"acf":[],"_links":{"self":[{"href":"https:\/\/thetenerifechannel.com\/pl\/wp-json\/wp\/v2\/product\/103671","targetHints":{"allow":["GET"]}}],"collection":[{"href":"https:\/\/thetenerifechannel.com\/pl\/wp-json\/wp\/v2\/product"}],"about":[{"href":"https:\/\/thetenerifechannel.com\/pl\/wp-json\/wp\/v2\/types\/product"}],"wp:featuredmedia":[{"embeddable":true,"href":"https:\/\/thetenerifechannel.com\/pl\/wp-json\/wp\/v2\/media\/103678"}],"wp:attachment":[{"href":"https:\/\/thetenerifechannel.com\/pl\/wp-json\/wp\/v2\/media?parent=103671"}],"wp:term":[{"taxonomy":"product_brand","embeddable":true,"href":"https:\/\/thetenerifechannel.com\/pl\/wp-json\/wp\/v2\/product_brand?post=103671"},{"taxonomy":"product_cat","embeddable":true,"href":"https:\/\/thetenerifechannel.com\/pl\/wp-json\/wp\/v2\/product_cat?post=103671"},{"taxonomy":"product_tag","embeddable":true,"href":"https:\/\/thetenerifechannel.com\/pl\/wp-json\/wp\/v2\/product_tag?post=103671"}],"curies":[{"name":"wp","href":"https:\/\/api.w.org\/{rel}","templated":true}]}}