{"id":103688,"date":"2024-10-04T19:17:06","date_gmt":"2024-10-04T19:17:06","guid":{"rendered":"https:\/\/thetenerifechannel.com\/excursions\/opera-33-private-charter\/"},"modified":"2026-03-09T13:56:22","modified_gmt":"2026-03-09T13:56:22","slug":"opera-33-private-charter","status":"publish","type":"product","link":"https:\/\/thetenerifechannel.com\/pl\/excursions\/opera-33-private-charter\/","title":{"rendered":"Opera 33 Private Charter"},"content":{"rendered":"<p><span>Do\u015bwiadcz luksusu  <\/span><span>prywatny czarter na Teneryfie! Ciesz si\u0119 3-godzinn\u0105 ekskluzywn\u0105 wycieczk\u0105 \u0142odzi\u0105 wzd\u0142u\u017c pi\u0119knego wybrze\u017ca, wraz z orze\u017awiaj\u0105cym przystankiem na k\u0105piel i pysznym lunchem na pok\u0142adzie. Idealny dla tych, kt\u00f3rzy chc\u0105 si\u0119 zrelaksowa\u0107, odpr\u0119\u017cy\u0107 i odkrywa\u0107 wody Teneryfy w dobrym stylu.  <\/span><\/p>\n<p><strong>W ZESTAWIE:<\/strong><\/p>\n<ul>\n<li>3-godzinna wycieczka<\/li>\n<li>Swim stop<\/li>\n<li>Lunch i napoje<\/li>\n<\/ul>\n<p>*Nale\u017cy pami\u0119ta\u0107, \u017ce cho\u0107 mo\u017cliwe jest dostrze\u017cenie wieloryb\u00f3w podczas wycieczki, g\u0142\u00f3wnym celem tej wycieczki \u0142odzi\u0105 nie jest obserwacja wieloryb\u00f3w. \u0141\u00f3d\u017a zosta\u0142a zaprojektowana z my\u015bl\u0105 o relaksuj\u0105cym i malowniczym do\u015bwiadczeniu wzd\u0142u\u017c pi\u0119knego wybrze\u017ca Teneryfy, z przystankiem na k\u0105piel i lunchem wliczonym w cen\u0119, oferuj\u0105c idealny spos\u00f3b na sp\u0119dzenie luksusowego dnia na morzu. <\/p>\n","protected":false},"excerpt":{"rendered":"<p><span>Zanurz si\u0119 w 3-godzinnej prywatnej wycieczce \u0142odzi\u0105 z przystankiem na orze\u017awiaj\u0105c\u0105 k\u0105piel i pysznym lunchem na pok\u0142adzie.<\/span><\/p>\n<p><strong>*Zawsze skontaktuj si\u0119 z nami przed dokonaniem rezerwacji tego prywatnego czarteru.<\/strong><\/p>\n","protected":false},"featured_media":21928,"template":"","meta":{"_acf_changed":false,"_joinchat":[]},"product_brand":[],"product_cat":[320],"product_tag":[],"class_list":{"0":"post-103688","1":"product","2":"type-product","3":"status-publish","4":"has-post-thumbnail","6":"product_cat-prywatne-czartery","8":"first","9":"instock","10":"virtual","11":"sold-individually","12":"purchasable","13":"product-type-booking"},"acf":[],"_links":{"self":[{"href":"https:\/\/thetenerifechannel.com\/pl\/wp-json\/wp\/v2\/product\/103688","targetHints":{"allow":["GET"]}}],"collection":[{"href":"https:\/\/thetenerifechannel.com\/pl\/wp-json\/wp\/v2\/product"}],"about":[{"href":"https:\/\/thetenerifechannel.com\/pl\/wp-json\/wp\/v2\/types\/product"}],"wp:featuredmedia":[{"embeddable":true,"href":"https:\/\/thetenerifechannel.com\/pl\/wp-json\/wp\/v2\/media\/21928"}],"wp:attachment":[{"href":"https:\/\/thetenerifechannel.com\/pl\/wp-json\/wp\/v2\/media?parent=103688"}],"wp:term":[{"taxonomy":"product_brand","embeddable":true,"href":"https:\/\/thetenerifechannel.com\/pl\/wp-json\/wp\/v2\/product_brand?post=103688"},{"taxonomy":"product_cat","embeddable":true,"href":"https:\/\/thetenerifechannel.com\/pl\/wp-json\/wp\/v2\/product_cat?post=103688"},{"taxonomy":"product_tag","embeddable":true,"href":"https:\/\/thetenerifechannel.com\/pl\/wp-json\/wp\/v2\/product_tag?post=103688"}],"curies":[{"name":"wp","href":"https:\/\/api.w.org\/{rel}","templated":true}]}}