{"id":104371,"date":"2024-07-25T15:53:00","date_gmt":"2024-07-25T15:53:00","guid":{"rendered":"https:\/\/thetenerifechannel.com\/excursions\/shogun-5-godzin\/"},"modified":"2026-03-09T13:56:46","modified_gmt":"2026-03-09T13:56:46","slug":"shogun-5-godzin","status":"publish","type":"product","link":"https:\/\/thetenerifechannel.com\/pl\/excursions\/shogun-5-godzin\/","title":{"rendered":"Shogun &#8211; 5 godzin"},"content":{"rendered":"<p class=\"whitespace-pre-wrap break-words\"><span>Prze\u017cyj do\u015bwiadczenie na pok\u0142adzie <\/span>autentycznej orientalnej \u017cagl\u00f3wki, ca\u0142kowicie zbudowanej z twardego drewna tekowego<span>, do prywatnego u\u017cytku arabskiego szejka.<br \/>\n<\/span><span>Shogun ma 2 poziomy, 3 dost\u0119pne us\u0142ugi (z kt\u00f3rych jedna jest przystosowana dla os\u00f3b niepe\u0142nosprawnych), otwarty bar, du\u017cy centralny st\u00f3\u0142, na kt\u00f3rym zostanie podany posi\u0142ek<\/span><span>.<\/span><\/p>\n<p class=\"whitespace-pre-wrap break-words\">Ta 5-godzinna wycieczka pozwoli Ci zobaczy\u0107 wieloryby i delfiny butlonose w ich naturalnym \u015brodowisku. Po tym niesamowitym spotkaniu z dzik\u0105 przyrod\u0105 zakotwiczymy w zatoce Masca w pobli\u017cu osza\u0142amiaj\u0105cych klif\u00f3w Los Gigantes. Tutaj mo\u017cesz cieszy\u0107 si\u0119 orze\u017awiaj\u0105c\u0105 k\u0105piel\u0105 i smacznym lunchem.  <\/p>\n","protected":false},"excerpt":{"rendered":"<p>Prze\u017cyj <span>5-godzinn\u0105 obserwacj\u0119 wieloryb\u00f3w na pok\u0142adzie <\/span>autentycznej orientalnej \u017cagl\u00f3wki.<br \/>\nSkorzystaj z przystanku na k\u0105piel i pyszny lunch oraz odwied\u017a pi\u0119kne klify Los Gigantes i Masca.<\/p>\n","protected":false},"featured_media":10021,"template":"","meta":{"_acf_changed":false,"_joinchat":[]},"product_brand":[],"product_cat":[310],"product_tag":[],"class_list":{"0":"post-104371","1":"product","2":"type-product","3":"status-publish","4":"has-post-thumbnail","6":"product_cat-obserwacja-wielorybow","7":"pa_depart-from-na-poludnie-od-wyspy","8":"pa_depart-from-polnoc-wyspy","10":"first","11":"instock","12":"virtual","13":"sold-individually","14":"purchasable","15":"product-type-booking"},"acf":[],"_links":{"self":[{"href":"https:\/\/thetenerifechannel.com\/pl\/wp-json\/wp\/v2\/product\/104371","targetHints":{"allow":["GET"]}}],"collection":[{"href":"https:\/\/thetenerifechannel.com\/pl\/wp-json\/wp\/v2\/product"}],"about":[{"href":"https:\/\/thetenerifechannel.com\/pl\/wp-json\/wp\/v2\/types\/product"}],"wp:featuredmedia":[{"embeddable":true,"href":"https:\/\/thetenerifechannel.com\/pl\/wp-json\/wp\/v2\/media\/10021"}],"wp:attachment":[{"href":"https:\/\/thetenerifechannel.com\/pl\/wp-json\/wp\/v2\/media?parent=104371"}],"wp:term":[{"taxonomy":"product_brand","embeddable":true,"href":"https:\/\/thetenerifechannel.com\/pl\/wp-json\/wp\/v2\/product_brand?post=104371"},{"taxonomy":"product_cat","embeddable":true,"href":"https:\/\/thetenerifechannel.com\/pl\/wp-json\/wp\/v2\/product_cat?post=104371"},{"taxonomy":"product_tag","embeddable":true,"href":"https:\/\/thetenerifechannel.com\/pl\/wp-json\/wp\/v2\/product_tag?post=104371"}],"curies":[{"name":"wp","href":"https:\/\/api.w.org\/{rel}","templated":true}]}}