{"id":104374,"date":"2024-07-25T14:55:55","date_gmt":"2024-07-25T14:55:55","guid":{"rendered":"https:\/\/thetenerifechannel.com\/excursions\/piotrus-pan-2-godziny\/"},"modified":"2026-03-24T13:09:09","modified_gmt":"2026-03-24T13:09:09","slug":"piotrus-pan-2-godziny","status":"publish","type":"product","link":"https:\/\/thetenerifechannel.com\/pl\/excursions\/piotrus-pan-2-godziny\/","title":{"rendered":"Piotru\u015b Pan &#8211; 2 godziny"},"content":{"rendered":"<p class=\"whitespace-pre-wrap break-words\">Prze\u017cyj niezapomnian\u0105 rodzinn\u0105 przygod\u0119 na pok\u0142adzie PETER PAN, autentycznej portugalskiej Golety z ubieg\u0142ego wieku. Prze\u017cyj emocje zwi\u0105zane z tradycyjnym \u017ceglarstwem i zanurz si\u0119 w opowie\u015bciach o piratach, kt\u00f3rzy niegdy\u015b przemierzali te wody. <\/p>\n<p class=\"whitespace-pre-wrap break-words\">Wyruszaj\u0105c z Los Cristianos, wyruszysz w podr\u00f3\u017c, aby zobaczy\u0107 wieloryby, a nast\u0119pnie zatrzymasz si\u0119, aby zanurzy\u0107 si\u0119 w wodzie na orze\u017awiaj\u0105c\u0105 k\u0105piel.<br \/>\nDo\u0142\u0105cz do rejsu, kt\u00f3ry \u0142\u0105czy histori\u0119, przyrod\u0119 i rodzinn\u0105 zabaw\u0119 na pi\u0119knych wodach Teneryfy.<\/p>\n<p><strong>W ZESTAWIE:<\/strong><\/p>\n<ul>\n<li>2-godzinna wycieczka z obserwacj\u0105 wieloryb\u00f3w<\/li>\n<li>Swim stop<\/li>\n<li>Transport wliczony w cen\u0119<\/li>\n<\/ul>\n","protected":false},"excerpt":{"rendered":"<p>Do\u0142\u0105cz do 2-godzinnego rejsu statkiem Peter Pan na rodzinn\u0105 wycieczk\u0119 \u0142odzi\u0105 z Los Cristianos. Zobacz wieloryby, pop\u0142ywaj w oceanie i zjedz lunch na pok\u0142adzie tego pirackiego statku. <\/p>\n","protected":false},"featured_media":9926,"template":"","meta":{"_acf_changed":false,"_joinchat":[]},"product_brand":[],"product_cat":[310],"product_tag":[],"class_list":{"0":"post-104374","1":"product","2":"type-product","3":"status-publish","4":"has-post-thumbnail","6":"product_cat-obserwacja-wielorybow","7":"pa_depart-from-na-poludnie-od-wyspy","9":"first","10":"instock","11":"virtual","12":"sold-individually","13":"purchasable","14":"product-type-booking"},"acf":[],"_links":{"self":[{"href":"https:\/\/thetenerifechannel.com\/pl\/wp-json\/wp\/v2\/product\/104374","targetHints":{"allow":["GET"]}}],"collection":[{"href":"https:\/\/thetenerifechannel.com\/pl\/wp-json\/wp\/v2\/product"}],"about":[{"href":"https:\/\/thetenerifechannel.com\/pl\/wp-json\/wp\/v2\/types\/product"}],"wp:featuredmedia":[{"embeddable":true,"href":"https:\/\/thetenerifechannel.com\/pl\/wp-json\/wp\/v2\/media\/9926"}],"wp:attachment":[{"href":"https:\/\/thetenerifechannel.com\/pl\/wp-json\/wp\/v2\/media?parent=104374"}],"wp:term":[{"taxonomy":"product_brand","embeddable":true,"href":"https:\/\/thetenerifechannel.com\/pl\/wp-json\/wp\/v2\/product_brand?post=104374"},{"taxonomy":"product_cat","embeddable":true,"href":"https:\/\/thetenerifechannel.com\/pl\/wp-json\/wp\/v2\/product_cat?post=104374"},{"taxonomy":"product_tag","embeddable":true,"href":"https:\/\/thetenerifechannel.com\/pl\/wp-json\/wp\/v2\/product_tag?post=104374"}],"curies":[{"name":"wp","href":"https:\/\/api.w.org\/{rel}","templated":true}]}}