{"id":104626,"date":"2026-01-08T12:48:52","date_gmt":"2026-01-08T12:48:52","guid":{"rendered":"https:\/\/thetenerifechannel.com\/excursions\/fly-fish\/"},"modified":"2026-02-14T13:23:04","modified_gmt":"2026-02-14T13:23:04","slug":"fly-fish","status":"publish","type":"product","link":"https:\/\/thetenerifechannel.com\/pl\/excursions\/fly-fish\/","title":{"rendered":"Fly Fish"},"content":{"rendered":"<section class=\"l-section wpb_row height_huge\"><div class=\"l-section-h i-cf\"><div class=\"g-cols vc_row via_grid cols_1 laptops-cols_inherit tablets-cols_inherit mobiles-cols_1 valign_top type_default stacking_default\"><div class=\"wpb_column vc_column_container\"><div class=\"vc_column-inner\"><div class=\"wpb_text_column\"><div class=\"wpb_wrapper\"><p>Fly Fish to ekscytuj\u0105ca wodna przygoda, kt\u00f3ra pozwala wznie\u015b\u0107 si\u0119 ponad morze za pomoc\u0105 pot\u0119\u017cnych strumieni wody. To pe\u0142ne adrenaliny do\u015bwiadczenie \u0142\u0105czy w sobie szybko\u015b\u0107, r\u00f3wnowag\u0119 i wolno\u015b\u0107, oferuj\u0105c zapieraj\u0105ce dech w piersiach widoki i niezapomniane emocje. Idealny dla mi\u0142o\u015bnik\u00f3w przyg\u00f3d szukaj\u0105cych zabawnego i wyj\u0105tkowego sposobu na cieszenie si\u0119 oceanem. Aktywno\u015b\u0107 trwa 10 minut.   <\/p>\n<p><strong>W zestawie:<\/strong><\/p>\n<ul>\n<li>Miejsce spotkania na pla\u017cy najbli\u017cej miejsca zakwaterowania.<\/li>\n<li>Bilet elektroniczny. Kamizelka ratunkowa (obowi\u0105zkowa) <\/li>\n<\/ul>\n<p><strong>Brak w zestawie:<\/strong><\/p>\n<ul>\n<li>Transport<\/li>\n<li>Pami\u0105tkowe zdj\u0119cie<\/li>\n<\/ul>\n<\/div><\/div><\/div><\/div><\/div><\/div><\/section>\n","protected":false},"excerpt":{"rendered":"<p>Gotowy na lot nad oceanem?<br \/>\nWyrusz na pe\u0142n\u0105 adrenaliny wodn\u0105 przygod\u0119, kt\u00f3ra pozwala wznie\u015b\u0107 si\u0119 nad ocean za pomoc\u0105 pot\u0119\u017cnych strumieni wody, zapewniaj\u0105c niezapomniane i wyj\u0105tkowe wra\u017cenia.<\/p>\n","protected":false},"featured_media":104632,"template":"","meta":{"_acf_changed":false,"_joinchat":[]},"product_brand":[],"product_cat":[308],"product_tag":[],"class_list":{"0":"post-104626","1":"product","2":"type-product","3":"status-publish","4":"has-post-thumbnail","6":"product_cat-sporty-wodne","7":"pa_depart-from-na-poludnie-od-wyspy","9":"first","10":"instock","11":"virtual","12":"sold-individually","13":"purchasable","14":"product-type-booking"},"acf":[],"_links":{"self":[{"href":"https:\/\/thetenerifechannel.com\/pl\/wp-json\/wp\/v2\/product\/104626","targetHints":{"allow":["GET"]}}],"collection":[{"href":"https:\/\/thetenerifechannel.com\/pl\/wp-json\/wp\/v2\/product"}],"about":[{"href":"https:\/\/thetenerifechannel.com\/pl\/wp-json\/wp\/v2\/types\/product"}],"wp:featuredmedia":[{"embeddable":true,"href":"https:\/\/thetenerifechannel.com\/pl\/wp-json\/wp\/v2\/media\/104632"}],"wp:attachment":[{"href":"https:\/\/thetenerifechannel.com\/pl\/wp-json\/wp\/v2\/media?parent=104626"}],"wp:term":[{"taxonomy":"product_brand","embeddable":true,"href":"https:\/\/thetenerifechannel.com\/pl\/wp-json\/wp\/v2\/product_brand?post=104626"},{"taxonomy":"product_cat","embeddable":true,"href":"https:\/\/thetenerifechannel.com\/pl\/wp-json\/wp\/v2\/product_cat?post=104626"},{"taxonomy":"product_tag","embeddable":true,"href":"https:\/\/thetenerifechannel.com\/pl\/wp-json\/wp\/v2\/product_tag?post=104626"}],"curies":[{"name":"wp","href":"https:\/\/api.w.org\/{rel}","templated":true}]}}