{"id":104627,"date":"2026-01-14T11:58:13","date_gmt":"2026-01-14T11:58:13","guid":{"rendered":"https:\/\/thetenerifechannel.com\/excursions\/skuter-wodny-flash\/"},"modified":"2026-02-14T13:17:58","modified_gmt":"2026-02-14T13:17:58","slug":"skuter-wodny-flash","status":"publish","type":"product","link":"https:\/\/thetenerifechannel.com\/pl\/excursions\/skuter-wodny-flash\/","title":{"rendered":"Skuter wodny Flash"},"content":{"rendered":"<section class=\"l-section wpb_row height_huge\"><div class=\"l-section-h i-cf\"><div class=\"g-cols vc_row via_grid cols_1 laptops-cols_inherit tablets-cols_inherit mobiles-cols_1 valign_top type_default stacking_default\"><div class=\"wpb_column vc_column_container\"><div class=\"vc_column-inner\"><div class=\"wpb_text_column\"><div class=\"wpb_wrapper\"><p>Jazda na nartach wodnych to ekscytuj\u0105ca i szybka aktywno\u015b\u0107 odpowiednia dla os\u00f3b w ka\u017cdym wieku i na ka\u017cdym poziomie umiej\u0119tno\u015bci. Niezale\u017cnie od tego, czy jeste\u015b nowicjuszem, czy do\u015bwiadczonym je\u017ad\u017acem, odkrywanie w\u00f3d Teneryfy na skuterze wodnym to niezapomniana przygoda. <\/p>\n<p>Do\u0142\u0105cz do wycieczki z przewodnikiem i odkryj zapieraj\u0105ce dech w piersiach wybrze\u017ce i okoliczne g\u00f3ry z wyj\u0105tkowej perspektywy na wodzie. Mo\u017cesz wybra\u0107 jazd\u0119 solo lub w tandemie, dziel\u0105c si\u0119 emocjami z przyjacielem lub cz\u0142onkiem rodziny. <\/p>\n<p>Oferujemy dwa czasy trwania wycieczki, aby dopasowa\u0107 si\u0119 do Twoich preferencji: jednogodzinne safari na skuterach wodnych, idealne do spr\u00f3bowania tej ekscytuj\u0105cej aktywno\u015bci lub dwugodzinna przygoda dla tych, kt\u00f3rzy chc\u0105 maksymalnie wykorzysta\u0107 sw\u00f3j czas na wodzie. Po prostu usi\u0105d\u017a wygodnie, zrelaksuj si\u0119 i pozw\u00f3l nam zaj\u0105\u0107 si\u0119 wszystkimi szczeg\u00f3\u0142ami, aby\u015b m\u00f3g\u0142 cieszy\u0107 si\u0119 beztroskim, pe\u0142nym adrenaliny do\u015bwiadczeniem. <\/p>\n<p>&nbsp;<\/p>\n<p><strong>W zestawie:<\/strong><\/p>\n<ul>\n<li>Jed\u017a wzd\u0142u\u017c po\u0142udniowo-zachodniego wybrze\u017ca Teneryfy.\n<ul>\n<li>1 Godzina: Las Galletas &#8211; El Fraile &#8211; Palm Mar<\/li>\n<li>2 godziny: Las Galletas &#8211; El Fraile &#8211; Palm Mar &#8211; Los Cristianos<\/li>\n<\/ul>\n<\/li>\n<li>Transport z g\u0142\u00f3wnych punkt\u00f3w odbioru w r\u00f3\u017cnych obszarach: Los Cristianos \/ Las Am\u00e9ricas<\/li>\n<li>Bilet elektroniczny.<\/li>\n<li>Kamizelka ratunkowa (obowi\u0105zkowa)<\/li>\n<li>Specjalistyczny przewodnik<\/li>\n<\/ul>\n<p><strong>Brak w zestawie:<\/strong><\/p>\n<ul>\n<li>Pami\u0105tka fotograficzna<\/li>\n<\/ul>\n<p><strong>Podczas dokonywania rezerwacji prosimy o kontakt w celu sprawdzenia dost\u0119pno\u015bci.<\/strong><\/p>\n<p>*Minimalny wiek pasa\u017cera: 5-6 lat (mo\u017cliwy za jednym z rodzic\u00f3w)<br \/>\n*Minimalny wiek kierowcy: 16 lat<br \/>\n*Ograniczenie wagi pojedynczego skutera wodnego: maks. 120 kg.<br \/>\n*Ograniczenie wagi podw\u00f3jnego skutera wodnego: maks. 160 kg.<\/p>\n<\/div><\/div><\/div><\/div><\/div><\/div><\/section>\n","protected":false},"excerpt":{"rendered":"<p>Poczuj dreszczyk emocji na wybrze\u017cu Teneryfy na skuterze wodnym! Wybierz 1-godzinn\u0105 przygod\u0119 lub przed\u0142u\u017c zabaw\u0119 dzi\u0119ki 2-godzinnej przeja\u017cd\u017cce, wyb\u00f3r nale\u017cy do Ciebie! <\/p>\n","protected":false},"featured_media":104635,"template":"","meta":{"_acf_changed":false,"_joinchat":[]},"product_brand":[],"product_cat":[308],"product_tag":[],"class_list":{"0":"post-104627","1":"product","2":"type-product","3":"status-publish","4":"has-post-thumbnail","6":"product_cat-sporty-wodne","7":"pa_depart-from-na-poludnie-od-wyspy","9":"first","10":"instock","11":"virtual","12":"sold-individually","13":"purchasable","14":"product-type-booking"},"acf":[],"_links":{"self":[{"href":"https:\/\/thetenerifechannel.com\/pl\/wp-json\/wp\/v2\/product\/104627","targetHints":{"allow":["GET"]}}],"collection":[{"href":"https:\/\/thetenerifechannel.com\/pl\/wp-json\/wp\/v2\/product"}],"about":[{"href":"https:\/\/thetenerifechannel.com\/pl\/wp-json\/wp\/v2\/types\/product"}],"wp:featuredmedia":[{"embeddable":true,"href":"https:\/\/thetenerifechannel.com\/pl\/wp-json\/wp\/v2\/media\/104635"}],"wp:attachment":[{"href":"https:\/\/thetenerifechannel.com\/pl\/wp-json\/wp\/v2\/media?parent=104627"}],"wp:term":[{"taxonomy":"product_brand","embeddable":true,"href":"https:\/\/thetenerifechannel.com\/pl\/wp-json\/wp\/v2\/product_brand?post=104627"},{"taxonomy":"product_cat","embeddable":true,"href":"https:\/\/thetenerifechannel.com\/pl\/wp-json\/wp\/v2\/product_cat?post=104627"},{"taxonomy":"product_tag","embeddable":true,"href":"https:\/\/thetenerifechannel.com\/pl\/wp-json\/wp\/v2\/product_tag?post=104627"}],"curies":[{"name":"wp","href":"https:\/\/api.w.org\/{rel}","templated":true}]}}