{"id":104638,"date":"2026-01-13T12:00:13","date_gmt":"2026-01-13T12:00:13","guid":{"rendered":"https:\/\/thetenerifechannel.com\/excursions\/transfer-puerto-de-la-cruz\/"},"modified":"2026-02-14T12:17:56","modified_gmt":"2026-02-14T12:17:56","slug":"transfer-puerto-de-la-cruz","status":"publish","type":"product","link":"https:\/\/thetenerifechannel.com\/pl\/excursions\/transfer-puerto-de-la-cruz\/","title":{"rendered":"Transfer Puerto de la Cruz"},"content":{"rendered":"<section class=\"l-section wpb_row height_huge\"><div class=\"l-section-h i-cf\"><div class=\"g-cols vc_row via_grid cols_1 laptops-cols_inherit tablets-cols_inherit mobiles-cols_1 valign_top type_default stacking_default\"><div class=\"wpb_column vc_column_container\"><div class=\"vc_column-inner\"><div class=\"wpb_text_column\"><div class=\"wpb_wrapper\"><div class=\"flex-shrink-0 flex flex-col relative items-end\">\n<div class=\"pt-0.5\">\n<div class=\"gizmo-shadow-stroke flex h-6 w-6 items-center justify-center overflow-hidden rounded-full\">\n<p>Zwiedzanie Puerto de la Cruz &#8211; transfer w obie strony<\/p>\n<p>Czy chcia\u0142by\u015b sp\u0119dzi\u0107 dzie\u0144 na zwiedzaniu uroczego miasta Puerto de la Cruz, po\u0142o\u017conego na p\u00f3\u0142nocnym wybrze\u017cu Teneryfy? To malownicze miasto s\u0142ynie z pi\u0119knej nadmorskiej promenady, tradycyjnej kanaryjskiej architektury i t\u0119tni\u0105cych \u017cyciem plac\u00f3w. Spaceruj wzd\u0142u\u017c nabrze\u017ca, ciesz si\u0119 lokalnymi sklepami, kawiarniami i restauracjami lub po prostu ch\u0142o\u0144 relaksuj\u0105c\u0105 nadmorsk\u0105 atmosfer\u0119.  <\/p>\n<p>Nasz transfer w obie strony zabierze Ci\u0119 bezpo\u015brednio do obszaru w pobli\u017cu Loro Parque, w odleg\u0142o\u015bci kr\u00f3tkiego spaceru od promenady Puerto de la Cruz, daj\u0105c Ci mn\u00f3stwo czasu na zwiedzanie miasta we w\u0142asnym tempie.<\/p>\n<p>Ciesz si\u0119 bezproblemowym dniem w jednym z najbardziej urokliwych miast Teneryfy, z wygodnym transportem w obie strony.<\/p>\n<p>Czas trwania: oko\u0142o 8 godzin.<\/p>\n<p>&nbsp;<\/p>\n<\/div>\n<\/div>\n<\/div>\n<div class=\"relative flex w-full flex-col lg:w-&#091;calc(100%-115px)&#093; agent-turn\">\n<div class=\"flex-col gap-1 md:gap-3\">\n<div class=\"flex flex-grow flex-col max-w-full\">\n<div class=\"min-h-&#091;20px&#093; text-message flex flex-col items-start gap-3 whitespace-pre-wrap break-words &#091;.text-message+&amp;&#093;:mt-5 overflow-x-auto\" data-message-author-role=\"assistant\" data-message-id=\"1b594d4d-875f-4ede-8698-e67da448c8b8\">\n<p><strong>W zestawie:<\/strong><\/p>\n<ul>\n<li>Klimatyzowany autobus uznaniowy<\/li>\n<\/ul>\n<p><strong>Brak w zestawie:<\/strong><\/p>\n<ul>\n<li>Lunch<\/li>\n<\/ul>\n<\/div>\n<\/div>\n<\/div>\n<\/div>\n<\/div><\/div><\/div><\/div><\/div><\/div><\/section>\n","protected":false},"excerpt":{"rendered":"<p>Zrelaksuj si\u0119 i ciesz si\u0119 Puerto de la Cruz, a my zajmiemy si\u0119 Twoim transferem z po\u0142udnia wyspy.<\/p>\n","protected":false},"featured_media":104644,"template":"","meta":{"_acf_changed":false,"_joinchat":[]},"product_brand":[],"product_cat":[316,314],"product_tag":[],"class_list":{"0":"post-104638","1":"product","2":"type-product","3":"status-publish","4":"has-post-thumbnail","6":"product_cat-bez-kategorii","7":"product_cat-wycieczki-na-teneryfe","8":"pa_depart-from-na-poludnie-od-wyspy","10":"first","11":"instock","12":"virtual","13":"sold-individually","14":"purchasable","15":"product-type-booking"},"acf":[],"_links":{"self":[{"href":"https:\/\/thetenerifechannel.com\/pl\/wp-json\/wp\/v2\/product\/104638","targetHints":{"allow":["GET"]}}],"collection":[{"href":"https:\/\/thetenerifechannel.com\/pl\/wp-json\/wp\/v2\/product"}],"about":[{"href":"https:\/\/thetenerifechannel.com\/pl\/wp-json\/wp\/v2\/types\/product"}],"wp:featuredmedia":[{"embeddable":true,"href":"https:\/\/thetenerifechannel.com\/pl\/wp-json\/wp\/v2\/media\/104644"}],"wp:attachment":[{"href":"https:\/\/thetenerifechannel.com\/pl\/wp-json\/wp\/v2\/media?parent=104638"}],"wp:term":[{"taxonomy":"product_brand","embeddable":true,"href":"https:\/\/thetenerifechannel.com\/pl\/wp-json\/wp\/v2\/product_brand?post=104638"},{"taxonomy":"product_cat","embeddable":true,"href":"https:\/\/thetenerifechannel.com\/pl\/wp-json\/wp\/v2\/product_cat?post=104638"},{"taxonomy":"product_tag","embeddable":true,"href":"https:\/\/thetenerifechannel.com\/pl\/wp-json\/wp\/v2\/product_tag?post=104638"}],"curies":[{"name":"wp","href":"https:\/\/api.w.org\/{rel}","templated":true}]}}