{"id":104648,"date":"2025-04-27T15:11:52","date_gmt":"2025-04-27T15:11:52","guid":{"rendered":"https:\/\/thetenerifechannel.com\/excursions\/tuk-tuk-tour\/"},"modified":"2025-04-27T15:11:52","modified_gmt":"2025-04-27T15:11:52","slug":"tuk-tuk-tour","status":"publish","type":"product","link":"https:\/\/thetenerifechannel.com\/pl\/excursions\/tuk-tuk-tour\/","title":{"rendered":"Tuk Tuk Tour"},"content":{"rendered":"<p class=\"\" data-start=\"158\" data-end=\"284\">Wskocz na Tuk Tuk i odkryj to, co najlepsze na po\u0142udniowym wybrze\u017cu Teneryfy dzi\u0119ki naszym wycieczkom z przewodnikiem. Wybierz przygod\u0119, kt\u00f3ra Ci odpowiada: <\/p>\n<ul data-start=\"286\" data-end=\"1000\">\n<li class=\"\" data-start=\"286\" data-end=\"524\">\n<p class=\"\" data-start=\"288\" data-end=\"524\"><strong data-start=\"288\" data-end=\"318\">Costa Adeje Tour (1 godzina):<\/strong><br data-start=\"318\" data-end=\"321\">Odwied\u017a urocze wioski wzd\u0142u\u017c wybrze\u017ca, takie jak La Caleta, Torviscas i Fa\u00f1ab\u00e9. Zobacz najlepsze pla\u017ce, hotele i restauracje, jednocze\u015bnie poznaj\u0105c lokaln\u0105 histori\u0119 i kultur\u0119 Teneryfy od swojego przewodnika. <\/p>\n<\/li>\n<li class=\"\" data-start=\"526\" data-end=\"784\">\n<p class=\"\" data-start=\"528\" data-end=\"784\"><strong data-start=\"528\" data-end=\"561\">Secret Volcano Tour (1 godzina):<\/strong><br data-start=\"561\" data-end=\"564\">Odkryj przysta\u0144 Puerto Col\u00f3n i pomnik przyrody &#8220;Caldera del Rey&#8221;. Podziwiaj widoki na plantacje banan\u00f3w i La Gomer\u0119, s\u0142uchaj\u0105c fascynuj\u0105cych fakt\u00f3w na temat wulkanicznej przesz\u0142o\u015bci Teneryfy i kanaryjskich banan\u00f3w. <\/p>\n<\/li>\n<li class=\"\" data-start=\"786\" data-end=\"1000\">\n<p class=\"\" data-start=\"788\" data-end=\"1000\"><strong data-start=\"788\" data-end=\"816\">Podw\u00f3jna wycieczka (2 godziny):<\/strong><br data-start=\"816\" data-end=\"819\">Najlepsze do\u015bwiadczenie! Po\u0142\u0105cz obie wycieczki w jedn\u0105, aby prze\u017cy\u0107 pe\u0142n\u0105 przygod\u0119 &#8211; wybrze\u017ce, g\u00f3ry, wioski i nie tylko. Obejmuje dodatkowe przystanki i g\u0142\u0119bszy wgl\u0105d w sekrety wyspy.  <\/p>\n<\/li>\n<\/ul>\n<p class=\"\" data-start=\"1002\" data-end=\"1183\">Dost\u0119pne s\u0105 r\u00f3wnie\u017c prywatne wycieczki, kt\u00f3re zapewniaj\u0105 bardziej osobiste i komfortowe wra\u017cenia, idealne dla wi\u0119kszych go\u015bci, os\u00f3b o ograniczonej sprawno\u015bci ruchowej lub je\u015bli wolisz przewodnika m\u00f3wi\u0105cego tylko w Twoim j\u0119zyku.<\/p>\n","protected":false},"excerpt":{"rendered":"<p><span>Ciesz si\u0119 zabawn\u0105 i \u0142atw\u0105 wycieczk\u0105 Tuk Tuk wzd\u0142u\u017c wybrze\u017ca, przez tradycyjne wioski i a\u017c do wulkanicznych krajobraz\u00f3w. Wybierz mi\u0119dzy tras\u0105 przybrze\u017cn\u0105, wulkaniczn\u0105 lub po\u0142\u0105cz obie, aby uzyska\u0107 pe\u0142ne wra\u017cenia! <\/span><\/p>\n","protected":false},"featured_media":47482,"template":"","meta":{"_acf_changed":false,"_joinchat":[]},"product_brand":[],"product_cat":[314],"product_tag":[],"class_list":{"0":"post-104648","1":"product","2":"type-product","3":"status-publish","4":"has-post-thumbnail","6":"product_cat-wycieczki-na-teneryfe","8":"first","9":"instock","10":"virtual","11":"sold-individually","12":"purchasable","13":"product-type-booking"},"acf":[],"_links":{"self":[{"href":"https:\/\/thetenerifechannel.com\/pl\/wp-json\/wp\/v2\/product\/104648","targetHints":{"allow":["GET"]}}],"collection":[{"href":"https:\/\/thetenerifechannel.com\/pl\/wp-json\/wp\/v2\/product"}],"about":[{"href":"https:\/\/thetenerifechannel.com\/pl\/wp-json\/wp\/v2\/types\/product"}],"wp:featuredmedia":[{"embeddable":true,"href":"https:\/\/thetenerifechannel.com\/pl\/wp-json\/wp\/v2\/media\/47482"}],"wp:attachment":[{"href":"https:\/\/thetenerifechannel.com\/pl\/wp-json\/wp\/v2\/media?parent=104648"}],"wp:term":[{"taxonomy":"product_brand","embeddable":true,"href":"https:\/\/thetenerifechannel.com\/pl\/wp-json\/wp\/v2\/product_brand?post=104648"},{"taxonomy":"product_cat","embeddable":true,"href":"https:\/\/thetenerifechannel.com\/pl\/wp-json\/wp\/v2\/product_cat?post=104648"},{"taxonomy":"product_tag","embeddable":true,"href":"https:\/\/thetenerifechannel.com\/pl\/wp-json\/wp\/v2\/product_tag?post=104648"}],"curies":[{"name":"wp","href":"https:\/\/api.w.org\/{rel}","templated":true}]}}